{"id":27739,"date":"2025-04-28T19:54:00","date_gmt":"2025-04-28T17:54:00","guid":{"rendered":"https:\/\/www.juescha.de\/shop\/unkategorisiert\/mini-geldboerse-2\/"},"modified":"2026-01-21T08:49:25","modified_gmt":"2026-01-21T07:49:25","slug":"mini-geldboerse-2","status":"publish","type":"product","link":"https:\/\/www.juescha.de\/de_de\/shop\/mika\/mini-geldboerse-2\/","title":{"rendered":"Mini Geldb\u00f6rse"},"content":{"rendered":"<h1>Mini Geldb\u00f6rse <\/h1>\n<p> Querformat, sechs Einsteckf\u00e4cher, eine G\u00fcrtelschlaufe<br \/>\nDie Mini Geldb\u00f6rse im Querformat in schwarz ist ein kleines und kompaktes Portemonnaie und bietet  Platz f\u00fcr Geldscheine und Kreditkarten. Die Mini Geldb\u00f6rse in schwarz von Mika ist damit eine kleine, aber dennoch praktische und stilvolle Geldb\u00f6rse, die man beispielsweise in der Hosentasche oder Handtasche tragen kann.Die Mini Geldb\u00f6rse wird praktisch einer G\u00fcrtelschlaufe verschlossen und sch\u00fctzt somit den Inhalt sicher vor dem Herausfallen.<\/p>\n","protected":false},"excerpt":{"rendered":"<ul>\n<li>Kompakte Mini-Geldb\u00f6rse im Querformat<\/li>\n<li>Sechs Einsteckf\u00e4cher f\u00fcr Karten &#038; Scheine<\/li>\n<li>Mit praktischer G\u00fcrtelschlaufe verschlie\u00dfbar<\/li>\n<li>Ideal f\u00fcr Hosentasche oder Handtasche<\/li>\n<\/ul>\n","protected":false},"featured_media":10934,"template":"","meta":{"inline_featured_image":false},"product_brand":[],"product_cat":[1654],"product_tag":[],"class_list":{"0":"post-27739","1":"product","2":"type-product","3":"status-publish","4":"has-post-thumbnail","6":"product_cat-mika","8":"first","9":"instock","10":"shipping-taxable","11":"purchasable","12":"product-type-simple"},"_links":{"self":[{"href":"https:\/\/www.juescha.de\/de_de\/wp-json\/wp\/v2\/product\/27739","targetHints":{"allow":["GET"]}}],"collection":[{"href":"https:\/\/www.juescha.de\/de_de\/wp-json\/wp\/v2\/product"}],"about":[{"href":"https:\/\/www.juescha.de\/de_de\/wp-json\/wp\/v2\/types\/product"}],"version-history":[{"count":0,"href":"https:\/\/www.juescha.de\/de_de\/wp-json\/wp\/v2\/product\/27739\/revisions"}],"wp:featuredmedia":[{"embeddable":true,"href":"https:\/\/www.juescha.de\/de_de\/wp-json\/wp\/v2\/media\/10934"}],"wp:attachment":[{"href":"https:\/\/www.juescha.de\/de_de\/wp-json\/wp\/v2\/media?parent=27739"}],"wp:term":[{"taxonomy":"product_brand","embeddable":true,"href":"https:\/\/www.juescha.de\/de_de\/wp-json\/wp\/v2\/product_brand?post=27739"},{"taxonomy":"product_cat","embeddable":true,"href":"https:\/\/www.juescha.de\/de_de\/wp-json\/wp\/v2\/product_cat?post=27739"},{"taxonomy":"product_tag","embeddable":true,"href":"https:\/\/www.juescha.de\/de_de\/wp-json\/wp\/v2\/product_tag?post=27739"}],"curies":[{"name":"wp","href":"https:\/\/api.w.org\/{rel}","templated":true}]}}