{"id":27738,"date":"2025-04-28T19:54:00","date_gmt":"2025-04-28T17:54:00","guid":{"rendered":"https:\/\/www.juescha.de\/shop\/unkategorisiert\/stifteetui-3\/"},"modified":"2026-01-21T08:49:22","modified_gmt":"2026-01-21T07:49:22","slug":"stifteetui-3","status":"publish","type":"product","link":"https:\/\/www.juescha.de\/de_de\/shop\/mika\/stifteetui-3\/","title":{"rendered":"Stifteetui"},"content":{"rendered":"<h1>Stifteetui <\/h1>\n<p>Stiftetui f\u00fcr vier Stifte<br \/>\nDas Stifteetui ist ein edles Stifteetui mit stylischen Details. Es hat eine Gr\u00f6\u00dfe von 16 x 2 x 7 cm und bietet Platz f\u00fcr bis zu vier Stifte. Das Etui hat eine robuste Konstruktion und ist in einem eleganten Braunton gehalten. Es verf\u00fcgt \u00fcber eine Schlaufe der das Etui sicher verschlie\u00dft und es vor Schmutz und Staub sch\u00fctzt.<br \/>\nInsgesamt ist das Mika Stifteetui ein robustes und praktisches Etui, das Platz f\u00fcr Stifte und andere Schreibutensilien bietet und durch sein schlichtes Design und die braune Farbe ein zeitloses Aussehen hat.<\/p>\n","protected":false},"excerpt":{"rendered":"<ul>\n<li>Edles Stifteetui aus Sattelleder<\/li>\n<li>Platz f\u00fcr bis zu vier Stifte<\/li>\n<li>Sicherer Verschluss mit Schlaufe<\/li>\n<li>Kompakt &#038; robust: 16 x 2 x 7 cm<\/li>\n<\/ul>\n","protected":false},"featured_media":10931,"template":"","meta":{"inline_featured_image":false},"product_brand":[],"product_cat":[1654],"product_tag":[],"class_list":{"0":"post-27738","1":"product","2":"type-product","3":"status-publish","4":"has-post-thumbnail","6":"product_cat-mika","8":"first","9":"instock","10":"shipping-taxable","11":"purchasable","12":"product-type-simple"},"_links":{"self":[{"href":"https:\/\/www.juescha.de\/de_de\/wp-json\/wp\/v2\/product\/27738","targetHints":{"allow":["GET"]}}],"collection":[{"href":"https:\/\/www.juescha.de\/de_de\/wp-json\/wp\/v2\/product"}],"about":[{"href":"https:\/\/www.juescha.de\/de_de\/wp-json\/wp\/v2\/types\/product"}],"version-history":[{"count":0,"href":"https:\/\/www.juescha.de\/de_de\/wp-json\/wp\/v2\/product\/27738\/revisions"}],"wp:featuredmedia":[{"embeddable":true,"href":"https:\/\/www.juescha.de\/de_de\/wp-json\/wp\/v2\/media\/10931"}],"wp:attachment":[{"href":"https:\/\/www.juescha.de\/de_de\/wp-json\/wp\/v2\/media?parent=27738"}],"wp:term":[{"taxonomy":"product_brand","embeddable":true,"href":"https:\/\/www.juescha.de\/de_de\/wp-json\/wp\/v2\/product_brand?post=27738"},{"taxonomy":"product_cat","embeddable":true,"href":"https:\/\/www.juescha.de\/de_de\/wp-json\/wp\/v2\/product_cat?post=27738"},{"taxonomy":"product_tag","embeddable":true,"href":"https:\/\/www.juescha.de\/de_de\/wp-json\/wp\/v2\/product_tag?post=27738"}],"curies":[{"name":"wp","href":"https:\/\/api.w.org\/{rel}","templated":true}]}}