{"id":27736,"date":"2025-04-28T19:53:59","date_gmt":"2025-04-28T17:53:59","guid":{"rendered":"https:\/\/www.juescha.de\/shop\/unkategorisiert\/stifteetui\/"},"modified":"2026-01-21T08:49:21","modified_gmt":"2026-01-21T07:49:21","slug":"stifteetui","status":"publish","type":"product","link":"https:\/\/www.juescha.de\/de_de\/shop\/mika\/stifteetui\/","title":{"rendered":"Stifteetui"},"content":{"rendered":"<h1>Stifteetui <\/h1>\n<p>Siftetui f\u00fcr drei Stifte<br \/>\nDas Stifteetui von Mika ist ein Etui zur Aufbewahrung von Stiften, das in brauner Farbe erh\u00e4ltlich ist. Es besteht aus hochwertigem Sattelleder und hat eine glatte Textur. Das Etui hat eine Schlaufe, die das \u00d6ffnen und Schlie\u00dfen erleichtert und den Inhalt sicher aufbewahrt. Das Innere des Stifteetuis ist mit drei Stiftschlaufen ausgestattet, die sicherstellen, dass die Stifte an ihrem Platz bleiben und nicht verrutschen oder herausfallen. Insgesamt ist das Stifteetui von Mika eine gute Wahl f\u00fcr die Aufbewahrung von Stiften und anderen Schreibutensilien zu sein, die praktisch und stilvoll ist.<\/p>\n","protected":false},"excerpt":{"rendered":"<ul>\n<li>Stilvolles Etui aus hochwertigem braunem Sattelleder<\/li>\n<li>Platz f\u00fcr drei Stifte \u2013 ideal f\u00fcr Alltag oder B\u00fcro<\/li>\n<li>Mit Schlaufe zum sicheren Verschlie\u00dfen<\/li>\n<li>Schlanke Form \u2013 passt in jede Tasche<\/li>\n<\/ul>\n","protected":false},"featured_media":10925,"template":"","meta":{"inline_featured_image":false},"product_brand":[],"product_cat":[1654],"product_tag":[],"class_list":{"0":"post-27736","1":"product","2":"type-product","3":"status-publish","4":"has-post-thumbnail","6":"product_cat-mika","8":"first","9":"instock","10":"shipping-taxable","11":"purchasable","12":"product-type-simple"},"_links":{"self":[{"href":"https:\/\/www.juescha.de\/de_de\/wp-json\/wp\/v2\/product\/27736","targetHints":{"allow":["GET"]}}],"collection":[{"href":"https:\/\/www.juescha.de\/de_de\/wp-json\/wp\/v2\/product"}],"about":[{"href":"https:\/\/www.juescha.de\/de_de\/wp-json\/wp\/v2\/types\/product"}],"version-history":[{"count":0,"href":"https:\/\/www.juescha.de\/de_de\/wp-json\/wp\/v2\/product\/27736\/revisions"}],"wp:featuredmedia":[{"embeddable":true,"href":"https:\/\/www.juescha.de\/de_de\/wp-json\/wp\/v2\/media\/10925"}],"wp:attachment":[{"href":"https:\/\/www.juescha.de\/de_de\/wp-json\/wp\/v2\/media?parent=27736"}],"wp:term":[{"taxonomy":"product_brand","embeddable":true,"href":"https:\/\/www.juescha.de\/de_de\/wp-json\/wp\/v2\/product_brand?post=27736"},{"taxonomy":"product_cat","embeddable":true,"href":"https:\/\/www.juescha.de\/de_de\/wp-json\/wp\/v2\/product_cat?post=27736"},{"taxonomy":"product_tag","embeddable":true,"href":"https:\/\/www.juescha.de\/de_de\/wp-json\/wp\/v2\/product_tag?post=27736"}],"curies":[{"name":"wp","href":"https:\/\/api.w.org\/{rel}","templated":true}]}}