{"id":27735,"date":"2025-04-28T19:53:59","date_gmt":"2025-04-28T17:53:59","guid":{"rendered":"https:\/\/www.juescha.de\/shop\/unkategorisiert\/geldboerse-3\/"},"modified":"2026-01-21T08:49:25","modified_gmt":"2026-01-21T07:49:25","slug":"geldboerse-3","status":"publish","type":"product","link":"https:\/\/www.juescha.de\/de_de\/shop\/mika\/geldboerse-3\/","title":{"rendered":"Geldb\u00f6rse"},"content":{"rendered":"<h1>Geldb\u00f6rse <\/h1>\n<p>Querformat, sechs Einsteckf\u00e4cher, zwei G\u00fcrtelschlaufen<br \/>\nDie Gedlb\u00f6rse im Querformat in braun  ist aus hochwertigem Sattel gefertigt und verf\u00fcgt \u00fcber sechs Einsteckf\u00e4cher f\u00fcr Kreditkarten und Scheine.<br \/>\nSie hat ein klassisches und schlichtes Design und ist durch das hochwertige Material langlebig. Durch die praktische Gr\u00f6\u00dfe von ca. 15 x 4 x 9,5 cm kann die Geldb\u00f6rse \u00fcberall praktisch verstaut werden, ohne viel Platz einzunehmen.<\/p>\n","protected":false},"excerpt":{"rendered":"<ul>\n<li>Gefertigt aus robustem braunem Sattelleder<\/li>\n<li>Sechs Einsteckf\u00e4cher f\u00fcr Karten und Scheine<\/li>\n<li>Zwei G\u00fcrtelschlaufen f\u00fcr sicheren Halt<\/li>\n<li>Kompakt: ca. 15 x 4 x 9,5 cm<\/li>\n<\/ul>\n","protected":false},"featured_media":10922,"template":"","meta":{"inline_featured_image":false},"product_brand":[],"product_cat":[1654],"product_tag":[],"class_list":{"0":"post-27735","1":"product","2":"type-product","3":"status-publish","4":"has-post-thumbnail","6":"product_cat-mika","8":"first","9":"instock","10":"shipping-taxable","11":"purchasable","12":"product-type-simple"},"_links":{"self":[{"href":"https:\/\/www.juescha.de\/de_de\/wp-json\/wp\/v2\/product\/27735","targetHints":{"allow":["GET"]}}],"collection":[{"href":"https:\/\/www.juescha.de\/de_de\/wp-json\/wp\/v2\/product"}],"about":[{"href":"https:\/\/www.juescha.de\/de_de\/wp-json\/wp\/v2\/types\/product"}],"version-history":[{"count":0,"href":"https:\/\/www.juescha.de\/de_de\/wp-json\/wp\/v2\/product\/27735\/revisions"}],"wp:featuredmedia":[{"embeddable":true,"href":"https:\/\/www.juescha.de\/de_de\/wp-json\/wp\/v2\/media\/10922"}],"wp:attachment":[{"href":"https:\/\/www.juescha.de\/de_de\/wp-json\/wp\/v2\/media?parent=27735"}],"wp:term":[{"taxonomy":"product_brand","embeddable":true,"href":"https:\/\/www.juescha.de\/de_de\/wp-json\/wp\/v2\/product_brand?post=27735"},{"taxonomy":"product_cat","embeddable":true,"href":"https:\/\/www.juescha.de\/de_de\/wp-json\/wp\/v2\/product_cat?post=27735"},{"taxonomy":"product_tag","embeddable":true,"href":"https:\/\/www.juescha.de\/de_de\/wp-json\/wp\/v2\/product_tag?post=27735"}],"curies":[{"name":"wp","href":"https:\/\/api.w.org\/{rel}","templated":true}]}}