{"id":27734,"date":"2025-04-28T19:53:59","date_gmt":"2025-04-28T17:53:59","guid":{"rendered":"https:\/\/www.juescha.de\/shop\/unkategorisiert\/geldboerse-2\/"},"modified":"2026-01-21T08:49:25","modified_gmt":"2026-01-21T07:49:25","slug":"geldboerse-2","status":"publish","type":"product","link":"https:\/\/www.juescha.de\/de_de\/shop\/mika\/geldboerse-2\/","title":{"rendered":"Geldb\u00f6rse"},"content":{"rendered":"<h1>Geldb\u00f6rse <\/h1>\n<p>Querformat, sechs Einsteckf\u00e4cher, zwei G\u00fcrtelschlaufen<br \/>\nDie Geldb\u00f6rse im Querformat in schwarz ist eine Brieftasche, die horizontal aufklappbar ist und sechs Einsteckf\u00e4cher f\u00fcr Geldscheine enth\u00e4lt. Sie ist aus Sattelleder gefertigt, damit ist sie robust und gew\u00e4hrleistet eine lange Nutzungsdauer. Die Geldb\u00f6rse im Querformat ist eine praktische Wahl f\u00fcr Menschen, die viele Karten und Geldscheine mit sich f\u00fchren m\u00f6chten. Das Design erm\u00f6glicht es, die Geldb\u00f6rse flach in der Hosentasche oder in einer Tasche zu verstauen, ohne zu viel Platz einzunehmen.<\/p>\n","protected":false},"excerpt":{"rendered":"<ul>\n<li>Hochwertiges schwarzes Sattelleder<\/li>\n<li>Sechs Einsteckf\u00e4cher f\u00fcr Geldscheine<\/li>\n<li>Zwei G\u00fcrtelschlaufen auf der R\u00fcckseite<\/li>\n<li>Kompakt &#038; flach im Querformat<\/li>\n<\/ul>\n","protected":false},"featured_media":10922,"template":"","meta":{"inline_featured_image":false},"product_brand":[],"product_cat":[1654],"product_tag":[],"class_list":{"0":"post-27734","1":"product","2":"type-product","3":"status-publish","4":"has-post-thumbnail","6":"product_cat-mika","8":"first","9":"instock","10":"shipping-taxable","11":"purchasable","12":"product-type-simple"},"_links":{"self":[{"href":"https:\/\/www.juescha.de\/de_de\/wp-json\/wp\/v2\/product\/27734","targetHints":{"allow":["GET"]}}],"collection":[{"href":"https:\/\/www.juescha.de\/de_de\/wp-json\/wp\/v2\/product"}],"about":[{"href":"https:\/\/www.juescha.de\/de_de\/wp-json\/wp\/v2\/types\/product"}],"version-history":[{"count":0,"href":"https:\/\/www.juescha.de\/de_de\/wp-json\/wp\/v2\/product\/27734\/revisions"}],"wp:featuredmedia":[{"embeddable":true,"href":"https:\/\/www.juescha.de\/de_de\/wp-json\/wp\/v2\/media\/10922"}],"wp:attachment":[{"href":"https:\/\/www.juescha.de\/de_de\/wp-json\/wp\/v2\/media?parent=27734"}],"wp:term":[{"taxonomy":"product_brand","embeddable":true,"href":"https:\/\/www.juescha.de\/de_de\/wp-json\/wp\/v2\/product_brand?post=27734"},{"taxonomy":"product_cat","embeddable":true,"href":"https:\/\/www.juescha.de\/de_de\/wp-json\/wp\/v2\/product_cat?post=27734"},{"taxonomy":"product_tag","embeddable":true,"href":"https:\/\/www.juescha.de\/de_de\/wp-json\/wp\/v2\/product_tag?post=27734"}],"curies":[{"name":"wp","href":"https:\/\/api.w.org\/{rel}","templated":true}]}}