{"id":27733,"date":"2025-04-28T19:53:58","date_gmt":"2025-04-28T17:53:58","guid":{"rendered":"https:\/\/www.juescha.de\/shop\/unkategorisiert\/aktentasche-reed-2\/"},"modified":"2026-01-21T08:49:25","modified_gmt":"2026-01-21T07:49:25","slug":"aktentasche-reed-2","status":"publish","type":"product","link":"https:\/\/www.juescha.de\/de_de\/shop\/mika\/aktentasche-reed-2\/","title":{"rendered":"Aktentasche REED"},"content":{"rendered":"<h1>Aktentasche REED <\/h1>\n<p>Tragegriff, abnehmbarer und verstellbarer Schultertrageriemen,ein gro\u00dfes Hauptfach, ein aufgen\u00e4htes Einsteckfach, sechs Stiftetaschen, zwei G\u00fcrtelschnallen<br \/>\nDie Aktentasche Reed in dunkelbraun matt von Mika ist eine stilvolle und praktische Wahl f\u00fcr den beruflichen Alltag. Sie ist aus hochwertigem Sattelleder gefertigt und bietet ein ger\u00e4umiges Hauptfach sowie F\u00e4cher f\u00fcr Dokumente, Stifte und andere Utensilien. Die Tasche hat eine rechteckige Form mit abgerundeten Kanten und eine dezente Musterpr\u00e4gung auf der Vorderseite. Sie hat einen verstellbaren Schultergurt und einen Tragegriff an der Oberseite f\u00fcr bequemes Tragen. Die Tasche l\u00e4sst sich sicher verschlie\u00dfen mit zwei G\u00fcrtelschnallen. Die Tasche ist circa 42 x 10 x 28 cm gro\u00df und ist somit eine praktische Wahl f\u00fcr jeden, der eine hochwertige Aktentasche ben\u00f6tigt.<\/p>\n","protected":false},"excerpt":{"rendered":"<ul>\n<li>Robustes Sattelleder in Dunkelbraun<\/li>\n<li>Gro\u00dfes Hauptfach &#038; Einsteckfach<\/li>\n<li>6 Stifteschlaufen f\u00fcr Ordnung<\/li>\n<li>Tragegriff &#038; verstellbarer Schultergurt<\/li>\n<\/ul>\n","protected":false},"featured_media":10913,"template":"","meta":{"inline_featured_image":false},"product_brand":[],"product_cat":[1654],"product_tag":[],"class_list":{"0":"post-27733","1":"product","2":"type-product","3":"status-publish","4":"has-post-thumbnail","6":"product_cat-mika","8":"first","9":"instock","10":"shipping-taxable","11":"purchasable","12":"product-type-simple"},"_links":{"self":[{"href":"https:\/\/www.juescha.de\/de_de\/wp-json\/wp\/v2\/product\/27733","targetHints":{"allow":["GET"]}}],"collection":[{"href":"https:\/\/www.juescha.de\/de_de\/wp-json\/wp\/v2\/product"}],"about":[{"href":"https:\/\/www.juescha.de\/de_de\/wp-json\/wp\/v2\/types\/product"}],"version-history":[{"count":0,"href":"https:\/\/www.juescha.de\/de_de\/wp-json\/wp\/v2\/product\/27733\/revisions"}],"wp:featuredmedia":[{"embeddable":true,"href":"https:\/\/www.juescha.de\/de_de\/wp-json\/wp\/v2\/media\/10913"}],"wp:attachment":[{"href":"https:\/\/www.juescha.de\/de_de\/wp-json\/wp\/v2\/media?parent=27733"}],"wp:term":[{"taxonomy":"product_brand","embeddable":true,"href":"https:\/\/www.juescha.de\/de_de\/wp-json\/wp\/v2\/product_brand?post=27733"},{"taxonomy":"product_cat","embeddable":true,"href":"https:\/\/www.juescha.de\/de_de\/wp-json\/wp\/v2\/product_cat?post=27733"},{"taxonomy":"product_tag","embeddable":true,"href":"https:\/\/www.juescha.de\/de_de\/wp-json\/wp\/v2\/product_tag?post=27733"}],"curies":[{"name":"wp","href":"https:\/\/api.w.org\/{rel}","templated":true}]}}