{"id":27732,"date":"2025-04-28T19:53:58","date_gmt":"2025-04-28T17:53:58","guid":{"rendered":"https:\/\/www.juescha.de\/shop\/unkategorisiert\/aktentasche-reed\/"},"modified":"2026-01-21T08:49:25","modified_gmt":"2026-01-21T07:49:25","slug":"aktentasche-reed","status":"publish","type":"product","link":"https:\/\/www.juescha.de\/de_de\/shop\/mika\/aktentasche-reed\/","title":{"rendered":"Aktentasche REED"},"content":{"rendered":"<h1>Aktentasche REED <\/h1>\n<p>Tragegriff, abnehmbarer und verstellbarer Schultertrageriemen,ein gro\u00dfes Hauptfach, ein aufgen\u00e4htes Einsteckfach, sechs Stiftetaschen, zwei G\u00fcrtelschnallen<br \/>\nDie Reed Aktentasche von Mika ist eine elegante und praktische Tasche, die f\u00fcr den t\u00e4glichen Gebrauch im B\u00fcro oder auf Reisen geeignet ist. Die Tasche ist in einem sch\u00f6nen Braunton gehalten und besteht aus hochwertigem Sattelleder, das robust und strapazierf\u00e4hig ist. Die Tasche hat eine Gr\u00f6\u00dfe von 42 x 10 x 28 cm und bietet ausreichend Platz f\u00fcr Dokumente, B\u00fccher, ein Tablet, ein Handy und andere pers\u00f6nliche Gegenst\u00e4nde. Das Hauptfach erm\u00f6glicht eine einfache Organisation. Die Aktentasche besitzt au\u00dferdem eine Vordertasche sowie einen Tragegriff. Zus\u00e4tzlich gibt es einen Schultergurt, der individuell auf die Gr\u00f6\u00dfe angepasst werden kann. Die Reed Aktentasche von Mika ist eine stilvolle und praktische Wahl f\u00fcr jeden, der eine hochwertige Aktentasche f\u00fcr den t\u00e4glichen Gebrauch ben\u00f6tigt.<\/p>\n","protected":false},"excerpt":{"rendered":"<ul>\n<li>Hochwertiges Sattelleder in Braun<\/li>\n<li>Ger\u00e4umiges Hauptfach mit Organisationstaschen<\/li>\n<li>Sechs Stiftetaschen &#038; Einsteckfach<\/li>\n<li>Verstellbarer Schultergurt &#038; G\u00fcrtelschnallen-Verschluss<\/li>\n<\/ul>\n","protected":false},"featured_media":10917,"template":"","meta":{"inline_featured_image":false},"product_brand":[],"product_cat":[1654],"product_tag":[],"class_list":{"0":"post-27732","1":"product","2":"type-product","3":"status-publish","4":"has-post-thumbnail","6":"product_cat-mika","8":"first","9":"instock","10":"shipping-taxable","11":"purchasable","12":"product-type-simple"},"_links":{"self":[{"href":"https:\/\/www.juescha.de\/de_de\/wp-json\/wp\/v2\/product\/27732","targetHints":{"allow":["GET"]}}],"collection":[{"href":"https:\/\/www.juescha.de\/de_de\/wp-json\/wp\/v2\/product"}],"about":[{"href":"https:\/\/www.juescha.de\/de_de\/wp-json\/wp\/v2\/types\/product"}],"version-history":[{"count":0,"href":"https:\/\/www.juescha.de\/de_de\/wp-json\/wp\/v2\/product\/27732\/revisions"}],"wp:featuredmedia":[{"embeddable":true,"href":"https:\/\/www.juescha.de\/de_de\/wp-json\/wp\/v2\/media\/10917"}],"wp:attachment":[{"href":"https:\/\/www.juescha.de\/de_de\/wp-json\/wp\/v2\/media?parent=27732"}],"wp:term":[{"taxonomy":"product_brand","embeddable":true,"href":"https:\/\/www.juescha.de\/de_de\/wp-json\/wp\/v2\/product_brand?post=27732"},{"taxonomy":"product_cat","embeddable":true,"href":"https:\/\/www.juescha.de\/de_de\/wp-json\/wp\/v2\/product_cat?post=27732"},{"taxonomy":"product_tag","embeddable":true,"href":"https:\/\/www.juescha.de\/de_de\/wp-json\/wp\/v2\/product_tag?post=27732"}],"curies":[{"name":"wp","href":"https:\/\/api.w.org\/{rel}","templated":true}]}}