{"id":27731,"date":"2025-04-28T19:53:58","date_gmt":"2025-04-28T17:53:58","guid":{"rendered":"https:\/\/www.juescha.de\/shop\/unkategorisiert\/schultertasche-scotty\/"},"modified":"2026-01-21T08:49:19","modified_gmt":"2026-01-21T07:49:19","slug":"schultertasche-scotty","status":"publish","type":"product","link":"https:\/\/www.juescha.de\/de_de\/shop\/mika\/schultertasche-scotty\/","title":{"rendered":"Schultertasche SCOTTY"},"content":{"rendered":"<h1>Schultertasche SCOTTY <\/h1>\n<p>G\u00fcrtelschnalle, abnehmbarer und verstellbarer Schultergurt, Rei\u00dfverschlussfach, zwei aufgesetzte Fronttaschen, zwei Hauptf\u00e4cher, zwei Einstecktaschen, zwei Stiftschlaufen, Rei\u00dfverschlussfach auf der R\u00fcckseite<br \/>\nDie Schultertasche Scotty in Schwarz von Mika ist ein stilvolles Accessoire, das aus hochwertigem Sattelleder gefertigt wurde. Die Tasche hat eine rechteckige Form mit abgerundeten Kanten und eine Gr\u00f6\u00dfe von etwa 40 x 18 x 28 cm. Sie bietet genug Platz f\u00fcr die wichtigsten Utensilien wie Geldbeutel, Handy, Schl\u00fcssel und Notizbuch. Das Design ist schlicht und elegant und verf\u00fcgt \u00fcber einen verstellbaren Schultergurt, der f\u00fcr einen bequemen Tragekomfort sorgt. Die Tasche verf\u00fcgt \u00fcber eine Haupttasche und einer zus\u00e4tzlichen kleinen Tasche auf der Vorderseite f\u00fcr kleine Gegenst\u00e4nde. Die Verarbeitung ist hochwertig und die N\u00e4hte sind pr\u00e4zise gearbeitet. Die Farbe Schwarz verleiht der Tasche ein zeitloses und klassisches Aussehen, das zu verschiedenen Outfits passt.<\/p>\n","protected":false},"excerpt":{"rendered":"<ul>\n<li>Echtes Sattelleder in Schwarz<\/li>\n<li>Zwei Hauptf\u00e4cher &#038; Fronttaschen<\/li>\n<li>Rei\u00dfverschluss- &#038; Einsteckf\u00e4cher<\/li>\n<li>Verstellbarer Schultergurt<\/li>\n<\/ul>\n","protected":false},"featured_media":10919,"template":"","meta":{"inline_featured_image":false},"product_brand":[],"product_cat":[1654],"product_tag":[],"class_list":{"0":"post-27731","1":"product","2":"type-product","3":"status-publish","4":"has-post-thumbnail","6":"product_cat-mika","8":"first","9":"instock","10":"shipping-taxable","11":"purchasable","12":"product-type-simple"},"_links":{"self":[{"href":"https:\/\/www.juescha.de\/de_de\/wp-json\/wp\/v2\/product\/27731","targetHints":{"allow":["GET"]}}],"collection":[{"href":"https:\/\/www.juescha.de\/de_de\/wp-json\/wp\/v2\/product"}],"about":[{"href":"https:\/\/www.juescha.de\/de_de\/wp-json\/wp\/v2\/types\/product"}],"version-history":[{"count":0,"href":"https:\/\/www.juescha.de\/de_de\/wp-json\/wp\/v2\/product\/27731\/revisions"}],"wp:featuredmedia":[{"embeddable":true,"href":"https:\/\/www.juescha.de\/de_de\/wp-json\/wp\/v2\/media\/10919"}],"wp:attachment":[{"href":"https:\/\/www.juescha.de\/de_de\/wp-json\/wp\/v2\/media?parent=27731"}],"wp:term":[{"taxonomy":"product_brand","embeddable":true,"href":"https:\/\/www.juescha.de\/de_de\/wp-json\/wp\/v2\/product_brand?post=27731"},{"taxonomy":"product_cat","embeddable":true,"href":"https:\/\/www.juescha.de\/de_de\/wp-json\/wp\/v2\/product_cat?post=27731"},{"taxonomy":"product_tag","embeddable":true,"href":"https:\/\/www.juescha.de\/de_de\/wp-json\/wp\/v2\/product_tag?post=27731"}],"curies":[{"name":"wp","href":"https:\/\/api.w.org\/{rel}","templated":true}]}}