{"id":27729,"date":"2025-04-28T19:53:57","date_gmt":"2025-04-28T17:53:57","guid":{"rendered":"https:\/\/www.juescha.de\/shop\/unkategorisiert\/aktentasche-robbert\/"},"modified":"2026-01-21T08:49:25","modified_gmt":"2026-01-21T07:49:25","slug":"aktentasche-robbert","status":"publish","type":"product","link":"https:\/\/www.juescha.de\/de_de\/shop\/mika\/aktentasche-robbert\/","title":{"rendered":"Aktentasche ROBBERT"},"content":{"rendered":"<h1>Aktentasche ROBBERT <\/h1>\n<p>Tragegriff, abnehmbarer und verstellbarer Schultertrageriemen, zwei Verschl\u00fcsse, zwei aufgesetzte Fronttaschen, ein Hauptfach<br \/>\nDie Aktentasche Robbert von Mika ist eine elegante und zeitlose Tasche, die aus hochwertigem Sattelleder gefertigt ist. Die Farbe des Sattelleders ist ein warmes Braun, das der Tasche einen klassischen und raffinierten Look verleiht. Die Tasche verf\u00fcgt \u00fcber eine gro\u00dfe, ger\u00e4umige Haupttasche, die gen\u00fcgend Platz f\u00fcr alle wichtigen Dokumente und Utensilien bietet. Zus\u00e4tzlich gibt es mehrere kleine Innenf\u00e4cher, die f\u00fcr eine organisierte Aufbewahrung von Kleinteilen sorgen. Die Tasche wird mit einem verstellbaren und abnehmbaren Schultergurt geliefert, der f\u00fcr einen angenehmen Tragekomfort sorgt und sich individuell anpassen l\u00e4sst. Dar\u00fcber hinaus gibt es an der Tasche einen kurzen Griff, der eine flexible Handhabung erm\u00f6glicht. Insgesamt scheint die Aktentasche Robbert von Mika eine ausgezeichnete Wahl f\u00fcr alle zu sein, die eine hochwertige, langlebige und stilvolle Tasche suchen, um ihre wichtigen Dokumente und Utensilien sicher und bequem zu transportieren.<\/p>\n","protected":false},"excerpt":{"rendered":"<ul>\n<li>Edles Sattelleder in klassischem Braun<\/li>\n<li>Ger\u00e4umiges Hauptfach &#038; praktische Innenf\u00e4cher<\/li>\n<li>Zwei Fronttaschen f\u00fcr schnellen Zugriff<\/li>\n<li>Tragegriff &#038; abnehmbarer Schulterriemen<\/li>\n<\/ul>\n","protected":false},"featured_media":10913,"template":"","meta":{"inline_featured_image":false},"product_brand":[],"product_cat":[1654],"product_tag":[],"class_list":{"0":"post-27729","1":"product","2":"type-product","3":"status-publish","4":"has-post-thumbnail","6":"product_cat-mika","8":"first","9":"instock","10":"shipping-taxable","11":"purchasable","12":"product-type-simple"},"_links":{"self":[{"href":"https:\/\/www.juescha.de\/de_de\/wp-json\/wp\/v2\/product\/27729","targetHints":{"allow":["GET"]}}],"collection":[{"href":"https:\/\/www.juescha.de\/de_de\/wp-json\/wp\/v2\/product"}],"about":[{"href":"https:\/\/www.juescha.de\/de_de\/wp-json\/wp\/v2\/types\/product"}],"version-history":[{"count":0,"href":"https:\/\/www.juescha.de\/de_de\/wp-json\/wp\/v2\/product\/27729\/revisions"}],"wp:featuredmedia":[{"embeddable":true,"href":"https:\/\/www.juescha.de\/de_de\/wp-json\/wp\/v2\/media\/10913"}],"wp:attachment":[{"href":"https:\/\/www.juescha.de\/de_de\/wp-json\/wp\/v2\/media?parent=27729"}],"wp:term":[{"taxonomy":"product_brand","embeddable":true,"href":"https:\/\/www.juescha.de\/de_de\/wp-json\/wp\/v2\/product_brand?post=27729"},{"taxonomy":"product_cat","embeddable":true,"href":"https:\/\/www.juescha.de\/de_de\/wp-json\/wp\/v2\/product_cat?post=27729"},{"taxonomy":"product_tag","embeddable":true,"href":"https:\/\/www.juescha.de\/de_de\/wp-json\/wp\/v2\/product_tag?post=27729"}],"curies":[{"name":"wp","href":"https:\/\/api.w.org\/{rel}","templated":true}]}}