{"id":27728,"date":"2025-04-28T19:53:56","date_gmt":"2025-04-28T17:53:56","guid":{"rendered":"https:\/\/www.juescha.de\/shop\/unkategorisiert\/kreditkartenboerse-rfid\/"},"modified":"2026-01-21T08:48:35","modified_gmt":"2026-01-21T07:48:35","slug":"kreditkartenboerse-rfid","status":"publish","type":"product","link":"https:\/\/www.juescha.de\/de_de\/shop\/pride-and-soul\/kreditkartenboerse-rfid\/","title":{"rendered":"Kreditkartenb\u00f6rse RFID"},"content":{"rendered":"<h1>Kreditkartenb\u00f6rse RFID<\/h1>\n<p>eingearbeitete RFID Folie, Hochformat , drei Kartenf\u00e4cher, Kartenfach mit Zugband , zwei Einschubf\u00e4cher,  Scheinfach<br \/>\nDie Kreditkartenb\u00f6rse RFID in Grau von Pride and Soul ist eine hochwertige Brieftasche, die speziell f\u00fcr den Schutz vor unbefugtem Zugriff auf sensible Daten auf Kreditkarten und anderen kontaktlosen Zahlungskarten ausgelegt ist. Die Brieftasche ist aus echtem Leder gefertigt und hat eine elegante graue Farbe. Die RFID-Technologie in der Brieftasche sch\u00fctzt Ihre Karten vor unerlaubtem Scannen oder Lesen durch Dritte, indem sie ein Signal blockiert, das verwendet wird, um Karteninformationen auszulesen. Die Brieftasche verf\u00fcgt \u00fcber ein separates Fach f\u00fcr Geldscheine und hat dar\u00fcber hinaus zwei Einschubf\u00e4cher. Die Kreditkartenb\u00f6rse eine Gr\u00f6\u00dfe von 11 x 8,5 x 2 cm und ist somit kompakt und leicht genug, um in einer Hosentasche getragen zu werden. Die Brieftasche ist sehr robust und langlebig und h\u00e4lt auch bei regelm\u00e4\u00dfiger Nutzung lange. Die Brieftasche ist ein stilvolles Accessoire f\u00fcr Personen, die sich um die Sicherheit ihrer sensiblen Daten sorgen.<\/p>\n","protected":false},"excerpt":{"rendered":"<ul>\n<li>RFID-Schutz gegen Datenklau<\/li>\n<li>Drei Kartenf\u00e4cher &#038; Zugbandfach<\/li>\n<li>Zwei Einschubf\u00e4cher &#038; Scheinfach<\/li>\n<li>Echtes Leder im kompakten Format<\/li>\n<\/ul>\n","protected":false},"featured_media":10911,"template":"","meta":{"inline_featured_image":false},"product_brand":[],"product_cat":[1653],"product_tag":[],"class_list":{"0":"post-27728","1":"product","2":"type-product","3":"status-publish","4":"has-post-thumbnail","6":"product_cat-pride-and-soul","8":"first","9":"instock","10":"shipping-taxable","11":"purchasable","12":"product-type-simple"},"_links":{"self":[{"href":"https:\/\/www.juescha.de\/de_de\/wp-json\/wp\/v2\/product\/27728","targetHints":{"allow":["GET"]}}],"collection":[{"href":"https:\/\/www.juescha.de\/de_de\/wp-json\/wp\/v2\/product"}],"about":[{"href":"https:\/\/www.juescha.de\/de_de\/wp-json\/wp\/v2\/types\/product"}],"version-history":[{"count":0,"href":"https:\/\/www.juescha.de\/de_de\/wp-json\/wp\/v2\/product\/27728\/revisions"}],"wp:featuredmedia":[{"embeddable":true,"href":"https:\/\/www.juescha.de\/de_de\/wp-json\/wp\/v2\/media\/10911"}],"wp:attachment":[{"href":"https:\/\/www.juescha.de\/de_de\/wp-json\/wp\/v2\/media?parent=27728"}],"wp:term":[{"taxonomy":"product_brand","embeddable":true,"href":"https:\/\/www.juescha.de\/de_de\/wp-json\/wp\/v2\/product_brand?post=27728"},{"taxonomy":"product_cat","embeddable":true,"href":"https:\/\/www.juescha.de\/de_de\/wp-json\/wp\/v2\/product_cat?post=27728"},{"taxonomy":"product_tag","embeddable":true,"href":"https:\/\/www.juescha.de\/de_de\/wp-json\/wp\/v2\/product_tag?post=27728"}],"curies":[{"name":"wp","href":"https:\/\/api.w.org\/{rel}","templated":true}]}}