{"id":27727,"date":"2025-04-28T19:53:55","date_gmt":"2025-04-28T17:53:55","guid":{"rendered":"https:\/\/www.juescha.de\/shop\/unkategorisiert\/kreditkartenboerse-mit-muenzfach-und-rfid\/"},"modified":"2026-01-21T08:48:35","modified_gmt":"2026-01-21T07:48:35","slug":"kreditkartenboerse-mit-muenzfach-und-rfid","status":"publish","type":"product","link":"https:\/\/www.juescha.de\/de_de\/shop\/pride-and-soul\/kreditkartenboerse-mit-muenzfach-und-rfid\/","title":{"rendered":"Kreditkartenb\u00f6rse mit M\u00fcnzfach und RFID"},"content":{"rendered":"<h1>Kreditkartenb\u00f6rse mit M\u00fcnzfach und RFID<\/h1>\n<p>eingearbeitete RFID Folie, Hochformat , drei Kartenf\u00e4cher, Kartenfach mit Zugband , zwei Einschubf\u00e4cher,  Scheinfach,  M\u00fcnzfachDie Kreditkartenb\u00f6rse mit M\u00fcnzfach und RFID in grau von Pride and Soul ist ein stilvolles und praktisches Accessoire f\u00fcr den t\u00e4glichen Gebrauch. Diese B\u00f6rse ist aus hochwertigem Leder gefertigt und verf\u00fcgt \u00fcber ein ger\u00e4umiges Hauptfach f\u00fcr Geldscheine, ein M\u00fcnzfach mit Druckknopfverschluss sowie mehrere Kartenf\u00e4cher mit RFID-Schutz. Die B\u00f6rse hat eine Gr\u00f6\u00dfe von 11 x 8,5 x 1 cm. Sie ist in einem eleganten Grauton gehalten und mit einer dezenten Pr\u00e4gung auf der Vorderseite versehen. Der RFID-Schutz der Kartenf\u00e4cher ist besonders wichtig und sorgt f\u00fcr ein zus\u00e4tzliches Sicherheitsgef\u00fchl im Alltag.<\/p>\n","protected":false},"excerpt":{"rendered":"<ul>\n<li>RFID-Schutz f\u00fcr Karten<\/li>\n<li>M\u00fcnzfach mit Druckknopf<\/li>\n<li>Kartenfach mit Zugband<\/li>\n<li>Echtes Leder in elegantem Grau<\/li>\n<\/ul>\n","protected":false},"featured_media":10908,"template":"","meta":{"inline_featured_image":false},"product_brand":[],"product_cat":[1653],"product_tag":[],"class_list":{"0":"post-27727","1":"product","2":"type-product","3":"status-publish","4":"has-post-thumbnail","6":"product_cat-pride-and-soul","8":"first","9":"instock","10":"shipping-taxable","11":"purchasable","12":"product-type-simple"},"_links":{"self":[{"href":"https:\/\/www.juescha.de\/de_de\/wp-json\/wp\/v2\/product\/27727","targetHints":{"allow":["GET"]}}],"collection":[{"href":"https:\/\/www.juescha.de\/de_de\/wp-json\/wp\/v2\/product"}],"about":[{"href":"https:\/\/www.juescha.de\/de_de\/wp-json\/wp\/v2\/types\/product"}],"version-history":[{"count":0,"href":"https:\/\/www.juescha.de\/de_de\/wp-json\/wp\/v2\/product\/27727\/revisions"}],"wp:featuredmedia":[{"embeddable":true,"href":"https:\/\/www.juescha.de\/de_de\/wp-json\/wp\/v2\/media\/10908"}],"wp:attachment":[{"href":"https:\/\/www.juescha.de\/de_de\/wp-json\/wp\/v2\/media?parent=27727"}],"wp:term":[{"taxonomy":"product_brand","embeddable":true,"href":"https:\/\/www.juescha.de\/de_de\/wp-json\/wp\/v2\/product_brand?post=27727"},{"taxonomy":"product_cat","embeddable":true,"href":"https:\/\/www.juescha.de\/de_de\/wp-json\/wp\/v2\/product_cat?post=27727"},{"taxonomy":"product_tag","embeddable":true,"href":"https:\/\/www.juescha.de\/de_de\/wp-json\/wp\/v2\/product_tag?post=27727"}],"curies":[{"name":"wp","href":"https:\/\/api.w.org\/{rel}","templated":true}]}}