{"id":27725,"date":"2025-04-28T19:53:54","date_gmt":"2025-04-28T17:53:54","guid":{"rendered":"https:\/\/www.juescha.de\/shop\/unkategorisiert\/kartenetui-rfid\/"},"modified":"2026-01-21T08:48:35","modified_gmt":"2026-01-21T07:48:35","slug":"kartenetui-rfid","status":"publish","type":"product","link":"https:\/\/www.juescha.de\/de_de\/shop\/pride-and-soul\/kartenetui-rfid\/","title":{"rendered":"Kartenetui RFID"},"content":{"rendered":"<h1>Kartenetui RFID<\/h1>\n<p>eingearbeitete RFID Folie, Hochformat , zwei Kartenf\u00e4cher, Kartenfach mit ZugbandDas Kartenetui RFID in Grau von Pride and Soul ist ein stilvolles und praktisches Accessoire f\u00fcr jeden, der seine Kreditkarten und andere wichtige Karten sicher aufbewahren m\u00f6chte. Das Etui besteht aus hochwertigem Leder und ist mit einer speziellen RFID-Blockierung ausgestattet, die die darin enthaltenen Karten vor unerlaubtem Zugriff durch Funkwellen sch\u00fctzt. Das Etui verf\u00fcgt \u00fcber zwei F\u00e4cher f\u00fcr Kreditkarten, Ausweise und andere Karten, sowie einem Kartenfach mit Zugband. Das schlanke Design des Etuis erm\u00f6glicht es, es bequem in der Hosentasche oder in einer Handtasche mitzuf\u00fchren.<\/p>\n","protected":false},"excerpt":{"rendered":"<ul>\n<li>Schlankes Kartenetui mit RFID-Schutz<\/li>\n<li>Zwei Kartenf\u00e4cher plus Zugbandfach<\/li>\n<li>Aus hochwertigem, grauem Leder<\/li>\n<li>Kompakt und ideal f\u00fcr unterwegs<\/li>\n<\/ul>\n","protected":false},"featured_media":10903,"template":"","meta":{"inline_featured_image":false},"product_brand":[],"product_cat":[1653],"product_tag":[],"class_list":{"0":"post-27725","1":"product","2":"type-product","3":"status-publish","4":"has-post-thumbnail","6":"product_cat-pride-and-soul","8":"first","9":"instock","10":"shipping-taxable","11":"purchasable","12":"product-type-simple"},"_links":{"self":[{"href":"https:\/\/www.juescha.de\/de_de\/wp-json\/wp\/v2\/product\/27725","targetHints":{"allow":["GET"]}}],"collection":[{"href":"https:\/\/www.juescha.de\/de_de\/wp-json\/wp\/v2\/product"}],"about":[{"href":"https:\/\/www.juescha.de\/de_de\/wp-json\/wp\/v2\/types\/product"}],"version-history":[{"count":0,"href":"https:\/\/www.juescha.de\/de_de\/wp-json\/wp\/v2\/product\/27725\/revisions"}],"wp:featuredmedia":[{"embeddable":true,"href":"https:\/\/www.juescha.de\/de_de\/wp-json\/wp\/v2\/media\/10903"}],"wp:attachment":[{"href":"https:\/\/www.juescha.de\/de_de\/wp-json\/wp\/v2\/media?parent=27725"}],"wp:term":[{"taxonomy":"product_brand","embeddable":true,"href":"https:\/\/www.juescha.de\/de_de\/wp-json\/wp\/v2\/product_brand?post=27725"},{"taxonomy":"product_cat","embeddable":true,"href":"https:\/\/www.juescha.de\/de_de\/wp-json\/wp\/v2\/product_cat?post=27725"},{"taxonomy":"product_tag","embeddable":true,"href":"https:\/\/www.juescha.de\/de_de\/wp-json\/wp\/v2\/product_tag?post=27725"}],"curies":[{"name":"wp","href":"https:\/\/api.w.org\/{rel}","templated":true}]}}