{"id":27718,"date":"2025-04-28T19:53:53","date_gmt":"2025-04-28T17:53:53","guid":{"rendered":"https:\/\/www.juescha.de\/shop\/unkategorisiert\/weekender-all-night\/"},"modified":"2026-01-21T08:48:34","modified_gmt":"2026-01-21T07:48:34","slug":"weekender-all-night","status":"publish","type":"product","link":"https:\/\/www.juescha.de\/de_de\/shop\/pride-and-soul\/weekender-all-night\/","title":{"rendered":"Weekender ALL NIGHT"},"content":{"rendered":"<h1>Weekender ALL NIGHT<\/h1>\n<p>Rei\u00dfverschlusshauptfach, Rei\u00dfverschlussinnentasche, Handytasche innen, Einstecktasche innen, Rei\u00dfverschlussvortasche, Rei\u00dfverschlussfach auf der R\u00fcckseite, abnehmbarer und verstellbarer Schultergurt, Tragegriff.<br \/>\nDer Weekender All Night in Schwarz von Pride and Soul ist eine stilvolle Reisetasche, die f\u00fcr \u00dcbernachtungen und Wochenendausfl\u00fcge geeignet ist. Sie ist aus hochwertigem, robustem Canvas-Lederimitat-Mix gefertigt und hat eine sch\u00f6ne schwarze Farbe. Die Tasche ist ger\u00e4umig und bietet viel Platz f\u00fcr Kleidung, Schuhe und andere pers\u00f6nliche Gegenst\u00e4nde. Die Abmessungen der Tasche betragen ca. 44 x 46 x 21 cm, was sie zu einer kompakten und dennoch ger\u00e4umigen Option f\u00fcr Wochenendreisen macht. Die Tasche verf\u00fcgt \u00fcber ein Hauptfach mit einem Rei\u00dfverschluss, der die Tasche sicher verschlie\u00dft. Dar\u00fcber hinaus gibt es auf der R\u00fcckseite der Tasche ein zus\u00e4tzliches Rei\u00dfverschlussfach, das weiteren Stauraum bietet. Der Weekender All Night ist auch mit einem abnehmbaren Schultergurt ausgestattet, der ein bequemes Tragen der Tasche erm\u00f6glicht. Alternativ kann die Tasche auch an den zwei kurzen Henkeln getragen werden. Die Tasche hat ein klassisches, zeitloses Design und eignet sich daher f\u00fcr eine Vielzahl von Anl\u00e4ssen, von gesch\u00e4ftlichen Reisen bis hin zu Wochenendausfl\u00fcgen.<\/p>\n","protected":false},"excerpt":{"rendered":"<ul>\n<li>Ger\u00e4umiger Weekender aus Canvas-Lederimitat-Mix<\/li>\n<li>Hauptfach mit Rei\u00dfverschluss, Innen- &#038; Au\u00dfenf\u00e4cher<\/li>\n<li>Abnehmbarer, verstellbarer Schultergurt &#038; Tragegriffe<\/li>\n<li>Ideal f\u00fcr Wochenendtrips &#038; Kurzreisen<\/li>\n<\/ul>\n","protected":false},"featured_media":10873,"template":"","meta":{"inline_featured_image":false},"product_brand":[],"product_cat":[1653],"product_tag":[],"class_list":{"0":"post-27718","1":"product","2":"type-product","3":"status-publish","4":"has-post-thumbnail","6":"product_cat-pride-and-soul","8":"first","9":"instock","10":"shipping-taxable","11":"purchasable","12":"product-type-simple"},"_links":{"self":[{"href":"https:\/\/www.juescha.de\/de_de\/wp-json\/wp\/v2\/product\/27718","targetHints":{"allow":["GET"]}}],"collection":[{"href":"https:\/\/www.juescha.de\/de_de\/wp-json\/wp\/v2\/product"}],"about":[{"href":"https:\/\/www.juescha.de\/de_de\/wp-json\/wp\/v2\/types\/product"}],"version-history":[{"count":0,"href":"https:\/\/www.juescha.de\/de_de\/wp-json\/wp\/v2\/product\/27718\/revisions"}],"wp:featuredmedia":[{"embeddable":true,"href":"https:\/\/www.juescha.de\/de_de\/wp-json\/wp\/v2\/media\/10873"}],"wp:attachment":[{"href":"https:\/\/www.juescha.de\/de_de\/wp-json\/wp\/v2\/media?parent=27718"}],"wp:term":[{"taxonomy":"product_brand","embeddable":true,"href":"https:\/\/www.juescha.de\/de_de\/wp-json\/wp\/v2\/product_brand?post=27718"},{"taxonomy":"product_cat","embeddable":true,"href":"https:\/\/www.juescha.de\/de_de\/wp-json\/wp\/v2\/product_cat?post=27718"},{"taxonomy":"product_tag","embeddable":true,"href":"https:\/\/www.juescha.de\/de_de\/wp-json\/wp\/v2\/product_tag?post=27718"}],"curies":[{"name":"wp","href":"https:\/\/api.w.org\/{rel}","templated":true}]}}