{"id":27716,"date":"2025-04-28T19:53:52","date_gmt":"2025-04-28T17:53:52","guid":{"rendered":"https:\/\/www.juescha.de\/shop\/unkategorisiert\/rucksack-sensation\/"},"modified":"2026-01-21T08:48:34","modified_gmt":"2026-01-21T07:48:34","slug":"rucksack-sensation","status":"publish","type":"product","link":"https:\/\/www.juescha.de\/de_de\/shop\/pride-and-soul\/rucksack-sensation\/","title":{"rendered":"Rucksack SENSATION"},"content":{"rendered":"<h1>Rucksack SENSATION<\/h1>\n<p>Tragegriff, gro\u00dfes Hauptfach, Rei\u00dfverschlussvorfach, gepolsteter R\u00fccken und Schultergurt. Innen: Zwei Einsteckf\u00e4chern, Laptopfach.<br \/>\nDer Rucksack Sensation in grau-braun von Pride and Soul ist ein hochwertiger und stilvoller Rucksack, der aus robustem und strapazierf\u00e4higem Canvas-Lederimitat- Mix hergestellt ist. Er ist mit vielen praktischen Taschen und F\u00e4chern ausgestattet, die ausreichend Platz f\u00fcr all deine wichtigen Gegenst\u00e4nde bieten. Der Rucksack verf\u00fcgt \u00fcber ein gro\u00dfes Hauptfach mit einem  Laptop-Fach, das f\u00fcr Laptops bis zu 15 Zoll geeignet ist. Es gibt auch eine zus\u00e4tzliche Tasche an der Vorderseite des Rucksacks, die sich ideal f\u00fcr kleinere Gegenst\u00e4nde wie Schl\u00fcssel, Geldb\u00f6rsen oder Mobiltelefone eignet. Der Rucksack ist sehr bequem zu tragen und verf\u00fcgt \u00fcber gepolsterte Schultergurte und ein gepolstertes R\u00fcckenteil, um eine gute Bel\u00fcftung und Komfort zu gew\u00e4hrleisten. Der Rucksack hat auch einen Griff oben, damit man ihn bequem tragen kann. Insgesamt ist der Rucksack Sensation in grau-braun von Pride and Soul ein eleganter und funktionaler Rucksack, der perfekt f\u00fcr den t\u00e4glichen Gebrauch oder f\u00fcr den Transport von wichtigen Gegenst\u00e4nden auf Reisen ist.<\/p>\n","protected":false},"excerpt":{"rendered":"<ul>\n<li>Canvas-Leder-Mix in Grau-Braun<\/li>\n<li>Gepolstertes Laptopfach (bis 15&#8243;)<\/li>\n<li>Gro\u00dfes Hauptfach &#038; Rei\u00dfverschlussvorfach<\/li>\n<li>Gepolsterte Schultergurte &#038; R\u00fccken<\/li>\n<\/ul>\n","protected":false},"featured_media":10867,"template":"","meta":{"inline_featured_image":false},"product_brand":[],"product_cat":[1653],"product_tag":[],"class_list":{"0":"post-27716","1":"product","2":"type-product","3":"status-publish","4":"has-post-thumbnail","6":"product_cat-pride-and-soul","8":"first","9":"instock","10":"shipping-taxable","11":"purchasable","12":"product-type-simple"},"_links":{"self":[{"href":"https:\/\/www.juescha.de\/de_de\/wp-json\/wp\/v2\/product\/27716","targetHints":{"allow":["GET"]}}],"collection":[{"href":"https:\/\/www.juescha.de\/de_de\/wp-json\/wp\/v2\/product"}],"about":[{"href":"https:\/\/www.juescha.de\/de_de\/wp-json\/wp\/v2\/types\/product"}],"version-history":[{"count":0,"href":"https:\/\/www.juescha.de\/de_de\/wp-json\/wp\/v2\/product\/27716\/revisions"}],"wp:featuredmedia":[{"embeddable":true,"href":"https:\/\/www.juescha.de\/de_de\/wp-json\/wp\/v2\/media\/10867"}],"wp:attachment":[{"href":"https:\/\/www.juescha.de\/de_de\/wp-json\/wp\/v2\/media?parent=27716"}],"wp:term":[{"taxonomy":"product_brand","embeddable":true,"href":"https:\/\/www.juescha.de\/de_de\/wp-json\/wp\/v2\/product_brand?post=27716"},{"taxonomy":"product_cat","embeddable":true,"href":"https:\/\/www.juescha.de\/de_de\/wp-json\/wp\/v2\/product_cat?post=27716"},{"taxonomy":"product_tag","embeddable":true,"href":"https:\/\/www.juescha.de\/de_de\/wp-json\/wp\/v2\/product_tag?post=27716"}],"curies":[{"name":"wp","href":"https:\/\/api.w.org\/{rel}","templated":true}]}}