{"id":27715,"date":"2025-04-28T19:53:52","date_gmt":"2025-04-28T17:53:52","guid":{"rendered":"https:\/\/www.juescha.de\/shop\/unkategorisiert\/umhaengetasche-wretch\/"},"modified":"2026-01-21T08:48:37","modified_gmt":"2026-01-21T07:48:37","slug":"umhaengetasche-wretch","status":"publish","type":"product","link":"https:\/\/www.juescha.de\/de_de\/shop\/pride-and-soul\/umhaengetasche-wretch\/","title":{"rendered":"Umh\u00e4ngetasche WRETCH"},"content":{"rendered":"<h1>Umh\u00e4ngetasche WRETCH <\/h1>\n<p>Verstellbarer Schultertrageriemen, Trolleyband, Rei\u00dfverschlussfach auf der R\u00fcckseite, zwei Rei\u00dfverschlussf\u00e4cher vorn. Innen: Gepolstertes Tabletfach, Hauptfach mit Handytasche, zwei Stifteschlaufen, Netzfach, Einsteckfach und Rei\u00dfverschlussfach.<br \/>\nDie Umh\u00e4ngetasche Wretch in braun von Pride and Soul ist ein stilvolles Accessoire. Sie ist aus hochwertigem Leder gefertigt und verf\u00fcgt \u00fcber eine robuste Verarbeitung, die f\u00fcr eine lange Haltbarkeit sorgt. Die Tasche verf\u00fcgt \u00fcber eine praktische Gr\u00f6\u00dfe von ca. 27 x 24 x 7 cm und bietet ausreichend Platz f\u00fcr alle wichtigen Utensilien. Sie verf\u00fcgt \u00fcber eine gro\u00dfe Haupttasche, die mit einem Rei\u00dfverschluss verschlossen wird. Zus\u00e4tzlich gibt es eine Vordertasche und eine R\u00fccktasche, die ebenfalls mit einem Rei\u00dfverschluss verschlie\u00dfbar sind. Ein weiteres Highlight der Umh\u00e4ngetasche Wretch ist das stylische Design. Das braune Leder wirkt elegant und zeitlos und harmoniert perfekt und der verstellbare Schultergurt sorgt f\u00fcr einen angenehmen Tragekomfort und macht die Tasche zu einem idealen Begleiter im Alltag.<br \/>\nDie Tasche ist eine gute Wahl f\u00fcr alle, die auf der Suche nach einer hochwertigen, stilvollen und praktischen Umh\u00e4ngetasche sind.<\/p>\n","protected":false},"excerpt":{"rendered":"<ul>\n<li>Robustes Echtleder in Braun<\/li>\n<li>Gepolstertes Tabletfach<\/li>\n<li>Mehrere Rei\u00dfverschlussf\u00e4cher<\/li>\n<li>Verstellbarer Schultergurt<\/li>\n<\/ul>\n","protected":false},"featured_media":10854,"template":"","meta":{"inline_featured_image":false},"product_brand":[],"product_cat":[1653],"product_tag":[],"class_list":{"0":"post-27715","1":"product","2":"type-product","3":"status-publish","4":"has-post-thumbnail","6":"product_cat-pride-and-soul","8":"first","9":"instock","10":"shipping-taxable","11":"purchasable","12":"product-type-simple"},"_links":{"self":[{"href":"https:\/\/www.juescha.de\/de_de\/wp-json\/wp\/v2\/product\/27715","targetHints":{"allow":["GET"]}}],"collection":[{"href":"https:\/\/www.juescha.de\/de_de\/wp-json\/wp\/v2\/product"}],"about":[{"href":"https:\/\/www.juescha.de\/de_de\/wp-json\/wp\/v2\/types\/product"}],"version-history":[{"count":0,"href":"https:\/\/www.juescha.de\/de_de\/wp-json\/wp\/v2\/product\/27715\/revisions"}],"wp:featuredmedia":[{"embeddable":true,"href":"https:\/\/www.juescha.de\/de_de\/wp-json\/wp\/v2\/media\/10854"}],"wp:attachment":[{"href":"https:\/\/www.juescha.de\/de_de\/wp-json\/wp\/v2\/media?parent=27715"}],"wp:term":[{"taxonomy":"product_brand","embeddable":true,"href":"https:\/\/www.juescha.de\/de_de\/wp-json\/wp\/v2\/product_brand?post=27715"},{"taxonomy":"product_cat","embeddable":true,"href":"https:\/\/www.juescha.de\/de_de\/wp-json\/wp\/v2\/product_cat?post=27715"},{"taxonomy":"product_tag","embeddable":true,"href":"https:\/\/www.juescha.de\/de_de\/wp-json\/wp\/v2\/product_tag?post=27715"}],"curies":[{"name":"wp","href":"https:\/\/api.w.org\/{rel}","templated":true}]}}