{"id":27713,"date":"2025-04-28T19:53:52","date_gmt":"2025-04-28T17:53:52","guid":{"rendered":"https:\/\/www.juescha.de\/shop\/unkategorisiert\/businesstasche-lucky\/"},"modified":"2026-01-21T08:48:37","modified_gmt":"2026-01-21T07:48:37","slug":"businesstasche-lucky","status":"publish","type":"product","link":"https:\/\/www.juescha.de\/de_de\/shop\/pride-and-soul\/businesstasche-lucky\/","title":{"rendered":"Businesstasche LUCKY"},"content":{"rendered":"<h1>Businesstasche LUCKY  <\/h1>\n<p>Griff und Schultertrageriemen, Rei\u00dfverschlussfach im R\u00fccken. Innen: Hauptfach mit Handyfach, Tabletfach, drei Stifteschlaufen, Innenfutter mit Karomuster.<br \/>\nDie Businesstasche &#8220;Lucky&#8221; von Pride and Soul ist eine stilvolle und robuste Tasche, die speziell f\u00fcr Gesch\u00e4ftsleute und Berufspendler entworfen wurde. Sie ist in der Farbe Braun erh\u00e4ltlich und besteht aus hochwertigem, robustem Leder, das eine lange Lebensdauer garantiert. Die Tasche verf\u00fcgt \u00fcber mehrere F\u00e4cher und Taschen, die ausreichend Platz f\u00fcr wichtige Dokumente, ein Tablet und andere wichtige Utensilien bieten. Die Lucky Businesstasche von Pride and Soul hat eine kompakte Gr\u00f6\u00dfe und ist daher ideal f\u00fcr Gesch\u00e4ftsreisen oder t\u00e4gliche Pendelfahrten. Sie hat eine Gr\u00f6\u00dfe von 36 x 30 x 7,5 cm<br \/>\nDie Tasche ist zudem ein echter Hingucker und eignet sich perfekt als Geschenk f\u00fcr Freunde, Familie oder Kollegen.<\/p>\n","protected":false},"excerpt":{"rendered":"<ul>\n<li>Robustes Echtleder in Braun<\/li>\n<li>Tablet- &#038; Handyfach innen<\/li>\n<li>Kompakt &#038; ideal f\u00fcr unterwegs<\/li>\n<li>Mit stilvollem Karofutter<\/li>\n<\/ul>\n","protected":false},"featured_media":10845,"template":"","meta":{"inline_featured_image":false},"product_brand":[],"product_cat":[1653],"product_tag":[],"class_list":{"0":"post-27713","1":"product","2":"type-product","3":"status-publish","4":"has-post-thumbnail","6":"product_cat-pride-and-soul","8":"first","9":"instock","10":"shipping-taxable","11":"purchasable","12":"product-type-simple"},"_links":{"self":[{"href":"https:\/\/www.juescha.de\/de_de\/wp-json\/wp\/v2\/product\/27713","targetHints":{"allow":["GET"]}}],"collection":[{"href":"https:\/\/www.juescha.de\/de_de\/wp-json\/wp\/v2\/product"}],"about":[{"href":"https:\/\/www.juescha.de\/de_de\/wp-json\/wp\/v2\/types\/product"}],"version-history":[{"count":0,"href":"https:\/\/www.juescha.de\/de_de\/wp-json\/wp\/v2\/product\/27713\/revisions"}],"wp:featuredmedia":[{"embeddable":true,"href":"https:\/\/www.juescha.de\/de_de\/wp-json\/wp\/v2\/media\/10845"}],"wp:attachment":[{"href":"https:\/\/www.juescha.de\/de_de\/wp-json\/wp\/v2\/media?parent=27713"}],"wp:term":[{"taxonomy":"product_brand","embeddable":true,"href":"https:\/\/www.juescha.de\/de_de\/wp-json\/wp\/v2\/product_brand?post=27713"},{"taxonomy":"product_cat","embeddable":true,"href":"https:\/\/www.juescha.de\/de_de\/wp-json\/wp\/v2\/product_cat?post=27713"},{"taxonomy":"product_tag","embeddable":true,"href":"https:\/\/www.juescha.de\/de_de\/wp-json\/wp\/v2\/product_tag?post=27713"}],"curies":[{"name":"wp","href":"https:\/\/api.w.org\/{rel}","templated":true}]}}