{"id":27712,"date":"2025-04-28T19:53:52","date_gmt":"2025-04-28T17:53:52","guid":{"rendered":"https:\/\/www.juescha.de\/shop\/unkategorisiert\/umhaengetasche-tank\/"},"modified":"2026-01-21T08:48:38","modified_gmt":"2026-01-21T07:48:38","slug":"umhaengetasche-tank","status":"publish","type":"product","link":"https:\/\/www.juescha.de\/de_de\/shop\/pride-and-soul\/umhaengetasche-tank\/","title":{"rendered":"Umh\u00e4ngetasche TANK"},"content":{"rendered":"<h1>Umh\u00e4ngetasche TANK <\/h1>\n<p>Verstellbarer Schultertrageriemen, Rei\u00dfverschlussfach au\u00dfen, zus\u00e4tzliches A4 Rei\u00dfverschlussfach unter der Taschenklappe, zwei Schnappverschl\u00fcsse aus Metall. Innen: Gepolstertes Laptopfach, Hauptfach mit Handytasche, zwei Stiftschlaufen, Visitenkartenfach, zus\u00e4tzliches Rei\u00dfverschlussfach, Innenfutter mit Karomuster.<br \/>\nDie Umh\u00e4ngetasche Tank von Pride and Soul ist eine stilvolle und robuste Tasche, die aus hochwertigem pflanzlich gegerbtem Leder gefertigt ist. Sie ist in einem sch\u00f6nen Dunkelbraun gehalten und verleiht dadurch einen zeitlosen und klassischen Look. Die Tasche verf\u00fcgt \u00fcber mehrere F\u00e4cher und bietet somit ausreichend Platz f\u00fcr die Aufbewahrung von verschiedenen Gegenst\u00e4nden.<br \/>\nDie Tasche verf\u00fcgt \u00fcber ein gro\u00dfes Hauptfach und einem zus\u00e4tzlichen A4 Rei\u00dfverschlussfach unter der Taschenklappe. Der Trageriemen ist verstellbar und kann somit individuell angepasst werden.<br \/>\nInsgesamt ist die Umh\u00e4ngetasche Tank von Pride and Soul eine hochwertige und stilvolle Tasche, die aus robustem pflanzlich gegerbtem Leder gefertigt ist und ausreichend Platz f\u00fcr die Aufbewahrung von verschiedenen Gegenst\u00e4nden bietet. Sie eignet sich perfekt f\u00fcr den t\u00e4glichen Gebrauch.<\/p>\n","protected":false},"excerpt":{"rendered":"<ul>\n<li>Hochwertiges, pflanzlich gegerbtes Leder<\/li>\n<li>Gepolstertes Laptopfach &#038; A4-Zusatzfach<\/li>\n<li>Verstellbarer Schulterriemen<\/li>\n<li>Stilvoll, robust &#038; alltagstauglich<\/li>\n<\/ul>\n","protected":false},"featured_media":10839,"template":"","meta":{"inline_featured_image":false},"product_brand":[],"product_cat":[1653],"product_tag":[],"class_list":{"0":"post-27712","1":"product","2":"type-product","3":"status-publish","4":"has-post-thumbnail","6":"product_cat-pride-and-soul","8":"first","9":"instock","10":"shipping-taxable","11":"purchasable","12":"product-type-simple"},"_links":{"self":[{"href":"https:\/\/www.juescha.de\/de_de\/wp-json\/wp\/v2\/product\/27712","targetHints":{"allow":["GET"]}}],"collection":[{"href":"https:\/\/www.juescha.de\/de_de\/wp-json\/wp\/v2\/product"}],"about":[{"href":"https:\/\/www.juescha.de\/de_de\/wp-json\/wp\/v2\/types\/product"}],"version-history":[{"count":0,"href":"https:\/\/www.juescha.de\/de_de\/wp-json\/wp\/v2\/product\/27712\/revisions"}],"wp:featuredmedia":[{"embeddable":true,"href":"https:\/\/www.juescha.de\/de_de\/wp-json\/wp\/v2\/media\/10839"}],"wp:attachment":[{"href":"https:\/\/www.juescha.de\/de_de\/wp-json\/wp\/v2\/media?parent=27712"}],"wp:term":[{"taxonomy":"product_brand","embeddable":true,"href":"https:\/\/www.juescha.de\/de_de\/wp-json\/wp\/v2\/product_brand?post=27712"},{"taxonomy":"product_cat","embeddable":true,"href":"https:\/\/www.juescha.de\/de_de\/wp-json\/wp\/v2\/product_cat?post=27712"},{"taxonomy":"product_tag","embeddable":true,"href":"https:\/\/www.juescha.de\/de_de\/wp-json\/wp\/v2\/product_tag?post=27712"}],"curies":[{"name":"wp","href":"https:\/\/api.w.org\/{rel}","templated":true}]}}