{"id":27711,"date":"2025-04-28T19:53:51","date_gmt":"2025-04-28T17:53:51","guid":{"rendered":"https:\/\/www.juescha.de\/shop\/unkategorisiert\/umhaengetasche-neo\/"},"modified":"2026-01-21T08:48:38","modified_gmt":"2026-01-21T07:48:38","slug":"umhaengetasche-neo","status":"publish","type":"product","link":"https:\/\/www.juescha.de\/de_de\/shop\/pride-and-soul\/umhaengetasche-neo\/","title":{"rendered":"Umh\u00e4ngetasche NEO"},"content":{"rendered":"<h1>Umh\u00e4ngetasche NEO <\/h1>\n<p>Verstellbarer Schultertrageriemen, Rei\u00dfverschlussfach au\u00dfen, zus\u00e4tzliches Rei\u00dfverschlussfach unter der Taschenklappe, ein Schnappverschluss aus Metall. Innen: Gepolstertes Laptopfach, Hauptfach mit Handytasche, zwei Stiftschlaufen, Visitenkartenfach, Schl\u00fcsselhalter, zus\u00e4tzliches Rei\u00dfverschlussfach, Innenfutter mit Karomuster.<br \/>\nDie Umh\u00e4ngetasche &#8220;Neo&#8221; von Pride and Soul ist eine stilvolle und robuste Tasche, die aus hochwertigem, dunkelbraunem pflanzlich gegerebtem Leder gefertigt ist. Es gibt ein Rei\u00dfverschlussfach unter der Taschenklappe, in dem man kleinere Gegenst\u00e4nde wie Geldb\u00f6rse, Schl\u00fcssel oder Smartphone unterbringen kann. Das Hauptfach der Tasche bietet ausreichend Platz f\u00fcr gr\u00f6\u00dfere Gegenst\u00e4nde wie zum Beispiel B\u00fccher, Ordner oder Tablet. Im Inneren befindet sich zus\u00e4tzlich ein Steckfach f\u00fcr weitere Utensilien. Die Tasche verf\u00fcgt \u00fcber einen verstellbaren Schultergurt, der f\u00fcr eine individuelle Anpassung an die K\u00f6rpergr\u00f6\u00dfe sorgt. Die Pride and Soul Neo Umh\u00e4ngetasche ist eine ideale Tasche f\u00fcr den t\u00e4glichen Gebrauch, die durch ihr klassisches Design und ihre hochwertige Verarbeitung besticht.<\/p>\n","protected":false},"excerpt":{"rendered":"<ul>\n<li>Aus pflanzlich gegerbtem Leder<\/li>\n<li>Gepolstertes Laptopfach<\/li>\n<li>Mehrere F\u00e4cher &#038; Organizer<\/li>\n<li>Verstellbarer Schultergurt<\/li>\n<\/ul>\n","protected":false},"featured_media":10836,"template":"","meta":{"inline_featured_image":false},"product_brand":[],"product_cat":[1653],"product_tag":[],"class_list":{"0":"post-27711","1":"product","2":"type-product","3":"status-publish","4":"has-post-thumbnail","6":"product_cat-pride-and-soul","8":"first","9":"instock","10":"shipping-taxable","11":"purchasable","12":"product-type-simple"},"_links":{"self":[{"href":"https:\/\/www.juescha.de\/de_de\/wp-json\/wp\/v2\/product\/27711","targetHints":{"allow":["GET"]}}],"collection":[{"href":"https:\/\/www.juescha.de\/de_de\/wp-json\/wp\/v2\/product"}],"about":[{"href":"https:\/\/www.juescha.de\/de_de\/wp-json\/wp\/v2\/types\/product"}],"version-history":[{"count":0,"href":"https:\/\/www.juescha.de\/de_de\/wp-json\/wp\/v2\/product\/27711\/revisions"}],"wp:featuredmedia":[{"embeddable":true,"href":"https:\/\/www.juescha.de\/de_de\/wp-json\/wp\/v2\/media\/10836"}],"wp:attachment":[{"href":"https:\/\/www.juescha.de\/de_de\/wp-json\/wp\/v2\/media?parent=27711"}],"wp:term":[{"taxonomy":"product_brand","embeddable":true,"href":"https:\/\/www.juescha.de\/de_de\/wp-json\/wp\/v2\/product_brand?post=27711"},{"taxonomy":"product_cat","embeddable":true,"href":"https:\/\/www.juescha.de\/de_de\/wp-json\/wp\/v2\/product_cat?post=27711"},{"taxonomy":"product_tag","embeddable":true,"href":"https:\/\/www.juescha.de\/de_de\/wp-json\/wp\/v2\/product_tag?post=27711"}],"curies":[{"name":"wp","href":"https:\/\/api.w.org\/{rel}","templated":true}]}}