{"id":27710,"date":"2025-04-28T19:53:51","date_gmt":"2025-04-28T17:53:51","guid":{"rendered":"https:\/\/www.juescha.de\/shop\/unkategorisiert\/schreibmappe-a4-winston\/"},"modified":"2026-01-21T08:49:15","modified_gmt":"2026-01-21T07:49:15","slug":"schreibmappe-a4-winston","status":"publish","type":"product","link":"https:\/\/www.juescha.de\/de_de\/shop\/pride-and-soul\/schreibmappe-a4-winston\/","title":{"rendered":"Schreibmappe A4 WINSTON"},"content":{"rendered":"<h1>Schreibmappe A4 WINSTON <\/h1>\n<p>zwei Einstecktaschen f\u00fcr ein A4 Notizblock, Einsteckfach f\u00fcr ein A4 Block, sechs Kreditkartenf\u00e4cher, Rei\u00dfverschlussfach, Netzfach, Stiftschlaufe, Lesezeichen<br \/>\nDie Schreibmappe A4 Winston in Braun von Pride and Soul ist eine hochwertige und elegante Mappe, die aus robustem Leder gefertigt ist. Sie eignet sich perfekt f\u00fcr den t\u00e4glichen Gebrauch im Beruf oder Studium.<br \/>\nDie Schreibmappe ist mit einem gro\u00dfz\u00fcgigen Innenraum ausgestattet, der gen\u00fcgend Platz f\u00fcr A4-Unterlagen bietet. Im Inneren gibt es mehrere F\u00e4cher, die es erm\u00f6glichen, die Unterlagen und Dokumente geordnet aufzubewahren. Auch ein Schreibblock in A4-Gr\u00f6\u00dfe findet in der Mappe Platz sowie ein Lesezeichen um schnell die richtige Seite zu finden.<\/p>\n","protected":false},"excerpt":{"rendered":"<ul>\n<li>Hochwertiges Leder im A4-Format<\/li>\n<li>Zwei Einstecktaschen &#038; A4-Blockfach<\/li>\n<li>6 Kartenf\u00e4cher, Rei\u00dfverschluss- &#038; Netzfach<\/li>\n<li>Stiftschlaufe &#038; Lesezeichen integriert<\/li>\n<\/ul>\n","protected":false},"featured_media":10829,"template":"","meta":{"inline_featured_image":false},"product_brand":[],"product_cat":[1653],"product_tag":[],"class_list":{"0":"post-27710","1":"product","2":"type-product","3":"status-publish","4":"has-post-thumbnail","6":"product_cat-pride-and-soul","8":"first","9":"instock","10":"shipping-taxable","11":"purchasable","12":"product-type-simple"},"_links":{"self":[{"href":"https:\/\/www.juescha.de\/de_de\/wp-json\/wp\/v2\/product\/27710","targetHints":{"allow":["GET"]}}],"collection":[{"href":"https:\/\/www.juescha.de\/de_de\/wp-json\/wp\/v2\/product"}],"about":[{"href":"https:\/\/www.juescha.de\/de_de\/wp-json\/wp\/v2\/types\/product"}],"version-history":[{"count":0,"href":"https:\/\/www.juescha.de\/de_de\/wp-json\/wp\/v2\/product\/27710\/revisions"}],"wp:featuredmedia":[{"embeddable":true,"href":"https:\/\/www.juescha.de\/de_de\/wp-json\/wp\/v2\/media\/10829"}],"wp:attachment":[{"href":"https:\/\/www.juescha.de\/de_de\/wp-json\/wp\/v2\/media?parent=27710"}],"wp:term":[{"taxonomy":"product_brand","embeddable":true,"href":"https:\/\/www.juescha.de\/de_de\/wp-json\/wp\/v2\/product_brand?post=27710"},{"taxonomy":"product_cat","embeddable":true,"href":"https:\/\/www.juescha.de\/de_de\/wp-json\/wp\/v2\/product_cat?post=27710"},{"taxonomy":"product_tag","embeddable":true,"href":"https:\/\/www.juescha.de\/de_de\/wp-json\/wp\/v2\/product_tag?post=27710"}],"curies":[{"name":"wp","href":"https:\/\/api.w.org\/{rel}","templated":true}]}}