{"id":27708,"date":"2025-04-28T19:53:51","date_gmt":"2025-04-28T17:53:51","guid":{"rendered":"https:\/\/www.juescha.de\/shop\/unkategorisiert\/ringbuchmappe-a4-viggo\/"},"modified":"2026-01-21T08:49:15","modified_gmt":"2026-01-21T07:49:15","slug":"ringbuchmappe-a4-viggo","status":"publish","type":"product","link":"https:\/\/www.juescha.de\/de_de\/shop\/pride-and-soul\/ringbuchmappe-a4-viggo\/","title":{"rendered":"Ringbuchmappe A4 VIGGO"},"content":{"rendered":"<h1>Ringbuchmappe A4 VIGGO <\/h1>\n<p>Rei\u00dfverschluss, Griff, Ringmechanik, gepolstertes Tabletfach, Dokumentenfach, Rei\u00dfverschlussfach, sechs Visitenkartenf\u00e4cher, zwei Stifteschlaufen, Block, Multifunktionsfach<br \/>\nDie Ringbuchmappe A4 Viggo in braun von Pride and Soul ist eine stilvolle und praktische Mappe, die aus hochwertigem Leder gefertigt ist. Die Mappe hat eine Gr\u00f6\u00dfe von 35,5 x 28 x 5 cm und ist somit perfekt f\u00fcr A4-Dokumente geeignet. Die Mappe ist mit einem praktischen Ringbuch ausgestattet, das es erm\u00f6glicht, Dokumente einfach und \u00fcbersichtlich zu organisieren. Die Innenseite der Mappe verf\u00fcgt \u00fcber zahlreiche F\u00e4cher, die zur Aufbewahrung von Stiften, Visitenkarten, Notizen und anderen wichtigen Dokumenten genutzt werden k\u00f6nnen.<br \/>\nDas Design der Mappe ist schlicht und elegant. Das braune Leder verleiht der Mappe eine nat\u00fcrliche und robuste Optik. Die Verarbeitung ist hochwertig und langlebig, so dass die Mappe auch bei h\u00e4ufigem Gebrauch lange Zeit sch\u00f6n aussieht und ihre Funktion erf\u00fcllt.<\/p>\n","protected":false},"excerpt":{"rendered":"<ul>\n<li>Hochwertige A4-Ringbuchmappe aus Leder<\/li>\n<li>Mit Griff, Rei\u00dfverschluss und Tabletfach<\/li>\n<li>Visitenkarten-, Stifte- und Dokumentenf\u00e4cher<\/li>\n<li>Inklusive Block \u2013 perfekt f\u00fcrs B\u00fcro<\/li>\n<\/ul>\n","protected":false},"featured_media":10821,"template":"","meta":{"inline_featured_image":false},"product_brand":[],"product_cat":[1653],"product_tag":[],"class_list":{"0":"post-27708","1":"product","2":"type-product","3":"status-publish","4":"has-post-thumbnail","6":"product_cat-pride-and-soul","8":"first","9":"instock","10":"shipping-taxable","11":"purchasable","12":"product-type-simple"},"_links":{"self":[{"href":"https:\/\/www.juescha.de\/de_de\/wp-json\/wp\/v2\/product\/27708","targetHints":{"allow":["GET"]}}],"collection":[{"href":"https:\/\/www.juescha.de\/de_de\/wp-json\/wp\/v2\/product"}],"about":[{"href":"https:\/\/www.juescha.de\/de_de\/wp-json\/wp\/v2\/types\/product"}],"version-history":[{"count":0,"href":"https:\/\/www.juescha.de\/de_de\/wp-json\/wp\/v2\/product\/27708\/revisions"}],"wp:featuredmedia":[{"embeddable":true,"href":"https:\/\/www.juescha.de\/de_de\/wp-json\/wp\/v2\/media\/10821"}],"wp:attachment":[{"href":"https:\/\/www.juescha.de\/de_de\/wp-json\/wp\/v2\/media?parent=27708"}],"wp:term":[{"taxonomy":"product_brand","embeddable":true,"href":"https:\/\/www.juescha.de\/de_de\/wp-json\/wp\/v2\/product_brand?post=27708"},{"taxonomy":"product_cat","embeddable":true,"href":"https:\/\/www.juescha.de\/de_de\/wp-json\/wp\/v2\/product_cat?post=27708"},{"taxonomy":"product_tag","embeddable":true,"href":"https:\/\/www.juescha.de\/de_de\/wp-json\/wp\/v2\/product_tag?post=27708"}],"curies":[{"name":"wp","href":"https:\/\/api.w.org\/{rel}","templated":true}]}}