{"id":27707,"date":"2025-04-28T19:53:50","date_gmt":"2025-04-28T17:53:50","guid":{"rendered":"https:\/\/www.juescha.de\/shop\/unkategorisiert\/organizer-a5-wick\/"},"modified":"2026-01-21T08:49:15","modified_gmt":"2026-01-21T07:49:15","slug":"organizer-a5-wick","status":"publish","type":"product","link":"https:\/\/www.juescha.de\/de_de\/shop\/pride-and-soul\/organizer-a5-wick\/","title":{"rendered":"Organizer A5 WICK"},"content":{"rendered":"<h1>Organizer A5 WICK <\/h1>\n<p>Papierklammer, Notizblock, Schl\u00fcsselring, Kabelklemme, Rei\u00dfverschlussfach, Netzfach, Stiftschlaufe, vier Kreditkartenf\u00e4cher, f\u00fcnf Einsteckf\u00e4cher, herausnehmbares SIM- und Speicherkarten Etui, zwei elastische Gummischlaufen<br \/>\nDer Organizer A5 Wick von Pride and Soul ist ein hochwertiges und stilvolles Accessoire f\u00fcr die Organisation von Notizen, Terminen und anderen wichtigen Dokumenten. Der Organizer ist aus hochwertigem, robustem Leder gefertigt und in der Farbe Braun erh\u00e4ltlich. Das Design des Organizers ist klassisch und zeitlos. Er verf\u00fcgt \u00fcber einen praktischen Rei\u00dfverschluss, der sicherstellt, dass alle Inhalte sicher und gesch\u00fctzt aufbewahrt werden. Der Organizer ist 24 x 19 x 3,5 cm gro\u00df und passt perfekt in eine Tasche oder einen Rucksack. Im Inneren des Organizers befinden sich zahlreiche F\u00e4cher und Schlitze f\u00fcr Karten, Dokumente und Stifte. Zus\u00e4tzlich gibt es ein Netzfach um lose Gegenst\u00e4nde oder Vistenkarten ordentlich zu verstauen.<\/p>\n","protected":false},"excerpt":{"rendered":"<ul>\n<li>Organizer A5 aus braunem Leder mit Rei\u00dfverschluss<\/li>\n<li>Inklusive Notizblock, Schl\u00fcsselring, Kabelklemme<\/li>\n<li>Vier Kartenf\u00e4cher, Netzfach &#038; SIM-Karten-Etui<\/li>\n<li>Praktische F\u00e4cher &#038; Gummischlaufen f\u00fcr Zubeh\u00f6r<\/li>\n<\/ul>\n","protected":false},"featured_media":10817,"template":"","meta":{"inline_featured_image":false},"product_brand":[],"product_cat":[1653],"product_tag":[],"class_list":{"0":"post-27707","1":"product","2":"type-product","3":"status-publish","4":"has-post-thumbnail","6":"product_cat-pride-and-soul","8":"first","9":"instock","10":"shipping-taxable","11":"purchasable","12":"product-type-simple"},"_links":{"self":[{"href":"https:\/\/www.juescha.de\/de_de\/wp-json\/wp\/v2\/product\/27707","targetHints":{"allow":["GET"]}}],"collection":[{"href":"https:\/\/www.juescha.de\/de_de\/wp-json\/wp\/v2\/product"}],"about":[{"href":"https:\/\/www.juescha.de\/de_de\/wp-json\/wp\/v2\/types\/product"}],"version-history":[{"count":0,"href":"https:\/\/www.juescha.de\/de_de\/wp-json\/wp\/v2\/product\/27707\/revisions"}],"wp:featuredmedia":[{"embeddable":true,"href":"https:\/\/www.juescha.de\/de_de\/wp-json\/wp\/v2\/media\/10817"}],"wp:attachment":[{"href":"https:\/\/www.juescha.de\/de_de\/wp-json\/wp\/v2\/media?parent=27707"}],"wp:term":[{"taxonomy":"product_brand","embeddable":true,"href":"https:\/\/www.juescha.de\/de_de\/wp-json\/wp\/v2\/product_brand?post=27707"},{"taxonomy":"product_cat","embeddable":true,"href":"https:\/\/www.juescha.de\/de_de\/wp-json\/wp\/v2\/product_cat?post=27707"},{"taxonomy":"product_tag","embeddable":true,"href":"https:\/\/www.juescha.de\/de_de\/wp-json\/wp\/v2\/product_tag?post=27707"}],"curies":[{"name":"wp","href":"https:\/\/api.w.org\/{rel}","templated":true}]}}