{"id":27706,"date":"2025-04-28T19:53:50","date_gmt":"2025-04-28T17:53:50","guid":{"rendered":"https:\/\/www.juescha.de\/shop\/unkategorisiert\/organizer-a5-charon\/"},"modified":"2026-01-21T08:49:15","modified_gmt":"2026-01-21T07:49:15","slug":"organizer-a5-charon","status":"publish","type":"product","link":"https:\/\/www.juescha.de\/de_de\/shop\/pride-and-soul\/organizer-a5-charon\/","title":{"rendered":"Organizer A5 CHARON"},"content":{"rendered":"<h1>Organizer A5 CHARON<\/h1>\n<p>Handyfach, Notizblock, zwei Visitenkartenf\u00e4cher, Multifunktionsfach, eine Stiftschlaufe, Handy- oder Tabletaufsteller<br \/>\nDer Organizer A5 Charon in braun von Pride and Soul ist ein hochwertiges Schreibwaren-Accessoire, das sich ideal f\u00fcr den t\u00e4glichen Gebrauch eignet. Er ist aus strapazierf\u00e4higem, braunem Leder gefertigt und verf\u00fcgt \u00fcber eine robuste Metallrei\u00dfverschluss\u00f6ffnung. Der Organizer ist ca. 24 x 19 x 3,5 cm gro\u00df und hat ein A5-Format. Er verf\u00fcgt \u00fcber ein Hauptfach, das Platz f\u00fcr einen A5-Block oder ein Notizbuch bietet. Im Inneren des Organizers befinden sich mehrere Steckf\u00e4cher f\u00fcr Karten, Stifte und andere Utensilien. Zus\u00e4tzlich verf\u00fcgt der Organizer \u00fcber einen Handy- oder Tabletaufsteller. Der Organizer A5 Charon von Pride and Soul ist ein stilvolles und praktisches Accessoire f\u00fcr Berufst\u00e4tige, Studenten und alle, die ihre Notizen und Unterlagen organisiert halten m\u00f6chten.<\/p>\n","protected":false},"excerpt":{"rendered":"<ul>\n<li>Organizer aus braunem Leder im A5-Format<\/li>\n<li>Inklusive Notizblock, Handy- oder Tabletaufsteller<\/li>\n<li>F\u00e4cher f\u00fcr Karten, Handy &#038; Stift<\/li>\n<li>Mit Rei\u00dfverschluss sicher verschlie\u00dfbar<\/li>\n<\/ul>\n","protected":false},"featured_media":10813,"template":"","meta":{"inline_featured_image":false},"product_brand":[],"product_cat":[1653],"product_tag":[],"class_list":{"0":"post-27706","1":"product","2":"type-product","3":"status-publish","4":"has-post-thumbnail","6":"product_cat-pride-and-soul","8":"first","9":"instock","10":"shipping-taxable","11":"purchasable","12":"product-type-simple"},"_links":{"self":[{"href":"https:\/\/www.juescha.de\/de_de\/wp-json\/wp\/v2\/product\/27706","targetHints":{"allow":["GET"]}}],"collection":[{"href":"https:\/\/www.juescha.de\/de_de\/wp-json\/wp\/v2\/product"}],"about":[{"href":"https:\/\/www.juescha.de\/de_de\/wp-json\/wp\/v2\/types\/product"}],"version-history":[{"count":0,"href":"https:\/\/www.juescha.de\/de_de\/wp-json\/wp\/v2\/product\/27706\/revisions"}],"wp:featuredmedia":[{"embeddable":true,"href":"https:\/\/www.juescha.de\/de_de\/wp-json\/wp\/v2\/media\/10813"}],"wp:attachment":[{"href":"https:\/\/www.juescha.de\/de_de\/wp-json\/wp\/v2\/media?parent=27706"}],"wp:term":[{"taxonomy":"product_brand","embeddable":true,"href":"https:\/\/www.juescha.de\/de_de\/wp-json\/wp\/v2\/product_brand?post=27706"},{"taxonomy":"product_cat","embeddable":true,"href":"https:\/\/www.juescha.de\/de_de\/wp-json\/wp\/v2\/product_cat?post=27706"},{"taxonomy":"product_tag","embeddable":true,"href":"https:\/\/www.juescha.de\/de_de\/wp-json\/wp\/v2\/product_tag?post=27706"}],"curies":[{"name":"wp","href":"https:\/\/api.w.org\/{rel}","templated":true}]}}