{"id":27705,"date":"2025-04-28T19:53:50","date_gmt":"2025-04-28T17:53:50","guid":{"rendered":"https:\/\/www.juescha.de\/shop\/unkategorisiert\/laptoptasche-raily\/"},"modified":"2026-01-21T08:48:38","modified_gmt":"2026-01-21T07:48:38","slug":"laptoptasche-raily","status":"publish","type":"product","link":"https:\/\/www.juescha.de\/de_de\/shop\/pride-and-soul\/laptoptasche-raily\/","title":{"rendered":"Laptoptasche RAILY"},"content":{"rendered":"<h1>Laptoptasche RAILY <\/h1>\n<p>Verstellbarer, abnehmbarer Schultertrageriemen, zwei Tragegriffe, Rei\u00dfverschlusshauptfach, zwei Rei\u00dfverschlussvorf\u00e4cher, Rei\u00dfverschlussfach auf der R\u00fcckseite, Trolleyband, Innen: gepolstertes Laptopfach, Einsteckfach, Rei\u00dfverschlussfach, Handyfach.<br \/>\nDie Laptoptasche Raily von Pride and Soul ist eine stilvolle und robuste Tasche, die speziell f\u00fcr den Transport von Laptops und anderen wichtigen Utensilien konzipiert wurde. Sie ist in der Farbe Braun erh\u00e4ltlich und besteht aus hochwertigem Leder. Die Tasche bietet Platz f\u00fcr Laptops mit einer Bildschirmdiagonale von 15 Zoll. Das Innere der Laptoptasche ist mit einem gepolsterten Fach ausgestattet, das den Laptop vor St\u00f6\u00dfen und Kratzern sch\u00fctzt. Es gibt auch mehrere F\u00e4cher f\u00fcr Dokumente, B\u00fccher und andere wichtige Utensilien, die Sie unterwegs ben\u00f6tigen. Eine Au\u00dfentasche mit Rei\u00dfverschluss bietet zus\u00e4tzlichen Stauraum f\u00fcr Gegenst\u00e4nde, auf die Sie schnell zugreifen m\u00fcssen. Die Raily-Laptoptasche von Pride and Soul verf\u00fcgt \u00fcber einen verstellbaren Schultergurt und einen Tragegriff, so dass Sie sie bequem auf verschiedene Arten tragen k\u00f6nnen. Die Tasche ist sehr gut verarbeitet und verf\u00fcgt \u00fcber stilvolle Akzente, wie z.B. ein gepr\u00e4gtes Logo auf der Vorderseite.<\/p>\n","protected":false},"excerpt":{"rendered":"<ul>\n<li>Hochwertige Laptoptasche aus Leder<\/li>\n<li>Gepolstertes Fach f\u00fcr Laptops bis 15&#8243;<\/li>\n<li>Mehrere Innen- und Au\u00dfenf\u00e4cher<\/li>\n<li>Tragegriffe &#038; abnehmbarer Schultergurt<\/li>\n<\/ul>\n","protected":false},"featured_media":10810,"template":"","meta":{"inline_featured_image":false},"product_brand":[],"product_cat":[1653],"product_tag":[],"class_list":{"0":"post-27705","1":"product","2":"type-product","3":"status-publish","4":"has-post-thumbnail","6":"product_cat-pride-and-soul","8":"first","9":"instock","10":"shipping-taxable","11":"purchasable","12":"product-type-simple"},"_links":{"self":[{"href":"https:\/\/www.juescha.de\/de_de\/wp-json\/wp\/v2\/product\/27705","targetHints":{"allow":["GET"]}}],"collection":[{"href":"https:\/\/www.juescha.de\/de_de\/wp-json\/wp\/v2\/product"}],"about":[{"href":"https:\/\/www.juescha.de\/de_de\/wp-json\/wp\/v2\/types\/product"}],"version-history":[{"count":0,"href":"https:\/\/www.juescha.de\/de_de\/wp-json\/wp\/v2\/product\/27705\/revisions"}],"wp:featuredmedia":[{"embeddable":true,"href":"https:\/\/www.juescha.de\/de_de\/wp-json\/wp\/v2\/media\/10810"}],"wp:attachment":[{"href":"https:\/\/www.juescha.de\/de_de\/wp-json\/wp\/v2\/media?parent=27705"}],"wp:term":[{"taxonomy":"product_brand","embeddable":true,"href":"https:\/\/www.juescha.de\/de_de\/wp-json\/wp\/v2\/product_brand?post=27705"},{"taxonomy":"product_cat","embeddable":true,"href":"https:\/\/www.juescha.de\/de_de\/wp-json\/wp\/v2\/product_cat?post=27705"},{"taxonomy":"product_tag","embeddable":true,"href":"https:\/\/www.juescha.de\/de_de\/wp-json\/wp\/v2\/product_tag?post=27705"}],"curies":[{"name":"wp","href":"https:\/\/api.w.org\/{rel}","templated":true}]}}