{"id":27703,"date":"2025-04-28T19:53:49","date_gmt":"2025-04-28T17:53:49","guid":{"rendered":"https:\/\/www.juescha.de\/shop\/unkategorisiert\/businesstasche-cloud\/"},"modified":"2026-01-21T08:48:38","modified_gmt":"2026-01-21T07:48:38","slug":"businesstasche-cloud","status":"publish","type":"product","link":"https:\/\/www.juescha.de\/de_de\/shop\/pride-and-soul\/businesstasche-cloud\/","title":{"rendered":"Businesstasche CLOUD"},"content":{"rendered":"<h1>Businesstasche CLOUD<\/h1>\n<p>Verstellbarer und abnehmbarer Schultergurt, Tragegriff, \u00dcberschlag mit Steckschl\u00f6ssern, Rei\u00dfverschlussfach im R\u00fccken, Vortasche, zwei Stiftschlaufen, drei Visitenkartenf\u00e4chern, Handytasche. Innen: Hauptfach mit gepolstertem Laptopfach, Rei\u00dfverschlusstasche.<br \/>\nDie Businesstasche Cloud in Braun von Pride and Soul ist eine stilvolle und praktische Wahl f\u00fcr den t\u00e4glichen Gebrauch im Gesch\u00e4ftsleben. Die Tasche besteht aus hochwertigem, robustem Leder und bietet ausreichend Platz f\u00fcr Laptop, Dokumente und andere wichtige Gegenst\u00e4nde. Sie verf\u00fcgt \u00fcber ein ger\u00e4umiges Hauptfach, das Platz f\u00fcr einen Laptop bis zu 15 Zoll bietet. Zus\u00e4tzlich gibt es ein Rei\u00dfverschlussfach im R\u00fccken, um verschiedene Gegenst\u00e4nde wie Dokumente, Stifte und Handys zu organisieren. Die Businesstasche Cloud ist in einem stilvollen Braun gehalten, das gut zu jeder Business-Garderobe passt. Die Tasche verf\u00fcgt \u00fcber einenTragegriff und einen abnehmbaren, verstellbaren Schultergurt, so dass sie bequem in der Hand oder \u00fcber der Schulter getragen werden kann. Insgesamt ist die Businesstasche Cloud in Braun von Pride and Soul eine gute Wahl f\u00fcr Gesch\u00e4ftsleute, die eine stilvolle und praktische Tasche f\u00fcr den t\u00e4glichen Gebrauch suchen.<\/p>\n","protected":false},"excerpt":{"rendered":"<ul>\n<li>Hochwertige Ledertasche im Business-Stil<\/li>\n<li>Gepolstertes Laptopfach &#038; viel Stauraum<\/li>\n<li>Mit Rei\u00dfverschluss- &#038; Steckf\u00e4chern<\/li>\n<li>Tragegriff &#038; Schultergurt<\/li>\n<\/ul>\n","protected":false},"featured_media":10804,"template":"","meta":{"inline_featured_image":false},"product_brand":[],"product_cat":[1653],"product_tag":[],"class_list":{"0":"post-27703","1":"product","2":"type-product","3":"status-publish","4":"has-post-thumbnail","6":"product_cat-pride-and-soul","8":"first","9":"instock","10":"shipping-taxable","11":"purchasable","12":"product-type-simple"},"_links":{"self":[{"href":"https:\/\/www.juescha.de\/de_de\/wp-json\/wp\/v2\/product\/27703","targetHints":{"allow":["GET"]}}],"collection":[{"href":"https:\/\/www.juescha.de\/de_de\/wp-json\/wp\/v2\/product"}],"about":[{"href":"https:\/\/www.juescha.de\/de_de\/wp-json\/wp\/v2\/types\/product"}],"version-history":[{"count":0,"href":"https:\/\/www.juescha.de\/de_de\/wp-json\/wp\/v2\/product\/27703\/revisions"}],"wp:featuredmedia":[{"embeddable":true,"href":"https:\/\/www.juescha.de\/de_de\/wp-json\/wp\/v2\/media\/10804"}],"wp:attachment":[{"href":"https:\/\/www.juescha.de\/de_de\/wp-json\/wp\/v2\/media?parent=27703"}],"wp:term":[{"taxonomy":"product_brand","embeddable":true,"href":"https:\/\/www.juescha.de\/de_de\/wp-json\/wp\/v2\/product_brand?post=27703"},{"taxonomy":"product_cat","embeddable":true,"href":"https:\/\/www.juescha.de\/de_de\/wp-json\/wp\/v2\/product_cat?post=27703"},{"taxonomy":"product_tag","embeddable":true,"href":"https:\/\/www.juescha.de\/de_de\/wp-json\/wp\/v2\/product_tag?post=27703"}],"curies":[{"name":"wp","href":"https:\/\/api.w.org\/{rel}","templated":true}]}}