{"id":27702,"date":"2025-04-28T19:53:49","date_gmt":"2025-04-28T17:53:49","guid":{"rendered":"https:\/\/www.juescha.de\/shop\/unkategorisiert\/umhaengetasche-mrs-noel\/"},"modified":"2026-01-21T08:48:38","modified_gmt":"2026-01-21T07:48:38","slug":"umhaengetasche-mrs-noel","status":"publish","type":"product","link":"https:\/\/www.juescha.de\/de_de\/shop\/pride-and-soul\/umhaengetasche-mrs-noel\/","title":{"rendered":"Umh\u00e4ngetasche MRS. NOEL"},"content":{"rendered":"<h1>Umh\u00e4ngetasche MRS. NOEL <\/h1>\n<p>Verstellbarer Schultertrageriemen, Rei\u00dfverschlussfach im R\u00fccken, Hauptfach mit Handytasche, Stiftschlaufen, Visitenkartenfach, Schl\u00fcsselhalter, zus\u00e4tzliches Rei\u00dfverschlussfach.<br \/>\nDie Umh\u00e4ngetasche &#8220;Mrs. Noel&#8221; von Pride and Soul ist eine stilvolle und praktische Tasche, die aus hochwertigem Leder gefertigt ist. Sie hat eine braune Farbe und ein klassisches Design, das f\u00fcr viele Anl\u00e4sse geeignet ist. Die Tasche hat eine Gr\u00f6\u00dfe von 26 x 32 x 10 cm und bietet ausreichend Platz f\u00fcr allt\u00e4gliche Gegenst\u00e4nde wie Geldbeutel, Schl\u00fcssel, Handy und Notizbuch. Sie verf\u00fcgt \u00fcber ein Hauptfach sowie mehreren kleinen Taschen und F\u00e4cher f\u00fcr eine bessere Organisation. Der verstellbare Schultergurt sorgt f\u00fcr ein bequemes Tragen und kann individuell an die Gr\u00f6\u00dfe des Tr\u00e4gers angepasst werden.Zus\u00e4tzlich befindet sich auf der R\u00fcckseite der Tasche ein Rei\u00dfverschlussfach um Gegenst\u00e4nde schnell und einfach zu verstauen.<\/p>\n","protected":false},"excerpt":{"rendered":"<ul>\n<li>Hochwertiges Leder im klassischen Look<\/li>\n<li>Ger\u00e4umiges Hauptfach mit Innenf\u00e4chern<\/li>\n<li>Rei\u00dfverschlussfach auf der R\u00fcckseite<\/li>\n<li>Verstellbarer Schultergurt f\u00fcr optimalen Komfort<\/li>\n<\/ul>\n","protected":false},"featured_media":10801,"template":"","meta":{"inline_featured_image":false},"product_brand":[],"product_cat":[1653],"product_tag":[],"class_list":{"0":"post-27702","1":"product","2":"type-product","3":"status-publish","4":"has-post-thumbnail","6":"product_cat-pride-and-soul","8":"first","9":"instock","10":"shipping-taxable","11":"purchasable","12":"product-type-simple"},"_links":{"self":[{"href":"https:\/\/www.juescha.de\/de_de\/wp-json\/wp\/v2\/product\/27702","targetHints":{"allow":["GET"]}}],"collection":[{"href":"https:\/\/www.juescha.de\/de_de\/wp-json\/wp\/v2\/product"}],"about":[{"href":"https:\/\/www.juescha.de\/de_de\/wp-json\/wp\/v2\/types\/product"}],"version-history":[{"count":0,"href":"https:\/\/www.juescha.de\/de_de\/wp-json\/wp\/v2\/product\/27702\/revisions"}],"wp:featuredmedia":[{"embeddable":true,"href":"https:\/\/www.juescha.de\/de_de\/wp-json\/wp\/v2\/media\/10801"}],"wp:attachment":[{"href":"https:\/\/www.juescha.de\/de_de\/wp-json\/wp\/v2\/media?parent=27702"}],"wp:term":[{"taxonomy":"product_brand","embeddable":true,"href":"https:\/\/www.juescha.de\/de_de\/wp-json\/wp\/v2\/product_brand?post=27702"},{"taxonomy":"product_cat","embeddable":true,"href":"https:\/\/www.juescha.de\/de_de\/wp-json\/wp\/v2\/product_cat?post=27702"},{"taxonomy":"product_tag","embeddable":true,"href":"https:\/\/www.juescha.de\/de_de\/wp-json\/wp\/v2\/product_tag?post=27702"}],"curies":[{"name":"wp","href":"https:\/\/api.w.org\/{rel}","templated":true}]}}