{"id":27701,"date":"2025-04-28T19:53:48","date_gmt":"2025-04-28T17:53:48","guid":{"rendered":"https:\/\/www.juescha.de\/shop\/unkategorisiert\/umhaengetasche-mr-liam\/"},"modified":"2026-01-21T08:48:38","modified_gmt":"2026-01-21T07:48:38","slug":"umhaengetasche-mr-liam","status":"publish","type":"product","link":"https:\/\/www.juescha.de\/de_de\/shop\/pride-and-soul\/umhaengetasche-mr-liam\/","title":{"rendered":"Umh\u00e4ngetasche MR. LIAM"},"content":{"rendered":"<h1>Umh\u00e4ngetasche MR. LIAM <\/h1>\n<p>Verstellbarer Schultertrageriemen, Rei\u00dfverschlussfach im R\u00fccken, Laptopfach, Hauptfach mit Handytasche, Stiftschlaufen, Visitenkartenfach, Schl\u00fcsselhalter, zus\u00e4tzliches Rei\u00dfverschlussfach.<br \/>\nDie Umh\u00e4ngetasche &#8220;Mr. Liam&#8221; von Pride and Soul in braun ist eine stilvolle und funktionale Tasche, die aus hochwertigem Leder gefertigt ist. Sie hat eine klassische Form und ein ger\u00e4umiges Hauptfach, das gen\u00fcgend Platz f\u00fcr alle wichtigen Dinge bietet. Die Tasche ist mit einem verstellbaren Schultergurt ausgestattet, der es dem Tr\u00e4ger erm\u00f6glicht, die L\u00e4nge des Gurtes an seine individuellen Bed\u00fcrfnisse anzupassen.<br \/>\nDie Tasche hat eine Gr\u00f6\u00dfe von etwa 34 x 36 x 12 cm und ist somit gro\u00df genug f\u00fcr einen Laptop, ein Tablet oder ein Buch. Das Hauptfach ist mit Klappe gesichert, die verhindert, dass die Dinge herausfallen oder verloren gehen. Die Umh\u00e4ngetasche &#8220;Mr. Liam&#8221; hat auch einige zus\u00e4tzliche F\u00e4cher f\u00fcr kleine Dinge wie Handys, Schl\u00fcssel oder Stifte. Auf der R\u00fcckseite der Tasche gibt es ein weiteres Fach mit Rei\u00dfverschluss, das zus\u00e4tzlichen Stauraum bietet. Das Design der Tasche ist einfach und elegant. Sie ist in einem warmen Braunton gehalten und hat einen Vintage-Look, der sie zu einem zeitlosen Accessoire macht. Die Lederqualit\u00e4t ist hochwertig und verleiht der Tasche eine angenehme Haptik und einen edlen Look. Sie ist eine tolle Wahl f\u00fcr jeden, der eine stilvolle und funktionale Tasche f\u00fcr den Alltag ben\u00f6tigt.<\/p>\n","protected":false},"excerpt":{"rendered":"<ul>\n<li>Hochwertiges Leder im Vintage-Look<\/li>\n<li>Ger\u00e4umiges Hauptfach mit Laptopfach<\/li>\n<li>Praktische Innenf\u00e4cher &#038; Schl\u00fcsselhalter<\/li>\n<li>Verstellbarer Schultergurt<\/li>\n<\/ul>\n","protected":false},"featured_media":10799,"template":"","meta":{"inline_featured_image":false},"product_brand":[],"product_cat":[1653],"product_tag":[],"class_list":{"0":"post-27701","1":"product","2":"type-product","3":"status-publish","4":"has-post-thumbnail","6":"product_cat-pride-and-soul","8":"first","9":"instock","10":"shipping-taxable","11":"purchasable","12":"product-type-simple"},"_links":{"self":[{"href":"https:\/\/www.juescha.de\/de_de\/wp-json\/wp\/v2\/product\/27701","targetHints":{"allow":["GET"]}}],"collection":[{"href":"https:\/\/www.juescha.de\/de_de\/wp-json\/wp\/v2\/product"}],"about":[{"href":"https:\/\/www.juescha.de\/de_de\/wp-json\/wp\/v2\/types\/product"}],"version-history":[{"count":0,"href":"https:\/\/www.juescha.de\/de_de\/wp-json\/wp\/v2\/product\/27701\/revisions"}],"wp:featuredmedia":[{"embeddable":true,"href":"https:\/\/www.juescha.de\/de_de\/wp-json\/wp\/v2\/media\/10799"}],"wp:attachment":[{"href":"https:\/\/www.juescha.de\/de_de\/wp-json\/wp\/v2\/media?parent=27701"}],"wp:term":[{"taxonomy":"product_brand","embeddable":true,"href":"https:\/\/www.juescha.de\/de_de\/wp-json\/wp\/v2\/product_brand?post=27701"},{"taxonomy":"product_cat","embeddable":true,"href":"https:\/\/www.juescha.de\/de_de\/wp-json\/wp\/v2\/product_cat?post=27701"},{"taxonomy":"product_tag","embeddable":true,"href":"https:\/\/www.juescha.de\/de_de\/wp-json\/wp\/v2\/product_tag?post=27701"}],"curies":[{"name":"wp","href":"https:\/\/api.w.org\/{rel}","templated":true}]}}