{"id":27700,"date":"2025-04-28T19:53:48","date_gmt":"2025-04-28T17:53:48","guid":{"rendered":"https:\/\/www.juescha.de\/shop\/unkategorisiert\/umhaengetasche-candy\/"},"modified":"2026-01-21T08:48:38","modified_gmt":"2026-01-21T07:48:38","slug":"umhaengetasche-candy","status":"publish","type":"product","link":"https:\/\/www.juescha.de\/de_de\/shop\/pride-and-soul\/umhaengetasche-candy\/","title":{"rendered":"Umh\u00e4ngetasche CANDY"},"content":{"rendered":"<h1>Umh\u00e4ngetasche CANDY <\/h1>\n<p>Verstellbarer Schultertrageriemen, Rei\u00dfverschlussfach im R\u00fccken, Klappe mit Klettverschluss. Innen: Rei\u00dfverschlussfach unter der Klappe, zwei F\u00e4cher, Rei\u00dfverschlussfach, Hauptfach mit Handytasche, drei Stiftschlaufen, Einsteckfach.<br \/>\nDie Umh\u00e4ngetasche Candy in Braun von Pride and Soul ist eine hochwertige Tasche aus Leder, die sowohl funktional als auch stilvoll ist. Die Tasche hat eine Gr\u00f6\u00dfe von etwa 34 x 30 x 12 cm und bietet ausreichend Platz f\u00fcr alle wichtigen Dinge des t\u00e4glichen Bedarfs. Das braune Leder der Tasche hat eine glatte Oberfl\u00e4che und eine sch\u00f6ne, nat\u00fcrliche Struktur. Die N\u00e4hte sind sauber verarbeitet und geben der Tasche ein robustes Aussehen. Der verstellbare Schultergurt ist aus robustem Material gefertigt und bietet ein angenehmes Tragegef\u00fchl.<br \/>\nDie Candy Umh\u00e4ngetasche hat eine praktische Aufteilung, die aus einem Hauptfach und einem Rei\u00dfverschlussfach im R\u00fccken besteht. Im Inneren des Hauptfachs befinden sich zus\u00e4tzlich noch ein Rei\u00dfverschlussfach sowie einem Einsteckfach. Das Rei\u00dfverschlussfach im R\u00fccken bietet Platz f\u00fcr kleine Gegenst\u00e4nde, wie z.B. Smartphone oder Geldb\u00f6rse. Die Tasche ist ein echtes Highlight f\u00fcr jeden Anlass und kann perfekt zu verschiedenen Outfits kombiniert werden. Sie ist ideal f\u00fcr den t\u00e4glichen Gebrauch, aber auch f\u00fcr Ausfl\u00fcge oder Reisen. Die hochwertige Verarbeitung und das zeitlose Design machen die Candy Umh\u00e4ngetasche zu einem langlebigen Begleiter f\u00fcr jeden Tag.<\/p>\n","protected":false},"excerpt":{"rendered":"<ul>\n<li>Aus hochwertigem, braunem Leder<\/li>\n<li>Praktische F\u00e4cheraufteilung inkl. Handytasche<\/li>\n<li>Verstellbarer Schultergurt f\u00fcr optimalen Komfort<\/li>\n<li>Perfekt f\u00fcr Alltag, Reisen oder Ausfl\u00fcge<\/li>\n<\/ul>\n","protected":false},"featured_media":10796,"template":"","meta":{"inline_featured_image":false},"product_brand":[],"product_cat":[1653],"product_tag":[],"class_list":{"0":"post-27700","1":"product","2":"type-product","3":"status-publish","4":"has-post-thumbnail","6":"product_cat-pride-and-soul","8":"first","9":"instock","10":"shipping-taxable","11":"purchasable","12":"product-type-simple"},"_links":{"self":[{"href":"https:\/\/www.juescha.de\/de_de\/wp-json\/wp\/v2\/product\/27700","targetHints":{"allow":["GET"]}}],"collection":[{"href":"https:\/\/www.juescha.de\/de_de\/wp-json\/wp\/v2\/product"}],"about":[{"href":"https:\/\/www.juescha.de\/de_de\/wp-json\/wp\/v2\/types\/product"}],"version-history":[{"count":0,"href":"https:\/\/www.juescha.de\/de_de\/wp-json\/wp\/v2\/product\/27700\/revisions"}],"wp:featuredmedia":[{"embeddable":true,"href":"https:\/\/www.juescha.de\/de_de\/wp-json\/wp\/v2\/media\/10796"}],"wp:attachment":[{"href":"https:\/\/www.juescha.de\/de_de\/wp-json\/wp\/v2\/media?parent=27700"}],"wp:term":[{"taxonomy":"product_brand","embeddable":true,"href":"https:\/\/www.juescha.de\/de_de\/wp-json\/wp\/v2\/product_brand?post=27700"},{"taxonomy":"product_cat","embeddable":true,"href":"https:\/\/www.juescha.de\/de_de\/wp-json\/wp\/v2\/product_cat?post=27700"},{"taxonomy":"product_tag","embeddable":true,"href":"https:\/\/www.juescha.de\/de_de\/wp-json\/wp\/v2\/product_tag?post=27700"}],"curies":[{"name":"wp","href":"https:\/\/api.w.org\/{rel}","templated":true}]}}