{"id":27698,"date":"2025-04-28T19:53:47","date_gmt":"2025-04-28T17:53:47","guid":{"rendered":"https:\/\/www.juescha.de\/shop\/unkategorisiert\/kombiboerse-im-hochformat\/"},"modified":"2026-01-21T08:49:10","modified_gmt":"2026-01-21T07:49:10","slug":"kombiboerse-im-hochformat","status":"publish","type":"product","link":"https:\/\/www.juescha.de\/de_de\/shop\/pride-and-soul\/kombiboerse-im-hochformat\/","title":{"rendered":"Kombib\u00f6rse im Hochformat"},"content":{"rendered":"<h1>Kombib\u00f6rse im Hochformat <\/h1>\n<p>Hochformat, sieben Kreditkartenf\u00e4cher, Netzfach f\u00fcr Ausweise, f\u00fcnf Einschubf\u00e4cher, zwei Scheinf\u00e4cher, M\u00fcnzfach.<br \/>\nDie Geldb\u00f6rse im Hochformat von Pride and Soul ist eine stilvolle und robuste Brieftasche, die aus hochwertigem braunem Leder gefertigt ist. Sie hat ein klassisches Design und ist mit vielen praktischen Funktionen ausgestattet, um all Ihre wichtigen Dokumente und Karten sicher aufzubewahren. Die Geldb\u00f6rse hat die Ma\u00dfe von etwa 12 x 10 cm und ist daher kompakt genug, um in Ihre Tasche zu passen, aber gro\u00df genug, um alle Ihre Karten, Scheine und M\u00fcnzen aufzunehmen. Die Au\u00dfenseite der Brieftasche ist aus robustem Leder gefertigt und hat ein strukturiertes Finish, das ihr ein rustikales Aussehen verleiht. Innen hat die Geldb\u00f6rse ein dreifach gefaltetes Design mit mehreren F\u00e4chern f\u00fcr Karten und einem Fach f\u00fcr M\u00fcnzen. Ebenfalls gibt es zwei gro\u00dfe F\u00e4cher f\u00fcr Scheine und Dokumente.<br \/>\nDie Geldb\u00f6rse von Pride and Soul ist ein stilvolles und praktisches Accessoire f\u00fcr Menschen, die nach einer robusten und langlebigen Brieftasche suchen, die ihnen im Alltag treu zur Seite steht.<\/p>\n","protected":false},"excerpt":{"rendered":"<ul>\n<li>Echtes braunes Leder im Hochformat<\/li>\n<li>7 Kartenf\u00e4cher &#038; Netzfach f\u00fcr Ausweis<\/li>\n<li>5 Einschubf\u00e4cher, 2 Scheinf\u00e4cher<\/li>\n<li>M\u00fcnzfach &#038; kompaktes, robustes Design<\/li>\n<\/ul>\n","protected":false},"featured_media":10787,"template":"","meta":{"inline_featured_image":false},"product_brand":[],"product_cat":[1653],"product_tag":[],"class_list":{"0":"post-27698","1":"product","2":"type-product","3":"status-publish","4":"has-post-thumbnail","6":"product_cat-pride-and-soul","8":"first","9":"instock","10":"shipping-taxable","11":"purchasable","12":"product-type-simple"},"_links":{"self":[{"href":"https:\/\/www.juescha.de\/de_de\/wp-json\/wp\/v2\/product\/27698","targetHints":{"allow":["GET"]}}],"collection":[{"href":"https:\/\/www.juescha.de\/de_de\/wp-json\/wp\/v2\/product"}],"about":[{"href":"https:\/\/www.juescha.de\/de_de\/wp-json\/wp\/v2\/types\/product"}],"version-history":[{"count":0,"href":"https:\/\/www.juescha.de\/de_de\/wp-json\/wp\/v2\/product\/27698\/revisions"}],"wp:featuredmedia":[{"embeddable":true,"href":"https:\/\/www.juescha.de\/de_de\/wp-json\/wp\/v2\/media\/10787"}],"wp:attachment":[{"href":"https:\/\/www.juescha.de\/de_de\/wp-json\/wp\/v2\/media?parent=27698"}],"wp:term":[{"taxonomy":"product_brand","embeddable":true,"href":"https:\/\/www.juescha.de\/de_de\/wp-json\/wp\/v2\/product_brand?post=27698"},{"taxonomy":"product_cat","embeddable":true,"href":"https:\/\/www.juescha.de\/de_de\/wp-json\/wp\/v2\/product_cat?post=27698"},{"taxonomy":"product_tag","embeddable":true,"href":"https:\/\/www.juescha.de\/de_de\/wp-json\/wp\/v2\/product_tag?post=27698"}],"curies":[{"name":"wp","href":"https:\/\/api.w.org\/{rel}","templated":true}]}}