{"id":27697,"date":"2025-04-28T19:53:47","date_gmt":"2025-04-28T17:53:47","guid":{"rendered":"https:\/\/www.juescha.de\/shop\/unkategorisiert\/geldboerse-im-querformat\/"},"modified":"2026-01-21T08:49:10","modified_gmt":"2026-01-21T07:49:10","slug":"geldboerse-im-querformat","status":"publish","type":"product","link":"https:\/\/www.juescha.de\/de_de\/shop\/pride-and-soul\/geldboerse-im-querformat\/","title":{"rendered":"Geldb\u00f6rse im Querformat"},"content":{"rendered":"<h1>Geldb\u00f6rse im Querformat<\/h1>\n<p>Querformat, sieben Kreditkartenf\u00e4cher, Netzfach f\u00fcr Ausweise, drei Einschubf\u00e4cher, zwei Scheinf\u00e4cher, M\u00fcnzfach.<br \/>\nDie Geldb\u00f6rse von Pride and Soul hat eine rechteckige Form und ist im Querformat angelegt. Sie ist aus hochwertigem braunem Leder gefertigt und hat ein robustes und rustikales Aussehen. Die B\u00f6rse verf\u00fcgt \u00fcber eine Gr\u00f6\u00dfe von etwa 12,5 x 9,5 cm.Im Inneren der B\u00f6rse gibt es mehrere F\u00e4cher und Steckpl\u00e4tze, um Karten, M\u00fcnzen und Scheine aufzubewahren. Es gibt sieben Kreditkartenf\u00e4cher, ein Netzfach f\u00fcr Ausweispapiere und ein M\u00fcnzfach. Die Geldb\u00f6rse von Pride and Soul bietet somit ausreichend Platz f\u00fcr das Wichtigste. Zusammenfassend l\u00e4sst sich sagen, dass die Geldb\u00f6rse von Pride and Soul eine robuste und stilvolle Option f\u00fcr Menschen ist, die eine funktionale Geldb\u00f6rse in braunem Leder suchen.<\/p>\n","protected":false},"excerpt":{"rendered":"<ul>\n<li>Hochwertiges braunes Leder<\/li>\n<li>7 Kartenf\u00e4cher &#038; Netzfach<\/li>\n<li>2 Scheinf\u00e4cher, M\u00fcnzfach<\/li>\n<li>Robust, klassisch &#038; kompakt<\/li>\n<\/ul>\n","protected":false},"featured_media":10784,"template":"","meta":{"inline_featured_image":false},"product_brand":[],"product_cat":[1653],"product_tag":[],"class_list":{"0":"post-27697","1":"product","2":"type-product","3":"status-publish","4":"has-post-thumbnail","6":"product_cat-pride-and-soul","8":"first","9":"instock","10":"shipping-taxable","11":"purchasable","12":"product-type-simple"},"_links":{"self":[{"href":"https:\/\/www.juescha.de\/de_de\/wp-json\/wp\/v2\/product\/27697","targetHints":{"allow":["GET"]}}],"collection":[{"href":"https:\/\/www.juescha.de\/de_de\/wp-json\/wp\/v2\/product"}],"about":[{"href":"https:\/\/www.juescha.de\/de_de\/wp-json\/wp\/v2\/types\/product"}],"version-history":[{"count":0,"href":"https:\/\/www.juescha.de\/de_de\/wp-json\/wp\/v2\/product\/27697\/revisions"}],"wp:featuredmedia":[{"embeddable":true,"href":"https:\/\/www.juescha.de\/de_de\/wp-json\/wp\/v2\/media\/10784"}],"wp:attachment":[{"href":"https:\/\/www.juescha.de\/de_de\/wp-json\/wp\/v2\/media?parent=27697"}],"wp:term":[{"taxonomy":"product_brand","embeddable":true,"href":"https:\/\/www.juescha.de\/de_de\/wp-json\/wp\/v2\/product_brand?post=27697"},{"taxonomy":"product_cat","embeddable":true,"href":"https:\/\/www.juescha.de\/de_de\/wp-json\/wp\/v2\/product_cat?post=27697"},{"taxonomy":"product_tag","embeddable":true,"href":"https:\/\/www.juescha.de\/de_de\/wp-json\/wp\/v2\/product_tag?post=27697"}],"curies":[{"name":"wp","href":"https:\/\/api.w.org\/{rel}","templated":true}]}}