{"id":27696,"date":"2025-04-28T19:53:47","date_gmt":"2025-04-28T17:53:47","guid":{"rendered":"https:\/\/www.juescha.de\/shop\/unkategorisiert\/geldboerse-knox\/"},"modified":"2026-01-21T08:48:37","modified_gmt":"2026-01-21T07:48:37","slug":"geldboerse-knox","status":"publish","type":"product","link":"https:\/\/www.juescha.de\/de_de\/shop\/pride-and-soul\/geldboerse-knox\/","title":{"rendered":"Geldb\u00f6rse KNOX"},"content":{"rendered":"<h1>Geldb\u00f6rse KNOX<\/h1>\n<p>Hauptfach mit Rei\u00dfverschluss, drei Einsteckf\u00e4cher, M\u00fcnzfach mit Rei\u00dfverschluss, Einsteckfach mit Netz, \u00d6se au\u00dfen mit Sicherheitslederband und zwei Karabinern.<br \/>\nDie Geldb\u00f6rse Knox in Braun von Pride and Soul ist ein stilvolles Accessoire. Die B\u00f6rse ist aus hochwertigem, braunem Leder gefertigt und verf\u00fcgt \u00fcber ein klassisches Design, das durch eine Pr\u00e4gung auf der Vorderseite verziert ist. Die Abmessungen betragen 13 x 8,5 cm.<br \/>\nDie B\u00f6rse ist mit einem umlaufenden Rei\u00dfverschluss versehen, der daf\u00fcr sorgt, dass Geldscheine und M\u00fcnzen sicher aufbewahrt werden. Im Inneren der B\u00f6rse befinden sich drei Einsteckf\u00e4cher, um Karten, Ausweise und Geldschein zu verstauen. Ebenfalls gibt es, ein Einsteckfach mit Netz, ein M\u00fcnzfach mit Rei\u00dfverschluss sowie eine \u00d6se au\u00dfen mit Sicherheitslederband. Die Geldb\u00f6rse Knox ist aus robustem Leder gefertigt und verf\u00fcgt \u00fcber eine hohe Verarbeitungsqualit\u00e4t. Das Design ist zeitlos und elegant, sodass die B\u00f6rse sowohl im Alltag als auch zu besonderen Anl\u00e4ssen getragen werden kann.<\/p>\n","protected":false},"excerpt":{"rendered":"<ul>\n<li>Robustes Leder in Braun<\/li>\n<li>Rei\u00dfverschluss-Haupt- &#038; M\u00fcnzfach<\/li>\n<li>Drei Einsteckf\u00e4cher, Netzfach<\/li>\n<li>Mit \u00d6se &#038; Sicherheitsband<\/li>\n<\/ul>\n","protected":false},"featured_media":10781,"template":"","meta":{"inline_featured_image":false},"product_brand":[],"product_cat":[1653],"product_tag":[],"class_list":{"0":"post-27696","1":"product","2":"type-product","3":"status-publish","4":"has-post-thumbnail","6":"product_cat-pride-and-soul","8":"first","9":"instock","10":"shipping-taxable","11":"purchasable","12":"product-type-simple"},"_links":{"self":[{"href":"https:\/\/www.juescha.de\/de_de\/wp-json\/wp\/v2\/product\/27696","targetHints":{"allow":["GET"]}}],"collection":[{"href":"https:\/\/www.juescha.de\/de_de\/wp-json\/wp\/v2\/product"}],"about":[{"href":"https:\/\/www.juescha.de\/de_de\/wp-json\/wp\/v2\/types\/product"}],"version-history":[{"count":0,"href":"https:\/\/www.juescha.de\/de_de\/wp-json\/wp\/v2\/product\/27696\/revisions"}],"wp:featuredmedia":[{"embeddable":true,"href":"https:\/\/www.juescha.de\/de_de\/wp-json\/wp\/v2\/media\/10781"}],"wp:attachment":[{"href":"https:\/\/www.juescha.de\/de_de\/wp-json\/wp\/v2\/media?parent=27696"}],"wp:term":[{"taxonomy":"product_brand","embeddable":true,"href":"https:\/\/www.juescha.de\/de_de\/wp-json\/wp\/v2\/product_brand?post=27696"},{"taxonomy":"product_cat","embeddable":true,"href":"https:\/\/www.juescha.de\/de_de\/wp-json\/wp\/v2\/product_cat?post=27696"},{"taxonomy":"product_tag","embeddable":true,"href":"https:\/\/www.juescha.de\/de_de\/wp-json\/wp\/v2\/product_tag?post=27696"}],"curies":[{"name":"wp","href":"https:\/\/api.w.org\/{rel}","templated":true}]}}