{"id":27694,"date":"2025-04-28T19:53:46","date_gmt":"2025-04-28T17:53:46","guid":{"rendered":"https:\/\/www.juescha.de\/shop\/unkategorisiert\/schlamperrolle-11\/"},"modified":"2026-01-21T08:48:38","modified_gmt":"2026-01-21T07:48:38","slug":"schlamperrolle-11","status":"publish","type":"product","link":"https:\/\/www.juescha.de\/de_de\/shop\/pride-and-soul\/schlamperrolle-11\/","title":{"rendered":"Schlamperrolle"},"content":{"rendered":"<h1>Schlamperrolle<\/h1>\n<p>Stifte-Etui<br \/>\nDie Schlamperrolle von Pride and Soul ist eine elegante und praktische Aufbewahrungsl\u00f6sung f\u00fcr Stifte, Kugelschreiber und andere Schreibutensilien. Sie ist in einer graubraunen Farbe erh\u00e4ltlich und besteht aus hochwertigem Leder, das f\u00fcr Langlebigkeit und eine ansprechende Optik sorgt. Die Ma\u00dfe betragen 20 x 6 x 7 cm. Das Etui verf\u00fcgt \u00fcber einen Rei\u00dfverschluss, der das \u00d6ffnen und Schlie\u00dfen erleichtert und den Inhalt sicher aufbewahrt.<br \/>\nInsgesamt ist die Schlamperrolle von Pride and Soul eine qualitativ hochwertige und stilvolle Option f\u00fcr die Aufbewahrung von Schreibutensilien.<\/p>\n","protected":false},"excerpt":{"rendered":"<ul>\n<li>Aus hochwertigem Leder in graubraunem Ton<\/li>\n<li>Mit Rei\u00dfverschluss f\u00fcr sicheren Verschluss<\/li>\n<li>Ma\u00dfe: 20 x 6 x 7 cm \u2013 kompakt und ger\u00e4umig<\/li>\n<li>Ideal zur stilvollen Aufbewahrung von Stiften<\/li>\n<\/ul>\n","protected":false},"featured_media":10777,"template":"","meta":{"inline_featured_image":false},"product_brand":[],"product_cat":[1653],"product_tag":[],"class_list":{"0":"post-27694","1":"product","2":"type-product","3":"status-publish","4":"has-post-thumbnail","6":"product_cat-pride-and-soul","8":"first","9":"instock","10":"shipping-taxable","11":"purchasable","12":"product-type-simple"},"_links":{"self":[{"href":"https:\/\/www.juescha.de\/de_de\/wp-json\/wp\/v2\/product\/27694","targetHints":{"allow":["GET"]}}],"collection":[{"href":"https:\/\/www.juescha.de\/de_de\/wp-json\/wp\/v2\/product"}],"about":[{"href":"https:\/\/www.juescha.de\/de_de\/wp-json\/wp\/v2\/types\/product"}],"version-history":[{"count":0,"href":"https:\/\/www.juescha.de\/de_de\/wp-json\/wp\/v2\/product\/27694\/revisions"}],"wp:featuredmedia":[{"embeddable":true,"href":"https:\/\/www.juescha.de\/de_de\/wp-json\/wp\/v2\/media\/10777"}],"wp:attachment":[{"href":"https:\/\/www.juescha.de\/de_de\/wp-json\/wp\/v2\/media?parent=27694"}],"wp:term":[{"taxonomy":"product_brand","embeddable":true,"href":"https:\/\/www.juescha.de\/de_de\/wp-json\/wp\/v2\/product_brand?post=27694"},{"taxonomy":"product_cat","embeddable":true,"href":"https:\/\/www.juescha.de\/de_de\/wp-json\/wp\/v2\/product_cat?post=27694"},{"taxonomy":"product_tag","embeddable":true,"href":"https:\/\/www.juescha.de\/de_de\/wp-json\/wp\/v2\/product_tag?post=27694"}],"curies":[{"name":"wp","href":"https:\/\/api.w.org\/{rel}","templated":true}]}}