{"id":27693,"date":"2025-04-28T19:53:46","date_gmt":"2025-04-28T17:53:46","guid":{"rendered":"https:\/\/www.juescha.de\/shop\/unkategorisiert\/schlamperrolle-10\/"},"modified":"2026-01-21T08:48:38","modified_gmt":"2026-01-21T07:48:38","slug":"schlamperrolle-10","status":"publish","type":"product","link":"https:\/\/www.juescha.de\/de_de\/shop\/pride-and-soul\/schlamperrolle-10\/","title":{"rendered":"Schlamperrolle"},"content":{"rendered":"<h1>Schlamperrolle<\/h1>\n<p>Stifte-Etui<br \/>\nDie Schlamperrolle in braun von Pride and Soul ist eine hochwertige und stilvolle Aufbewahrungsm\u00f6glichkeit f\u00fcr Stifte, Bleistifte und andere Schreibutensilien. Die Rolle ist aus robustem und strapazierf\u00e4higem Leder gefertigt und bietet ausreichend Platz f\u00fcr Stifte. Die Rolle verf\u00fcgt \u00fcber eine praktischen Rei\u00dfverschluss, damit die Schlamperolle sicher verschlossen werden kann. So bleiben die Stifte ordentlich und gesch\u00fctzt aufbewahrt.<\/p>\n","protected":false},"excerpt":{"rendered":"<ul>\n<li>Hochwertiges, robustes Leder<\/li>\n<li>Praktischer Rei\u00dfverschluss f\u00fcr sicheren Verschluss<\/li>\n<li>Ideal f\u00fcr Stifte und Schreibutensilien<\/li>\n<li>Stilvolle Optik in Braun<\/li>\n<\/ul>\n","protected":false},"featured_media":10774,"template":"","meta":{"inline_featured_image":false},"product_brand":[],"product_cat":[1653],"product_tag":[],"class_list":{"0":"post-27693","1":"product","2":"type-product","3":"status-publish","4":"has-post-thumbnail","6":"product_cat-pride-and-soul","8":"first","9":"instock","10":"shipping-taxable","11":"purchasable","12":"product-type-simple"},"_links":{"self":[{"href":"https:\/\/www.juescha.de\/de_de\/wp-json\/wp\/v2\/product\/27693","targetHints":{"allow":["GET"]}}],"collection":[{"href":"https:\/\/www.juescha.de\/de_de\/wp-json\/wp\/v2\/product"}],"about":[{"href":"https:\/\/www.juescha.de\/de_de\/wp-json\/wp\/v2\/types\/product"}],"version-history":[{"count":0,"href":"https:\/\/www.juescha.de\/de_de\/wp-json\/wp\/v2\/product\/27693\/revisions"}],"wp:featuredmedia":[{"embeddable":true,"href":"https:\/\/www.juescha.de\/de_de\/wp-json\/wp\/v2\/media\/10774"}],"wp:attachment":[{"href":"https:\/\/www.juescha.de\/de_de\/wp-json\/wp\/v2\/media?parent=27693"}],"wp:term":[{"taxonomy":"product_brand","embeddable":true,"href":"https:\/\/www.juescha.de\/de_de\/wp-json\/wp\/v2\/product_brand?post=27693"},{"taxonomy":"product_cat","embeddable":true,"href":"https:\/\/www.juescha.de\/de_de\/wp-json\/wp\/v2\/product_cat?post=27693"},{"taxonomy":"product_tag","embeddable":true,"href":"https:\/\/www.juescha.de\/de_de\/wp-json\/wp\/v2\/product_tag?post=27693"}],"curies":[{"name":"wp","href":"https:\/\/api.w.org\/{rel}","templated":true}]}}