{"id":27691,"date":"2025-04-28T19:53:45","date_gmt":"2025-04-28T17:53:45","guid":{"rendered":"https:\/\/www.juescha.de\/shop\/unkategorisiert\/umhaengetasche-ethan\/"},"modified":"2026-01-21T08:48:37","modified_gmt":"2026-01-21T07:48:37","slug":"umhaengetasche-ethan","status":"publish","type":"product","link":"https:\/\/www.juescha.de\/de_de\/shop\/pride-and-soul\/umhaengetasche-ethan\/","title":{"rendered":"Umh\u00e4ngetasche ETHAN"},"content":{"rendered":"<h1>Umh\u00e4ngetasche ETHAN <\/h1>\n<p>Verstellbarer Schultertrageriemen, Rei\u00dfverschlussfach im R\u00fccken, \u00dcberschlag mit Magnetverschluss. Innen: Fronttasche unter dem \u00dcberschlag, Hauptfach mit Rei\u00dfverschlussfach, Handytasche, Stiftschlaufen, Einsteckfach und Rei\u00dfverschlussfach<br \/>\nDie Umh\u00e4ngetasche Ethan in braun von Pride and Soul ist eine stilvolle und praktische Tasche, die aus hochwertigem Leder gefertigt ist. Sie hat eine Gr\u00f6\u00dfe von 35 x 32 x 10 cm und bietet ausreichend Platz f\u00fcr allt\u00e4gliche Gegenst\u00e4nde wie Geldb\u00f6rse, Smartphone, Schl\u00fcssel und Notizblock.<br \/>\nDas Design der Tasche ist schlicht und elegant, mit braunem Leder und wenigen dekorativen N\u00e4hten. Sie verf\u00fcgt \u00fcber eine Haupttasche mit Rei\u00dfverschluss und eine Vordertasche unter dem \u00dcberschlag, die zus\u00e4tzlichen Stauraum bietet. An der R\u00fcckseite der Tasche befindet sich zudem ein weiteres Fach mit Rei\u00dfverschluss. Die Umh\u00e4ngetasche Ethan von Pride and Soul ist mit einem verstellbaren Schultergurt ausgestattet, der es erm\u00f6glicht, die Tasche bequem und sicher \u00fcber der Schulter zu tragen.<\/p>\n","protected":false},"excerpt":{"rendered":"<ul>\n<li>Elegantes Leder in Braun<\/li>\n<li>\u00dcberschlag mit Magnetverschluss<\/li>\n<li>Praktische Innen- &#038; Au\u00dfenf\u00e4cher<\/li>\n<li>Verstellbarer Schulterriemen<\/li>\n<\/ul>\n","protected":false},"featured_media":10769,"template":"","meta":{"inline_featured_image":false},"product_brand":[],"product_cat":[1653],"product_tag":[],"class_list":{"0":"post-27691","1":"product","2":"type-product","3":"status-publish","4":"has-post-thumbnail","6":"product_cat-pride-and-soul","8":"first","9":"instock","10":"shipping-taxable","11":"purchasable","12":"product-type-simple"},"_links":{"self":[{"href":"https:\/\/www.juescha.de\/de_de\/wp-json\/wp\/v2\/product\/27691","targetHints":{"allow":["GET"]}}],"collection":[{"href":"https:\/\/www.juescha.de\/de_de\/wp-json\/wp\/v2\/product"}],"about":[{"href":"https:\/\/www.juescha.de\/de_de\/wp-json\/wp\/v2\/types\/product"}],"version-history":[{"count":0,"href":"https:\/\/www.juescha.de\/de_de\/wp-json\/wp\/v2\/product\/27691\/revisions"}],"wp:featuredmedia":[{"embeddable":true,"href":"https:\/\/www.juescha.de\/de_de\/wp-json\/wp\/v2\/media\/10769"}],"wp:attachment":[{"href":"https:\/\/www.juescha.de\/de_de\/wp-json\/wp\/v2\/media?parent=27691"}],"wp:term":[{"taxonomy":"product_brand","embeddable":true,"href":"https:\/\/www.juescha.de\/de_de\/wp-json\/wp\/v2\/product_brand?post=27691"},{"taxonomy":"product_cat","embeddable":true,"href":"https:\/\/www.juescha.de\/de_de\/wp-json\/wp\/v2\/product_cat?post=27691"},{"taxonomy":"product_tag","embeddable":true,"href":"https:\/\/www.juescha.de\/de_de\/wp-json\/wp\/v2\/product_tag?post=27691"}],"curies":[{"name":"wp","href":"https:\/\/api.w.org\/{rel}","templated":true}]}}