{"id":27690,"date":"2025-04-28T19:53:45","date_gmt":"2025-04-28T17:53:45","guid":{"rendered":"https:\/\/www.juescha.de\/shop\/unkategorisiert\/handy-umhaengetasche-loris\/"},"modified":"2026-01-21T08:48:34","modified_gmt":"2026-01-21T07:48:34","slug":"handy-umhaengetasche-loris","status":"publish","type":"product","link":"https:\/\/www.juescha.de\/de_de\/shop\/pride-and-soul\/handy-umhaengetasche-loris\/","title":{"rendered":"Handy Umh\u00e4ngetasche LORIS"},"content":{"rendered":"<h1>Handy Umh\u00e4ngetasche LORIS<\/h1>\n<p>Verstellbarer, abnehmbarer Schultertrageriemen, Rei\u00dfverschlussfach im R\u00fccken, Handy-Vorfach mit magnetischem Druckknopf-Verschluss, Rei\u00dfverschluss-Fach mit sechs Kreditkartenf\u00e4chern.<br \/>\nDie Handy-Umh\u00e4ngetasche Loris in grau von Pride and Soul ist eine stilvolle und praktische M\u00f6glichkeit, um das Handy sicher und bequem zu transportieren. Die Tasche besteht aus hochwertigem, robustem Leder, das f\u00fcr eine lange Haltbarkeit sorgt. Der graue Farbton verleiht der Tasche ein klassisches und zeitloses Aussehen. Die Tasche verf\u00fcgt \u00fcber ein Hauptfach mit Rei\u00dfverschluss, in dem das Handy sicher aufbewahrt werden kann. Zus\u00e4tzlich gibt es auf der Vorderseite sowie auf der R\u00fcckseite eine weitere Tasche, in der zus\u00e4tzliche Gegenst\u00e4nde wie z.B. Geldb\u00f6rse, Schl\u00fcssel oder Karten untergebracht werden k\u00f6nnen. Das Hauptfach ist mit einem robusten Rei\u00dfverschluss ausgestattet. Die Umh\u00e4ngetasche wird mit einem verstellbaren Schultergurt geliefert, der es erm\u00f6glicht, die Tasche bequem und sicher zu tragen<br \/>\nInsgesamt bietet die Handy-Umh\u00e4ngetasche Loris von Pride and Soul eine stilvolle und praktische M\u00f6glichkeit, um das Handy und andere wichtige Gegenst\u00e4nde sicher aufzubewahren und zu transportieren.<\/p>\n","protected":false},"excerpt":{"rendered":"<ul>\n<li>Edles, robustes Leder in Grau<\/li>\n<li>Magnetverschluss-Vorfach f\u00fcr schnellen Handyzugriff<\/li>\n<li>Rei\u00dfverschlussfach mit 6 Kartenf\u00e4chern<\/li>\n<li>Verstell- &#038; abnehmbarer Schultergurt<\/li>\n<\/ul>\n","protected":false},"featured_media":10764,"template":"","meta":{"inline_featured_image":false},"product_brand":[],"product_cat":[1653],"product_tag":[],"class_list":{"0":"post-27690","1":"product","2":"type-product","3":"status-publish","4":"has-post-thumbnail","6":"product_cat-pride-and-soul","8":"first","9":"instock","10":"shipping-taxable","11":"purchasable","12":"product-type-simple"},"_links":{"self":[{"href":"https:\/\/www.juescha.de\/de_de\/wp-json\/wp\/v2\/product\/27690","targetHints":{"allow":["GET"]}}],"collection":[{"href":"https:\/\/www.juescha.de\/de_de\/wp-json\/wp\/v2\/product"}],"about":[{"href":"https:\/\/www.juescha.de\/de_de\/wp-json\/wp\/v2\/types\/product"}],"version-history":[{"count":0,"href":"https:\/\/www.juescha.de\/de_de\/wp-json\/wp\/v2\/product\/27690\/revisions"}],"wp:featuredmedia":[{"embeddable":true,"href":"https:\/\/www.juescha.de\/de_de\/wp-json\/wp\/v2\/media\/10764"}],"wp:attachment":[{"href":"https:\/\/www.juescha.de\/de_de\/wp-json\/wp\/v2\/media?parent=27690"}],"wp:term":[{"taxonomy":"product_brand","embeddable":true,"href":"https:\/\/www.juescha.de\/de_de\/wp-json\/wp\/v2\/product_brand?post=27690"},{"taxonomy":"product_cat","embeddable":true,"href":"https:\/\/www.juescha.de\/de_de\/wp-json\/wp\/v2\/product_cat?post=27690"},{"taxonomy":"product_tag","embeddable":true,"href":"https:\/\/www.juescha.de\/de_de\/wp-json\/wp\/v2\/product_tag?post=27690"}],"curies":[{"name":"wp","href":"https:\/\/api.w.org\/{rel}","templated":true}]}}