{"id":27687,"date":"2025-04-28T19:53:45","date_gmt":"2025-04-28T17:53:45","guid":{"rendered":"https:\/\/www.juescha.de\/shop\/unkategorisiert\/tablet-laptoptasche-rate\/"},"modified":"2026-01-21T08:48:35","modified_gmt":"2026-01-21T07:48:35","slug":"tablet-laptoptasche-rate","status":"publish","type":"product","link":"https:\/\/www.juescha.de\/de_de\/shop\/pride-and-soul\/tablet-laptoptasche-rate\/","title":{"rendered":"Tablet-Laptoptasche RATE"},"content":{"rendered":"<h1>Tablet-Laptoptasche RATE<\/h1>\n<p>Zwei Tragegriffe, Rei\u00dfverschlussfach auf der Vorder- und R\u00fcckseite, Trolleyband, Rei\u00dfverschlusshauptfach. Innen: Hauptfach mit gepolstertem Laptopfach, Einsteckfach.<br \/>\nDie Tablet-Laptoptasche &#8220;Rate&#8221; in grau von Pride and Soul ist eine stilvolle und funktionale Tasche, die aus hochwertigem, robustem Leder gefertigt ist. Die Tasche bietet Platz f\u00fcr ein Tablet oder einen Laptop bis zu einer Gr\u00f6\u00dfe von 15 Zoll und verf\u00fcgt \u00fcber einen eleganten Grauton sowie \u00fcber eine sch\u00f6ne, handgefertigte Optik. Der Verschluss der Tasche erfolgt durch einen Rei\u00dfverschluss um einen sicheren Transport zu gew\u00e4hrleisten. Zus\u00e4tzlich gibt es ein Rei\u00dfverschlussfach auf der Vorder- und R\u00fcckseite um kleinere Gegenst\u00e4nde schnell und einfach zu verstauen.<\/p>\n","protected":false},"excerpt":{"rendered":"<ul>\n<li>Hochwertiges Leder in elegantem Grau<\/li>\n<li>Gepolstertes Laptopfach f\u00fcr Ger\u00e4te bis 15&#8243;<\/li>\n<li>Zwei Tragegriffe &#038; Trolleyband f\u00fcr unterwegs<\/li>\n<li>Vorder- und R\u00fcckfach mit Rei\u00dfverschluss<\/li>\n<\/ul>\n","protected":false},"featured_media":10750,"template":"","meta":{"inline_featured_image":false},"product_brand":[],"product_cat":[1653],"product_tag":[],"class_list":{"0":"post-27687","1":"product","2":"type-product","3":"status-publish","4":"has-post-thumbnail","6":"product_cat-pride-and-soul","8":"first","9":"instock","10":"shipping-taxable","11":"purchasable","12":"product-type-simple"},"_links":{"self":[{"href":"https:\/\/www.juescha.de\/de_de\/wp-json\/wp\/v2\/product\/27687","targetHints":{"allow":["GET"]}}],"collection":[{"href":"https:\/\/www.juescha.de\/de_de\/wp-json\/wp\/v2\/product"}],"about":[{"href":"https:\/\/www.juescha.de\/de_de\/wp-json\/wp\/v2\/types\/product"}],"version-history":[{"count":0,"href":"https:\/\/www.juescha.de\/de_de\/wp-json\/wp\/v2\/product\/27687\/revisions"}],"wp:featuredmedia":[{"embeddable":true,"href":"https:\/\/www.juescha.de\/de_de\/wp-json\/wp\/v2\/media\/10750"}],"wp:attachment":[{"href":"https:\/\/www.juescha.de\/de_de\/wp-json\/wp\/v2\/media?parent=27687"}],"wp:term":[{"taxonomy":"product_brand","embeddable":true,"href":"https:\/\/www.juescha.de\/de_de\/wp-json\/wp\/v2\/product_brand?post=27687"},{"taxonomy":"product_cat","embeddable":true,"href":"https:\/\/www.juescha.de\/de_de\/wp-json\/wp\/v2\/product_cat?post=27687"},{"taxonomy":"product_tag","embeddable":true,"href":"https:\/\/www.juescha.de\/de_de\/wp-json\/wp\/v2\/product_tag?post=27687"}],"curies":[{"name":"wp","href":"https:\/\/api.w.org\/{rel}","templated":true}]}}