{"id":27686,"date":"2025-04-28T19:53:44","date_gmt":"2025-04-28T17:53:44","guid":{"rendered":"https:\/\/www.juescha.de\/shop\/unkategorisiert\/businesstasche-district\/"},"modified":"2026-01-21T08:48:35","modified_gmt":"2026-01-21T07:48:35","slug":"businesstasche-district","status":"publish","type":"product","link":"https:\/\/www.juescha.de\/de_de\/shop\/pride-and-soul\/businesstasche-district\/","title":{"rendered":"Businesstasche DISTRICT"},"content":{"rendered":"<h1>Businesstasche DISTRICT <\/h1>\n<p>Verstellbarer, abnehmbarer Schultertrageriemen, Tragegriff, Rei\u00dfverschlussfach auf der R\u00fcckseite, Trolleyband, \u00dcberschlag mit Steckverschl\u00fcssen, zwei Fronttaschen unter dem \u00dcberschlag. Innen: Hauptfach mit gepolstertem Laptopfach, weiteres Hauptfach mit Handyfach und Rei\u00dfverschlussfach, Rei\u00dfverschlussfach in der Mitte.<br \/>\nDie Businesstasche District in grau von Pride and Soul ist eine stilvolle und praktische Tasche, die aus hochwertigem Leder gefertigt ist. Die Tasche hat ein klassisches Design und ist perfekt f\u00fcr den t\u00e4glichen Einsatz im B\u00fcro oder auf Reisen geeignet. Die Tasche verf\u00fcgt \u00fcber mehrere F\u00e4cher und bietet ausreichend Platz f\u00fcr einen Laptop, Dokumente, Stifte und andere wichtige Gegenst\u00e4nde. Die Tasche hat eine gro\u00dfe Haupttasche, die mit einem Rei\u00dfverschluss verschlossen werden kann, sowie mehrere kleinere Taschen und F\u00e4cher f\u00fcr eine optimale Organisation. Die District Tasche ist in einem attraktiven Grauton gehalten und hat ein robustes und strapazierf\u00e4higes Design. Sie ist mit einem verstellbaren, abnehmbaren Schultergurt ausgestattet, der f\u00fcr einen bequemen und sicheren Transport sorgt. Die Tasche hat eine Gr\u00f6\u00dfe von ca. 30 x 41 x 14 cm und ist somit gro\u00df genug, um alle wichtigen Utensilien zu verstauen. Sie ist langlebig, funktional und stilvoll und somit eine ausgezeichnete Wahl f\u00fcr alle, die eine hochwertige und praktische Businesstasche suchen.<\/p>\n","protected":false},"excerpt":{"rendered":"<ul>\n<li>Edles Leder in Grau, robust und stilvoll<\/li>\n<li>Zwei Hauptf\u00e4cher mit Laptop- und Rei\u00dfverschlussfach<\/li>\n<li>Trolleyband, Tragegriff &#038; Schultergurt<\/li>\n<li>Perfekt f\u00fcr Business &#038; Reisen<\/li>\n<\/ul>\n","protected":false},"featured_media":10747,"template":"","meta":{"inline_featured_image":false},"product_brand":[],"product_cat":[1653],"product_tag":[],"class_list":{"0":"post-27686","1":"product","2":"type-product","3":"status-publish","4":"has-post-thumbnail","6":"product_cat-pride-and-soul","8":"first","9":"instock","10":"shipping-taxable","11":"purchasable","12":"product-type-simple"},"_links":{"self":[{"href":"https:\/\/www.juescha.de\/de_de\/wp-json\/wp\/v2\/product\/27686","targetHints":{"allow":["GET"]}}],"collection":[{"href":"https:\/\/www.juescha.de\/de_de\/wp-json\/wp\/v2\/product"}],"about":[{"href":"https:\/\/www.juescha.de\/de_de\/wp-json\/wp\/v2\/types\/product"}],"version-history":[{"count":0,"href":"https:\/\/www.juescha.de\/de_de\/wp-json\/wp\/v2\/product\/27686\/revisions"}],"wp:featuredmedia":[{"embeddable":true,"href":"https:\/\/www.juescha.de\/de_de\/wp-json\/wp\/v2\/media\/10747"}],"wp:attachment":[{"href":"https:\/\/www.juescha.de\/de_de\/wp-json\/wp\/v2\/media?parent=27686"}],"wp:term":[{"taxonomy":"product_brand","embeddable":true,"href":"https:\/\/www.juescha.de\/de_de\/wp-json\/wp\/v2\/product_brand?post=27686"},{"taxonomy":"product_cat","embeddable":true,"href":"https:\/\/www.juescha.de\/de_de\/wp-json\/wp\/v2\/product_cat?post=27686"},{"taxonomy":"product_tag","embeddable":true,"href":"https:\/\/www.juescha.de\/de_de\/wp-json\/wp\/v2\/product_tag?post=27686"}],"curies":[{"name":"wp","href":"https:\/\/api.w.org\/{rel}","templated":true}]}}