{"id":27685,"date":"2025-04-28T19:53:44","date_gmt":"2025-04-28T17:53:44","guid":{"rendered":"https:\/\/www.juescha.de\/shop\/unkategorisiert\/laptoptasche-percent\/"},"modified":"2026-01-21T08:48:35","modified_gmt":"2026-01-21T07:48:35","slug":"laptoptasche-percent","status":"publish","type":"product","link":"https:\/\/www.juescha.de\/de_de\/shop\/pride-and-soul\/laptoptasche-percent\/","title":{"rendered":"Laptoptasche PERCENT"},"content":{"rendered":"<h1>Laptoptasche PERCENT <\/h1>\n<p>Verstellbarer, abnehmbarer Schultertrageriemen, Tragegriff, Rei\u00dfverschlussfach auf der R\u00fcckseite, Trolleyband, \u00dcberschlag mit Steckverschl\u00fcssen, Fronttasche unter dem \u00dcberschlag. Innen: Gro\u00dfes Hauptfach, gepolstertes Laptopfach, Handyfach und Organisationsfach, Rei\u00dfverschlussfach und zwei Stiftschlaufen.<br \/>\nDie Laptoptasche Percent in Grau von Pride and Soul ist eine stilvolle und funktionale Tasche, die f\u00fcr den Transport von Laptops und anderen wichtigen Arbeitsutensilien konzipiert ist. Die Tasche ist aus hochwertigem und strapazierf\u00e4higem Leder gefertigt und verf\u00fcgt \u00fcber ein robustes Innenfach, das den Laptop sicher und gesch\u00fctzt h\u00e4lt.  Die Tasche ist in einem klassischen Grauton gehalten, der zeitlos und vielseitig ist und zu jedem Outfit passt. Sie verf\u00fcgt \u00fcber ein Hauptfach mit einem Rei\u00dfverschluss und einem zus\u00e4tzlichen Innenfach f\u00fcr kleinere Gegenst\u00e4nde wie Mobiltelefone, Stifte und Notizbl\u00f6cke. Die Tasche verf\u00fcgt auch \u00fcber einen verstellbaren, abnehmbaren Schultergurt, der f\u00fcr einen bequemen Transport sorgt.<\/p>\n","protected":false},"excerpt":{"rendered":"<ul>\n<li>Elegante Laptoptasche aus grauem Leder<\/li>\n<li>Gepolstertes Laptopfach &#038; gro\u00dfes Hauptfach<\/li>\n<li>Praktische Front- &#038; Innenf\u00e4cher f\u00fcr Organisation<\/li>\n<li>Mit Tragegriff, Trolleyband &#038; Schultergurt<\/li>\n<\/ul>\n","protected":false},"featured_media":10741,"template":"","meta":{"inline_featured_image":false},"product_brand":[],"product_cat":[1653],"product_tag":[],"class_list":{"0":"post-27685","1":"product","2":"type-product","3":"status-publish","4":"has-post-thumbnail","6":"product_cat-pride-and-soul","8":"first","9":"instock","10":"shipping-taxable","11":"purchasable","12":"product-type-simple"},"_links":{"self":[{"href":"https:\/\/www.juescha.de\/de_de\/wp-json\/wp\/v2\/product\/27685","targetHints":{"allow":["GET"]}}],"collection":[{"href":"https:\/\/www.juescha.de\/de_de\/wp-json\/wp\/v2\/product"}],"about":[{"href":"https:\/\/www.juescha.de\/de_de\/wp-json\/wp\/v2\/types\/product"}],"version-history":[{"count":0,"href":"https:\/\/www.juescha.de\/de_de\/wp-json\/wp\/v2\/product\/27685\/revisions"}],"wp:featuredmedia":[{"embeddable":true,"href":"https:\/\/www.juescha.de\/de_de\/wp-json\/wp\/v2\/media\/10741"}],"wp:attachment":[{"href":"https:\/\/www.juescha.de\/de_de\/wp-json\/wp\/v2\/media?parent=27685"}],"wp:term":[{"taxonomy":"product_brand","embeddable":true,"href":"https:\/\/www.juescha.de\/de_de\/wp-json\/wp\/v2\/product_brand?post=27685"},{"taxonomy":"product_cat","embeddable":true,"href":"https:\/\/www.juescha.de\/de_de\/wp-json\/wp\/v2\/product_cat?post=27685"},{"taxonomy":"product_tag","embeddable":true,"href":"https:\/\/www.juescha.de\/de_de\/wp-json\/wp\/v2\/product_tag?post=27685"}],"curies":[{"name":"wp","href":"https:\/\/api.w.org\/{rel}","templated":true}]}}