{"id":27684,"date":"2025-04-28T19:53:44","date_gmt":"2025-04-28T17:53:44","guid":{"rendered":"https:\/\/www.juescha.de\/shop\/unkategorisiert\/umhaengetasche-port\/"},"modified":"2026-01-21T08:48:33","modified_gmt":"2026-01-21T07:48:33","slug":"umhaengetasche-port","status":"publish","type":"product","link":"https:\/\/www.juescha.de\/de_de\/shop\/pride-and-soul\/umhaengetasche-port\/","title":{"rendered":"Umh\u00e4ngetasche PORT"},"content":{"rendered":"<h1>Umh\u00e4ngetasche PORT<\/h1>\n<p>Verstellbarer Schultertrageriemen, Rei\u00dfverschluss im R\u00fccken,  Rei\u00dfverschlussfach und Einsteckfach vorne, Hauptfach mit Rei\u00dfverschlussfach, Handyfach und zwei Stifteschlaufen<br \/>\nDie Umh\u00e4ngetasche &#8220;Port&#8221; von Pride and Soul ist eine stilvolle und praktische Tasche, die aus hochwertigem Leder gefertigt wurde. Sie ist in der Farbe Schwarz erh\u00e4ltlich und hat eine Gr\u00f6\u00dfe von ca. 18 x 25 x 6 cm.<br \/>\nDie Tasche verf\u00fcgt \u00fcber eine Haupttasche mit einem Rei\u00dfverschluss sowie einer Vordertasche ebenfalls mit einem Rei\u00dfverschluss. Innen befinden sich mehrere F\u00e4cher, darunter ein Handyfach und zwei Stiftschlaufen.Die Umh\u00e4ngetasche verf\u00fcgt \u00fcber einen verstellbaren Schultergurt, der sich bequem an verschiedene K\u00f6rpergr\u00f6\u00dfen anpassen l\u00e4sst.<br \/>\nInsgesamt ist die Umh\u00e4ngetasche &#8220;Port&#8221; von Pride and Soul eine stilvolle und praktische Tasche, die sich ideal f\u00fcr den t\u00e4glichen Gebrauch eignet. Dank ihrer hochwertigen Verarbeitung und des zeitlosen Designs ist sie ein echter Hingucker und kann zu vielen verschiedenen Outfits kombiniert werden.<\/p>\n","protected":false},"excerpt":{"rendered":"<ul>\n<li>Kompakte Ledertasche (18 \u00d7 25 \u00d7 6 cm)<\/li>\n<li>Hauptfach mit Handyfach &#038; Stiftschlaufen<\/li>\n<li>Rei\u00dfverschlussf\u00e4cher vorne &#038; hinten<\/li>\n<li>Verstellbarer Schultergurt<\/li>\n<\/ul>\n","protected":false},"featured_media":10737,"template":"","meta":{"inline_featured_image":false},"product_brand":[],"product_cat":[1653],"product_tag":[],"class_list":{"0":"post-27684","1":"product","2":"type-product","3":"status-publish","4":"has-post-thumbnail","6":"product_cat-pride-and-soul","8":"first","9":"instock","10":"shipping-taxable","11":"purchasable","12":"product-type-simple"},"_links":{"self":[{"href":"https:\/\/www.juescha.de\/de_de\/wp-json\/wp\/v2\/product\/27684","targetHints":{"allow":["GET"]}}],"collection":[{"href":"https:\/\/www.juescha.de\/de_de\/wp-json\/wp\/v2\/product"}],"about":[{"href":"https:\/\/www.juescha.de\/de_de\/wp-json\/wp\/v2\/types\/product"}],"version-history":[{"count":0,"href":"https:\/\/www.juescha.de\/de_de\/wp-json\/wp\/v2\/product\/27684\/revisions"}],"wp:featuredmedia":[{"embeddable":true,"href":"https:\/\/www.juescha.de\/de_de\/wp-json\/wp\/v2\/media\/10737"}],"wp:attachment":[{"href":"https:\/\/www.juescha.de\/de_de\/wp-json\/wp\/v2\/media?parent=27684"}],"wp:term":[{"taxonomy":"product_brand","embeddable":true,"href":"https:\/\/www.juescha.de\/de_de\/wp-json\/wp\/v2\/product_brand?post=27684"},{"taxonomy":"product_cat","embeddable":true,"href":"https:\/\/www.juescha.de\/de_de\/wp-json\/wp\/v2\/product_cat?post=27684"},{"taxonomy":"product_tag","embeddable":true,"href":"https:\/\/www.juescha.de\/de_de\/wp-json\/wp\/v2\/product_tag?post=27684"}],"curies":[{"name":"wp","href":"https:\/\/api.w.org\/{rel}","templated":true}]}}