{"id":27683,"date":"2025-04-28T19:53:44","date_gmt":"2025-04-28T17:53:44","guid":{"rendered":"https:\/\/www.juescha.de\/shop\/unkategorisiert\/guerteltasche-huefttasche-street\/"},"modified":"2026-01-21T08:48:33","modified_gmt":"2026-01-21T07:48:33","slug":"guerteltasche-huefttasche-street","status":"publish","type":"product","link":"https:\/\/www.juescha.de\/de_de\/shop\/pride-and-soul\/guerteltasche-huefttasche-street\/","title":{"rendered":"G\u00fcrteltasche\/H\u00fcfttasche STREET"},"content":{"rendered":"<h1>G\u00fcrteltasche\/H\u00fcfttasche STREET<\/h1>\n<p>Verstellbarer Gurt, zwei Rei\u00dfverschlussf\u00e4cher, Gro\u00dfes Innenhauptfach mit zus\u00e4tzlichem Rei\u00dfverschlussfach,Rei\u00dfverschlussfach vorne<br \/>\nDie G\u00fcrteltasche &#8220;Street&#8221; von Pride and Soul ist eine elegante und praktische Tasche f\u00fcr den t\u00e4glichen Gebrauch. Sie ist in der Farbe Schwarz erh\u00e4ltlich und besteht aus hochwertigem Leder.<br \/>\nDie Tasche hat eine Gr\u00f6\u00dfe von 33 x 14 x 4 cm und verf\u00fcgt \u00fcber ein ger\u00e4umiges Hauptfach, das Platz f\u00fcr allt\u00e4gliche Dinge wie Handy, Geldb\u00f6rse und Schl\u00fcssel bietet. Das Hauptfach ist mit einem Rei\u00dfverschluss verschlie\u00dfbar, um den Inhalt der Tasche sicher zu halten. Dar\u00fcber hinaus gibt es eine kleine Tasche auf der Vorderseite, die ebenfalls mit einem Rei\u00dfverschluss versehen ist. Hier k\u00f6nnen kleine Gegenst\u00e4nde wie Lippenbalsam oder Taschent\u00fccher verstaut werden, um schnell griffbereit zu sein. Die Tasche wird mit einem verstellbaren Gurt geliefert, der es dem Tr\u00e4ger erm\u00f6glicht, sie bequem \u00fcber der Schulter oder um die Taille zu tragen.<\/p>\n","protected":false},"excerpt":{"rendered":"<ul>\n<li>Verstellbarer Gurt f\u00fcr H\u00fcfte oder Schulter<\/li>\n<li>Hauptfach + zwei Rei\u00dfverschlussf\u00e4cher<\/li>\n<li>Robustes Leder in Schwarz<\/li>\n<li>Kompakt und alltagstauglich<\/li>\n<\/ul>\n","protected":false},"featured_media":10734,"template":"","meta":{"inline_featured_image":false},"product_brand":[],"product_cat":[1653],"product_tag":[],"class_list":{"0":"post-27683","1":"product","2":"type-product","3":"status-publish","4":"has-post-thumbnail","6":"product_cat-pride-and-soul","8":"first","9":"instock","10":"shipping-taxable","11":"purchasable","12":"product-type-simple"},"_links":{"self":[{"href":"https:\/\/www.juescha.de\/de_de\/wp-json\/wp\/v2\/product\/27683","targetHints":{"allow":["GET"]}}],"collection":[{"href":"https:\/\/www.juescha.de\/de_de\/wp-json\/wp\/v2\/product"}],"about":[{"href":"https:\/\/www.juescha.de\/de_de\/wp-json\/wp\/v2\/types\/product"}],"version-history":[{"count":0,"href":"https:\/\/www.juescha.de\/de_de\/wp-json\/wp\/v2\/product\/27683\/revisions"}],"wp:featuredmedia":[{"embeddable":true,"href":"https:\/\/www.juescha.de\/de_de\/wp-json\/wp\/v2\/media\/10734"}],"wp:attachment":[{"href":"https:\/\/www.juescha.de\/de_de\/wp-json\/wp\/v2\/media?parent=27683"}],"wp:term":[{"taxonomy":"product_brand","embeddable":true,"href":"https:\/\/www.juescha.de\/de_de\/wp-json\/wp\/v2\/product_brand?post=27683"},{"taxonomy":"product_cat","embeddable":true,"href":"https:\/\/www.juescha.de\/de_de\/wp-json\/wp\/v2\/product_cat?post=27683"},{"taxonomy":"product_tag","embeddable":true,"href":"https:\/\/www.juescha.de\/de_de\/wp-json\/wp\/v2\/product_tag?post=27683"}],"curies":[{"name":"wp","href":"https:\/\/api.w.org\/{rel}","templated":true}]}}