{"id":27682,"date":"2025-04-28T19:53:43","date_gmt":"2025-04-28T17:53:43","guid":{"rendered":"https:\/\/www.juescha.de\/shop\/unkategorisiert\/schreib-tabletmappe-terra\/"},"modified":"2026-01-21T08:48:34","modified_gmt":"2026-01-21T07:48:34","slug":"schreib-tabletmappe-terra","status":"publish","type":"product","link":"https:\/\/www.juescha.de\/de_de\/shop\/pride-and-soul\/schreib-tabletmappe-terra\/","title":{"rendered":"Schreib- Tabletmappe TERRA\/"},"content":{"rendered":"<h1>Schreib- Tabletmappe TERRA\/ <\/h1>\n<p>Umlaufender Rei\u00dfverschluss, zwei Rei\u00dfverschlussf\u00e4cher auf der Vorderseite, gepolstertes Tabletfach, Universaltasche, zwei Stifteschlaufen, drei Kredit-\/Visitenkartenf\u00e4cher, Einsteckfach f\u00fcr Schreibblock, Einsteckfach f\u00fcr Collegeblock, A4 Block<br \/>\nDie Schreib- und Tabletmappe Terra in Schwarz von Pride and Soul ist ein stilvolles und funktionales Accessoire f\u00fcr den modernen Gesch\u00e4ftsmann oder die Gesch\u00e4ftsfrau. Die Mappe ist aus hochwertigem Leder gefertigt und hat eine edle, matte Optik. Die Mappe zeichnet sich dadurch aus, dass sie besonders strapazierf\u00e4hig und robust ist, was durch die Verwendung von Leder und einer stabilen Verarbeitung gew\u00e4hrleistet wird. Der Innenraum der Mappe ist mit einem gepolsterten Fach f\u00fcr ein Tablet oder Laptop ausgestattet, welches durch einen Rei\u00dfverschluss sicher verschlossen werden kann. Die Mappe bietet au\u00dferdem gen\u00fcgend Platz f\u00fcr weitere Schreibutensilien, Dokumente und Visitenkarten. Im Inneren befinden sich mehrere F\u00e4cher und Einsch\u00fcbe, um die Organisation zu erleichtern. <\/p>\n","protected":false},"excerpt":{"rendered":"<ul>\n<li>Gepolstertes Tabletfach &#038; A4-Schreibblock<\/li>\n<li>Umlaufender Rei\u00dfverschluss, zwei Au\u00dfenf\u00e4cher<\/li>\n<li>F\u00e4cher f\u00fcr Karten, Stifte &#038; Dokumente<\/li>\n<li>Elegantes Lederdesign \u2013 robust &#038; stilvoll<\/li>\n<\/ul>\n","protected":false},"featured_media":10731,"template":"","meta":{"inline_featured_image":false},"product_brand":[],"product_cat":[1653],"product_tag":[],"class_list":{"0":"post-27682","1":"product","2":"type-product","3":"status-publish","4":"has-post-thumbnail","6":"product_cat-pride-and-soul","8":"first","9":"instock","10":"shipping-taxable","11":"purchasable","12":"product-type-simple"},"_links":{"self":[{"href":"https:\/\/www.juescha.de\/de_de\/wp-json\/wp\/v2\/product\/27682","targetHints":{"allow":["GET"]}}],"collection":[{"href":"https:\/\/www.juescha.de\/de_de\/wp-json\/wp\/v2\/product"}],"about":[{"href":"https:\/\/www.juescha.de\/de_de\/wp-json\/wp\/v2\/types\/product"}],"version-history":[{"count":0,"href":"https:\/\/www.juescha.de\/de_de\/wp-json\/wp\/v2\/product\/27682\/revisions"}],"wp:featuredmedia":[{"embeddable":true,"href":"https:\/\/www.juescha.de\/de_de\/wp-json\/wp\/v2\/media\/10731"}],"wp:attachment":[{"href":"https:\/\/www.juescha.de\/de_de\/wp-json\/wp\/v2\/media?parent=27682"}],"wp:term":[{"taxonomy":"product_brand","embeddable":true,"href":"https:\/\/www.juescha.de\/de_de\/wp-json\/wp\/v2\/product_brand?post=27682"},{"taxonomy":"product_cat","embeddable":true,"href":"https:\/\/www.juescha.de\/de_de\/wp-json\/wp\/v2\/product_cat?post=27682"},{"taxonomy":"product_tag","embeddable":true,"href":"https:\/\/www.juescha.de\/de_de\/wp-json\/wp\/v2\/product_tag?post=27682"}],"curies":[{"name":"wp","href":"https:\/\/api.w.org\/{rel}","templated":true}]}}