{"id":27681,"date":"2025-04-28T19:53:43","date_gmt":"2025-04-28T17:53:43","guid":{"rendered":"https:\/\/www.juescha.de\/shop\/unkategorisiert\/umhaengetasche-urban\/"},"modified":"2026-01-21T08:48:34","modified_gmt":"2026-01-21T07:48:34","slug":"umhaengetasche-urban","status":"publish","type":"product","link":"https:\/\/www.juescha.de\/de_de\/shop\/pride-and-soul\/umhaengetasche-urban\/","title":{"rendered":"Umh\u00e4ngetasche URBAN"},"content":{"rendered":"<h1>Umh\u00e4ngetasche URBAN <\/h1>\n<p>Verstellbarer Schultertrageriemen, Rei\u00dfverschlussfach im R\u00fccken, Trolleyband, Klappe mit Magnetverschluss. Innen: Rei\u00dfverschlussfach unter der Klappe, Hauptfach mit gepolstertem Laptopfach, Handyfach und Rei\u00dfverschlussfach.<br \/>\nDie Umh\u00e4ngetasche Urban von Pride and Soul ist eine hochwertige und stilvolle Tasche, die aus strapazierf\u00e4higem Leder gefertigt ist und in der Farbe Schwarz erh\u00e4ltlich ist. Die Tasche verf\u00fcgt \u00fcber eine praktische Gr\u00f6\u00dfe und bietet ausreichend Platz f\u00fcr alle wichtigen Gegenst\u00e4nde, die man unterwegs ben\u00f6tigt. Die Tasche ist mit einem verstellbaren Schultergurt ausgestattet, der f\u00fcr einen bequemen Tragekomfort sorgt. Im Inneren wird ausreichend Platz f\u00fcr eine Geldb\u00f6rse, ein Handy, einen Schl\u00fcsselbund und andere wichtige Dinge geboten. Die Umh\u00e4ngetasche Urban verf\u00fcgt \u00fcber eine Vielzahl von F\u00e4chern und Taschen, in denen kleine Gegenst\u00e4nde aufbewahrt werden k\u00f6nnen. Die Tasche ist sehr gut verarbeitet und bietet eine hohe Qualit\u00e4t. Sie ist daher eine hervorragende Wahl f\u00fcr den t\u00e4glichen Gebrauch, ob f\u00fcr die Arbeit, die Schule oder f\u00fcr Freizeitaktivit\u00e4ten.<\/p>\n","protected":false},"excerpt":{"rendered":"<ul>\n<li>Hauptfach mit gepolstertem Laptopfach<\/li>\n<li>Magnetklappe, Rei\u00dfverschlussf\u00e4cher &#038; Handyfach<\/li>\n<li>Verstellbarer Schultergurt, Trolleyband<\/li>\n<li>Robustes Leder, ideal f\u00fcr Arbeit &#038; Alltag<\/li>\n<\/ul>\n","protected":false},"featured_media":10729,"template":"","meta":{"inline_featured_image":false},"product_brand":[],"product_cat":[1653],"product_tag":[],"class_list":{"0":"post-27681","1":"product","2":"type-product","3":"status-publish","4":"has-post-thumbnail","6":"product_cat-pride-and-soul","8":"first","9":"instock","10":"shipping-taxable","11":"purchasable","12":"product-type-simple"},"_links":{"self":[{"href":"https:\/\/www.juescha.de\/de_de\/wp-json\/wp\/v2\/product\/27681","targetHints":{"allow":["GET"]}}],"collection":[{"href":"https:\/\/www.juescha.de\/de_de\/wp-json\/wp\/v2\/product"}],"about":[{"href":"https:\/\/www.juescha.de\/de_de\/wp-json\/wp\/v2\/types\/product"}],"version-history":[{"count":0,"href":"https:\/\/www.juescha.de\/de_de\/wp-json\/wp\/v2\/product\/27681\/revisions"}],"wp:featuredmedia":[{"embeddable":true,"href":"https:\/\/www.juescha.de\/de_de\/wp-json\/wp\/v2\/media\/10729"}],"wp:attachment":[{"href":"https:\/\/www.juescha.de\/de_de\/wp-json\/wp\/v2\/media?parent=27681"}],"wp:term":[{"taxonomy":"product_brand","embeddable":true,"href":"https:\/\/www.juescha.de\/de_de\/wp-json\/wp\/v2\/product_brand?post=27681"},{"taxonomy":"product_cat","embeddable":true,"href":"https:\/\/www.juescha.de\/de_de\/wp-json\/wp\/v2\/product_cat?post=27681"},{"taxonomy":"product_tag","embeddable":true,"href":"https:\/\/www.juescha.de\/de_de\/wp-json\/wp\/v2\/product_tag?post=27681"}],"curies":[{"name":"wp","href":"https:\/\/api.w.org\/{rel}","templated":true}]}}