{"id":27679,"date":"2025-04-28T19:53:42","date_gmt":"2025-04-28T17:53:42","guid":{"rendered":"https:\/\/www.juescha.de\/shop\/unkategorisiert\/businesstasche-nomad\/"},"modified":"2026-01-21T08:48:34","modified_gmt":"2026-01-21T07:48:34","slug":"businesstasche-nomad","status":"publish","type":"product","link":"https:\/\/www.juescha.de\/de_de\/shop\/pride-and-soul\/businesstasche-nomad\/","title":{"rendered":"Businesstasche NOMAD"},"content":{"rendered":"<h1>Businesstasche NOMAD <\/h1>\n<p>Verstellbarer und abnehmbarer Schultergurt, zwei Tragegriffe, Rei\u00dfverschlussfach auf der Vorder- und der R\u00fcckseite, Trolleyband. Innen: Hauptfach mit gepolstertem Laptopfach, weiteres Hauptfach mit Handyfach und Rei\u00dfverschlussfach.<br \/>\nDie Nomad Business-Tasche von Pride and Soul ist eine elegante und funktionale Tasche f\u00fcr den modernen Gesch\u00e4ftsmann oder die Gesch\u00e4ftsfrau. Sie ist in der Farbe Schwarz erh\u00e4ltlich und besteht aus hochwertigem Leder, das f\u00fcr eine lange Haltbarkeit und eine ansprechende Optik sorgt.<br \/>\nDie Tasche hat eine Gr\u00f6\u00dfe von 30 x 42 x 13 cm und bietet gen\u00fcgend Platz f\u00fcr alle wichtigen Dinge, die man im B\u00fcro oder auf Reisen ben\u00f6tigt. Im Inneren der Tasche gibt es ein gro\u00dfes Hauptfach, das mit einem Rei\u00dfverschluss geschlossen werden kann, sowie mehrere kleinere F\u00e4cher f\u00fcr Dokumente, Stifte und andere Kleinigkeiten.<br \/>\nEine weitere kleine Tasche auf der R\u00fcckseite der Tasche kann genutzt werden, um schnell zug\u00e4ngliche Dinge wie zum Beispiel das Handy oder den Reisepass zu verstauen.Die Tasche verf\u00fcgt \u00fcber einen verstellbaren, abnehmbaren Schultergurt, der es dem Tr\u00e4ger erm\u00f6glicht, die Tasche bequem \u00fcber der Schulter zu tragen. Alternativ kann die Tasche auch an den beiden Tragegriffen bequem in der Hand getragen werden.<br \/>\nSie ist eine praktische und stylische Wahl f\u00fcr den t\u00e4glichen Gebrauch im B\u00fcro oder auf Reisen.<\/p>\n","protected":false},"excerpt":{"rendered":"<ul>\n<li>2 Hauptf\u00e4cher, Laptop- &#038; Handyfach<\/li>\n<li>Vorder- &#038; R\u00fcckfach mit Rei\u00dfverschluss<\/li>\n<li>Tragegriffe, abnehmbarer Schultergurt, Trolleyband<\/li>\n<li>Ma\u00dfe: 30 x 42 x 13 cm<\/li>\n<\/ul>\n","protected":false},"featured_media":10718,"template":"","meta":{"inline_featured_image":false},"product_brand":[],"product_cat":[1653],"product_tag":[],"class_list":{"0":"post-27679","1":"product","2":"type-product","3":"status-publish","4":"has-post-thumbnail","6":"product_cat-pride-and-soul","8":"first","9":"instock","10":"purchasable","11":"product-type-simple"},"_links":{"self":[{"href":"https:\/\/www.juescha.de\/de_de\/wp-json\/wp\/v2\/product\/27679","targetHints":{"allow":["GET"]}}],"collection":[{"href":"https:\/\/www.juescha.de\/de_de\/wp-json\/wp\/v2\/product"}],"about":[{"href":"https:\/\/www.juescha.de\/de_de\/wp-json\/wp\/v2\/types\/product"}],"version-history":[{"count":0,"href":"https:\/\/www.juescha.de\/de_de\/wp-json\/wp\/v2\/product\/27679\/revisions"}],"wp:featuredmedia":[{"embeddable":true,"href":"https:\/\/www.juescha.de\/de_de\/wp-json\/wp\/v2\/media\/10718"}],"wp:attachment":[{"href":"https:\/\/www.juescha.de\/de_de\/wp-json\/wp\/v2\/media?parent=27679"}],"wp:term":[{"taxonomy":"product_brand","embeddable":true,"href":"https:\/\/www.juescha.de\/de_de\/wp-json\/wp\/v2\/product_brand?post=27679"},{"taxonomy":"product_cat","embeddable":true,"href":"https:\/\/www.juescha.de\/de_de\/wp-json\/wp\/v2\/product_cat?post=27679"},{"taxonomy":"product_tag","embeddable":true,"href":"https:\/\/www.juescha.de\/de_de\/wp-json\/wp\/v2\/product_tag?post=27679"}],"curies":[{"name":"wp","href":"https:\/\/api.w.org\/{rel}","templated":true}]}}