{"id":27677,"date":"2025-04-28T19:53:42","date_gmt":"2025-04-28T17:53:42","guid":{"rendered":"https:\/\/www.juescha.de\/shop\/unkategorisiert\/geldboerse-magic\/"},"modified":"2026-01-21T08:48:37","modified_gmt":"2026-01-21T07:48:37","slug":"geldboerse-magic","status":"publish","type":"product","link":"https:\/\/www.juescha.de\/de_de\/shop\/pride-and-soul\/geldboerse-magic\/","title":{"rendered":"Geldb\u00f6rse MAGIC"},"content":{"rendered":"<h1>Geldb\u00f6rse MAGIC <\/h1>\n<p>Hochformat, 8 Kreditkartenf\u00e4cher,Netzfach f\u00fcr Ausweise, 1 Rei\u00dfverschlussfach , 2 Einschubf\u00e4cher, 2 Scheinf\u00e4cher , M\u00fcnzfach , Verschlusslasche mit Druckknopf<br \/>\nDie Geldb\u00f6rse Magic von Pride and Soul ist eine hochwertige Leder-Geldb\u00f6rse, die in schwarz erh\u00e4ltlich ist.<br \/>\nDie Geldb\u00f6rse hat ein klassisches Design und ist aus robustem, echtem Leder gefertigt. Sie hat eine Gr\u00f6\u00dfe von 12 x 9,5 x 2 cm und bietet Platz f\u00fcr Geldscheine, M\u00fcnzen, Karten und Ausweise. Im Inneren der Geldb\u00f6rse gibt es acht Kartenf\u00e4cher, zwei Einschubf\u00e4cher, ein M\u00fcnzfach und zwei Geldscheinf\u00e4cher. Die F\u00e4cher sind \u00fcbersichtlich angeordnet und bieten ausreichend Platz f\u00fcr alle wichtigen Dinge des t\u00e4glichen Gebrauchs. Das Leder der Geldb\u00f6rse ist besonders strapazierf\u00e4hig und wird bei Gebrauch mit der Zeit immer weicher und sch\u00f6ner.<br \/>\nInsgesamt ist die Magic Geldb\u00f6rse von Pride and Soul eine hochwertige und stilvolle Wahl f\u00fcr alle, die eine langlebige Geldb\u00f6rse suchen, die Platz f\u00fcr alles bietet, was man braucht.<\/p>\n","protected":false},"excerpt":{"rendered":"<ul>\n<li>8 Kreditkartenf\u00e4cher, Netzfach &#038; 2 Einschubf\u00e4cher<\/li>\n<li>M\u00fcnzfach, 2 Scheinf\u00e4cher, Rei\u00dfverschlussfach<\/li>\n<li>Echtleder in klassischem Schwarz<\/li>\n<li>Ma\u00dfe: 12 x 9,5 x 2 cm<\/li>\n<\/ul>\n","protected":false},"featured_media":10712,"template":"","meta":{"inline_featured_image":false},"product_brand":[],"product_cat":[1653],"product_tag":[],"class_list":{"0":"post-27677","1":"product","2":"type-product","3":"status-publish","4":"has-post-thumbnail","6":"product_cat-pride-and-soul","8":"first","9":"instock","10":"purchasable","11":"product-type-simple"},"_links":{"self":[{"href":"https:\/\/www.juescha.de\/de_de\/wp-json\/wp\/v2\/product\/27677","targetHints":{"allow":["GET"]}}],"collection":[{"href":"https:\/\/www.juescha.de\/de_de\/wp-json\/wp\/v2\/product"}],"about":[{"href":"https:\/\/www.juescha.de\/de_de\/wp-json\/wp\/v2\/types\/product"}],"version-history":[{"count":0,"href":"https:\/\/www.juescha.de\/de_de\/wp-json\/wp\/v2\/product\/27677\/revisions"}],"wp:featuredmedia":[{"embeddable":true,"href":"https:\/\/www.juescha.de\/de_de\/wp-json\/wp\/v2\/media\/10712"}],"wp:attachment":[{"href":"https:\/\/www.juescha.de\/de_de\/wp-json\/wp\/v2\/media?parent=27677"}],"wp:term":[{"taxonomy":"product_brand","embeddable":true,"href":"https:\/\/www.juescha.de\/de_de\/wp-json\/wp\/v2\/product_brand?post=27677"},{"taxonomy":"product_cat","embeddable":true,"href":"https:\/\/www.juescha.de\/de_de\/wp-json\/wp\/v2\/product_cat?post=27677"},{"taxonomy":"product_tag","embeddable":true,"href":"https:\/\/www.juescha.de\/de_de\/wp-json\/wp\/v2\/product_tag?post=27677"}],"curies":[{"name":"wp","href":"https:\/\/api.w.org\/{rel}","templated":true}]}}