{"id":27674,"date":"2025-04-28T19:53:41","date_gmt":"2025-04-28T17:53:41","guid":{"rendered":"https:\/\/www.juescha.de\/shop\/unkategorisiert\/umhaengetasche-baggie-bag-l\/"},"modified":"2026-01-21T08:48:34","modified_gmt":"2026-01-21T07:48:34","slug":"umhaengetasche-baggie-bag-l","status":"publish","type":"product","link":"https:\/\/www.juescha.de\/de_de\/shop\/pride-and-soul\/umhaengetasche-baggie-bag-l\/","title":{"rendered":"Umh\u00e4ngetasche BAGGIE BAG L"},"content":{"rendered":"<h1>Umh\u00e4ngetasche BAGGIE BAG L <\/h1>\n<p>Verstellbarer Schultertrageriemen, Tragegriff, \u00dcberschlag mit Steckverschl\u00fcssen, Rei\u00dfverschluss, zwei Fronttaschen unter dem \u00dcberschlag und ein Rei\u00dfverschlussfach auf der R\u00fcckseite. Innen: Gro\u00dfes Hauptfach, gepolstertes Laptopfach, Handyfach und Organisationsfach, Rei\u00dfverschlussfach und zwei Stiftschlaufen. Innenfutter mit Karomuster.<br \/>\nDie Umh\u00e4ngetasche Baggie Bag L in schwarz von Pride and Soul ist eine stilvolle und praktische Tasche, die aus hochwertigem Leder gefertigt ist. Die Tasche hat eine Gr\u00f6\u00dfe von 30 x 37 x 10 cm und bietet genug Platz f\u00fcr alle wichtigen Dinge des t\u00e4glichen Bedarfs. Das Design der Tasche ist schlicht und modern, mit einer cleanen Optik und wenigen Verzierungen. Die schwarze Farbe des Leders verleiht der Tasche eine elegante Note und l\u00e4sst sich gut mit verschiedenen Outfits kombinieren.<br \/>\nDie Tasche verf\u00fcgt \u00fcber ein ger\u00e4umiges Hauptfach, das mit einem Rei\u00dfverschluss verschlossen werden kann. Im Inneren der Tasche gibt es ein gepolstertes Fach f\u00fcr Laptops sowie mehrere kleine Taschen f\u00fcr Handy, Geldb\u00f6rse und andere Utensilien.Auf der R\u00fcckseite der Tasche befindet sich eine zus\u00e4tzliche Rei\u00dfverschlusstasche, die sich gut f\u00fcr kleinere Gegenst\u00e4nde eignet, die schnell griffbereit sein m\u00fcssen. Die Tasche ist hochwertig verarbeitet und bietet genug Platz f\u00fcr alle notwendigen Dinge des t\u00e4glichen Bedarfs.<\/p>\n","protected":false},"excerpt":{"rendered":"<ul>\n<li>Ger\u00e4umiges Hauptfach mit Laptopfach<\/li>\n<li>Front- &#038; R\u00fccktaschen mit Rei\u00dfverschluss<\/li>\n<li>Verstellbarer Schulterriemen &#038; Griff<\/li>\n<li>Robustes Leder, 30 x 37 x 10 cm<\/li>\n<\/ul>\n","protected":false},"featured_media":10706,"template":"","meta":{"inline_featured_image":false},"product_brand":[],"product_cat":[1653],"product_tag":[],"class_list":{"0":"post-27674","1":"product","2":"type-product","3":"status-publish","4":"has-post-thumbnail","6":"product_cat-pride-and-soul","8":"first","9":"instock","10":"purchasable","11":"product-type-simple"},"_links":{"self":[{"href":"https:\/\/www.juescha.de\/de_de\/wp-json\/wp\/v2\/product\/27674","targetHints":{"allow":["GET"]}}],"collection":[{"href":"https:\/\/www.juescha.de\/de_de\/wp-json\/wp\/v2\/product"}],"about":[{"href":"https:\/\/www.juescha.de\/de_de\/wp-json\/wp\/v2\/types\/product"}],"version-history":[{"count":0,"href":"https:\/\/www.juescha.de\/de_de\/wp-json\/wp\/v2\/product\/27674\/revisions"}],"wp:featuredmedia":[{"embeddable":true,"href":"https:\/\/www.juescha.de\/de_de\/wp-json\/wp\/v2\/media\/10706"}],"wp:attachment":[{"href":"https:\/\/www.juescha.de\/de_de\/wp-json\/wp\/v2\/media?parent=27674"}],"wp:term":[{"taxonomy":"product_brand","embeddable":true,"href":"https:\/\/www.juescha.de\/de_de\/wp-json\/wp\/v2\/product_brand?post=27674"},{"taxonomy":"product_cat","embeddable":true,"href":"https:\/\/www.juescha.de\/de_de\/wp-json\/wp\/v2\/product_cat?post=27674"},{"taxonomy":"product_tag","embeddable":true,"href":"https:\/\/www.juescha.de\/de_de\/wp-json\/wp\/v2\/product_tag?post=27674"}],"curies":[{"name":"wp","href":"https:\/\/api.w.org\/{rel}","templated":true}]}}