{"id":27673,"date":"2025-04-28T19:53:41","date_gmt":"2025-04-28T17:53:41","guid":{"rendered":"https:\/\/www.juescha.de\/shop\/unkategorisiert\/lederpflegeset-3-teilig\/"},"modified":"2026-01-21T08:48:59","modified_gmt":"2026-01-21T07:48:59","slug":"lederpflegeset-3-teilig","status":"publish","type":"product","link":"https:\/\/www.juescha.de\/de_de\/shop\/pride-and-soul\/lederpflegeset-3-teilig\/","title":{"rendered":"Lederpflegeset 3-teilig"},"content":{"rendered":"<h1>Lederpflegeset 3-teilig <\/h1>\n<p>B\u00fcrste, Reinigungs-\/Poliertuch, Lederbalsam neutral<br \/>\nDas Lederpflegeset 3-teilig von Pride and Soul ist ein hochwertiges Set, das aus drei verschiedenen Produkten besteht, die speziell f\u00fcr die Pflege von Lederwaren entwickelt wurden. Das Set enth\u00e4lt eine B\u00fcrste, Reinigungstuch und Lederbalsam. Das Lederbalsam ist ideal f\u00fcr die Reinigung von stark verschmutztem oder verkrustetem Leder geeignet. Er entfernt Schmutz, \u00d6l und Flecken und stellt die nat\u00fcrliche Geschmeidigkeit des Leders wieder her. Das Lederpflegeset 3-teilig von Pride and Soul ist eine hervorragende Wahl f\u00fcr alle, die ihre Lederwaren in bestem Zustand halten m\u00f6chten. Es ist einfach zu verwenden und liefert hervorragende Ergebnisse. Das Set eignet sich f\u00fcr alle Arten von Lederwaren wie Taschen, Geldb\u00f6rsen, Jacken, G\u00fcrtel und vieles mehr.<\/p>\n","protected":false},"excerpt":{"rendered":"<ul>\n<li>3-teiliges Pflegeset f\u00fcr Leder<\/li>\n<li>Mit B\u00fcrste, Tuch &#038; neutralem Balsam<\/li>\n<li>Reinigt, pflegt und sch\u00fctzt<\/li>\n<li>F\u00fcr Taschen, B\u00f6rsen &#038; Accessoires<\/li>\n<\/ul>\n","protected":false},"featured_media":10703,"template":"","meta":{"inline_featured_image":false},"product_brand":[],"product_cat":[1653],"product_tag":[],"class_list":{"0":"post-27673","1":"product","2":"type-product","3":"status-publish","4":"has-post-thumbnail","6":"product_cat-pride-and-soul","8":"first","9":"instock","10":"purchasable","11":"product-type-simple"},"_links":{"self":[{"href":"https:\/\/www.juescha.de\/de_de\/wp-json\/wp\/v2\/product\/27673","targetHints":{"allow":["GET"]}}],"collection":[{"href":"https:\/\/www.juescha.de\/de_de\/wp-json\/wp\/v2\/product"}],"about":[{"href":"https:\/\/www.juescha.de\/de_de\/wp-json\/wp\/v2\/types\/product"}],"version-history":[{"count":0,"href":"https:\/\/www.juescha.de\/de_de\/wp-json\/wp\/v2\/product\/27673\/revisions"}],"wp:featuredmedia":[{"embeddable":true,"href":"https:\/\/www.juescha.de\/de_de\/wp-json\/wp\/v2\/media\/10703"}],"wp:attachment":[{"href":"https:\/\/www.juescha.de\/de_de\/wp-json\/wp\/v2\/media?parent=27673"}],"wp:term":[{"taxonomy":"product_brand","embeddable":true,"href":"https:\/\/www.juescha.de\/de_de\/wp-json\/wp\/v2\/product_brand?post=27673"},{"taxonomy":"product_cat","embeddable":true,"href":"https:\/\/www.juescha.de\/de_de\/wp-json\/wp\/v2\/product_cat?post=27673"},{"taxonomy":"product_tag","embeddable":true,"href":"https:\/\/www.juescha.de\/de_de\/wp-json\/wp\/v2\/product_tag?post=27673"}],"curies":[{"name":"wp","href":"https:\/\/api.w.org\/{rel}","templated":true}]}}