{"id":27672,"date":"2025-04-28T19:53:40","date_gmt":"2025-04-28T17:53:40","guid":{"rendered":"https:\/\/www.juescha.de\/shop\/unkategorisiert\/led-handtaschenlicht\/"},"modified":"2026-01-21T08:48:31","modified_gmt":"2026-01-21T07:48:31","slug":"led-handtaschenlicht","status":"publish","type":"product","link":"https:\/\/www.juescha.de\/de_de\/shop\/pride-and-soul\/led-handtaschenlicht\/","title":{"rendered":"LED Handtaschenlicht"},"content":{"rendered":"<h1>LED Handtaschenlicht <\/h1>\n<p>Automatisches Licht f\u00fcr Handtaschen (inkl. zwei Knopfzellen 3V 2032).<br \/>\nDas LED Handtaschenlicht in wei\u00df von Pride and Soul ist ein praktisches Accessoire f\u00fcr jede Handtasche oder Tasche.<br \/>\nDas Licht ist in der Form einer kleinen, wei\u00dfen Kugel gestaltet und hat eine Gr\u00f6\u00dfe von etwa 6,7 x 6,7 x 2,5 cm. Es verf\u00fcgt \u00fcber eine kleine LED-Leuchte, die ein helles und klares Licht abgibt, um den Inhalt der Tasche zu beleuchten.Das LED-Handtaschenlicht von Pride and Soul ist einfach zu bedienen.<br \/>\nDas Handtaschenlicht ist aus robustem Plastikf gefertigt und kann leicht an einer Tasche oder Handtasche befestigt werden. Es eignet sich auch perfekt als kleines Geschenk f\u00fcr Frauen, die gerne eine gut beleuchtete Handtasche haben m\u00f6chten. Insgesamt ist das LED Handtaschenlicht von Pride and Soul eine n\u00fctzliche und praktische Erg\u00e4nzung f\u00fcr jede Handtasche oder Tasche und sorgt daf\u00fcr, dass der Inhalt der Tasche bei Dunkelheit gut beleuchtet ist.<\/p>\n","protected":false},"excerpt":{"rendered":"<ul>\n<li>Automatisches LED-Licht f\u00fcr Handtaschen<\/li>\n<li>Kompakt &#038; leicht: 6,7 x 6,7 x 2,5 cm<\/li>\n<li>Inkl. Batterien<\/li>\n<li>Schneller Zugriff bei Dunkelheit<\/li>\n<\/ul>\n","protected":false},"featured_media":10701,"template":"","meta":{"inline_featured_image":false},"product_brand":[],"product_cat":[1653],"product_tag":[],"class_list":{"0":"post-27672","1":"product","2":"type-product","3":"status-publish","4":"has-post-thumbnail","6":"product_cat-pride-and-soul","8":"first","9":"instock","10":"purchasable","11":"product-type-simple"},"_links":{"self":[{"href":"https:\/\/www.juescha.de\/de_de\/wp-json\/wp\/v2\/product\/27672","targetHints":{"allow":["GET"]}}],"collection":[{"href":"https:\/\/www.juescha.de\/de_de\/wp-json\/wp\/v2\/product"}],"about":[{"href":"https:\/\/www.juescha.de\/de_de\/wp-json\/wp\/v2\/types\/product"}],"version-history":[{"count":0,"href":"https:\/\/www.juescha.de\/de_de\/wp-json\/wp\/v2\/product\/27672\/revisions"}],"wp:featuredmedia":[{"embeddable":true,"href":"https:\/\/www.juescha.de\/de_de\/wp-json\/wp\/v2\/media\/10701"}],"wp:attachment":[{"href":"https:\/\/www.juescha.de\/de_de\/wp-json\/wp\/v2\/media?parent=27672"}],"wp:term":[{"taxonomy":"product_brand","embeddable":true,"href":"https:\/\/www.juescha.de\/de_de\/wp-json\/wp\/v2\/product_brand?post=27672"},{"taxonomy":"product_cat","embeddable":true,"href":"https:\/\/www.juescha.de\/de_de\/wp-json\/wp\/v2\/product_cat?post=27672"},{"taxonomy":"product_tag","embeddable":true,"href":"https:\/\/www.juescha.de\/de_de\/wp-json\/wp\/v2\/product_tag?post=27672"}],"curies":[{"name":"wp","href":"https:\/\/api.w.org\/{rel}","templated":true}]}}