{"id":27669,"date":"2025-04-28T19:53:39","date_gmt":"2025-04-28T17:53:39","guid":{"rendered":"https:\/\/www.juescha.de\/shop\/unkategorisiert\/damentasche-holly\/"},"modified":"2026-01-21T08:48:32","modified_gmt":"2026-01-21T07:48:32","slug":"damentasche-holly","status":"publish","type":"product","link":"https:\/\/www.juescha.de\/de_de\/shop\/pride-and-soul\/damentasche-holly\/","title":{"rendered":"Damentasche HOLLY"},"content":{"rendered":"<h1>Damentasche HOLLY <\/h1>\n<p>Verstellbarer, abnehmbarer Schultertrageriemen, zwei Tragegriffe, Rei\u00dfverschluss, Fronttasche mit Rei\u00dfverschluss und Rei\u00dfverschlussfach auf der R\u00fcckseite. Innen: Gro\u00dfes unterteiltes Hauptfach, Handyfach, Rei\u00dfverschlussfach und zwei Stifteschlaufen. Innenfutter mit Karomuster.<br \/>\nDie Damentasche Holly in cognac von Pride and Soul ist eine stilvolle und hochwertige Handtasche und besteht aus einem strapazierf\u00e4higen, aber dennoch weichen Leder mit einem sch\u00f6nen cognacfarbenen Ton. Sie verf\u00fcgt \u00fcber eine ger\u00e4umige Haupttasche mit einem Rei\u00dfverschluss, der einen sicheren und einfachen Zugang zu den pers\u00f6nlichen Gegenst\u00e4nden erm\u00f6glicht. Im Inneren der Tasche gibt es auch mehrere kleine F\u00e4cher und Taschen f\u00fcr die Aufbewahrung von Gegenst\u00e4nden wie Geldb\u00f6rse, Handy und Schl\u00fcssel. Die Tasche ist zudem mit einem verstellbaren Schulterriemen ausgestattet, sodass sie entweder als Handtasche oder als Umh\u00e4ngetasche getragen werden kann. Die Qualit\u00e4t der Handtasche Holly ist sehr hochwertig und die Verarbeitung ist tadellos. Das Design der Tasche ist zeitlos und elegant, was sie zu einem perfekten Accessoire f\u00fcr verschiedene Outfits und Anl\u00e4sse macht. Insgesamt ist die Damentasche Holly in cognac von Pride and Soul eine ausgezeichnete Wahl f\u00fcr Frauen, die auf der Suche nach einer stilvollen, funktionalen und hochwertigen Handtasche sind.<\/p>\n","protected":false},"excerpt":{"rendered":"<ul>\n<li>Echtes Leder in edlem Cognac<\/li>\n<li>Gro\u00dfes Hauptfach mit praktischer Unterteilung<\/li>\n<li>Innen: Handyfach, RV-Fach, Stiftschlaufen<\/li>\n<li>Tragegriffe &#038; abnehmbarer Schulterriemen<\/li>\n<\/ul>\n","protected":false},"featured_media":10693,"template":"","meta":{"inline_featured_image":false},"product_brand":[],"product_cat":[1653],"product_tag":[],"class_list":{"0":"post-27669","1":"product","2":"type-product","3":"status-publish","4":"has-post-thumbnail","6":"product_cat-pride-and-soul","8":"first","9":"instock","10":"purchasable","11":"product-type-simple"},"_links":{"self":[{"href":"https:\/\/www.juescha.de\/de_de\/wp-json\/wp\/v2\/product\/27669","targetHints":{"allow":["GET"]}}],"collection":[{"href":"https:\/\/www.juescha.de\/de_de\/wp-json\/wp\/v2\/product"}],"about":[{"href":"https:\/\/www.juescha.de\/de_de\/wp-json\/wp\/v2\/types\/product"}],"version-history":[{"count":0,"href":"https:\/\/www.juescha.de\/de_de\/wp-json\/wp\/v2\/product\/27669\/revisions"}],"wp:featuredmedia":[{"embeddable":true,"href":"https:\/\/www.juescha.de\/de_de\/wp-json\/wp\/v2\/media\/10693"}],"wp:attachment":[{"href":"https:\/\/www.juescha.de\/de_de\/wp-json\/wp\/v2\/media?parent=27669"}],"wp:term":[{"taxonomy":"product_brand","embeddable":true,"href":"https:\/\/www.juescha.de\/de_de\/wp-json\/wp\/v2\/product_brand?post=27669"},{"taxonomy":"product_cat","embeddable":true,"href":"https:\/\/www.juescha.de\/de_de\/wp-json\/wp\/v2\/product_cat?post=27669"},{"taxonomy":"product_tag","embeddable":true,"href":"https:\/\/www.juescha.de\/de_de\/wp-json\/wp\/v2\/product_tag?post=27669"}],"curies":[{"name":"wp","href":"https:\/\/api.w.org\/{rel}","templated":true}]}}