{"id":27668,"date":"2025-04-28T19:53:39","date_gmt":"2025-04-28T17:53:39","guid":{"rendered":"https:\/\/www.juescha.de\/shop\/unkategorisiert\/umhaengetasche-lilly-little\/"},"modified":"2026-01-21T08:48:32","modified_gmt":"2026-01-21T07:48:32","slug":"umhaengetasche-lilly-little","status":"publish","type":"product","link":"https:\/\/www.juescha.de\/de_de\/shop\/pride-and-soul\/umhaengetasche-lilly-little\/","title":{"rendered":"Umh\u00e4ngetasche LILLY LITTLE"},"content":{"rendered":"<h1>Umh\u00e4ngetasche LILLY LITTLE<\/h1>\n<p>Verstellbarer Schultertrageriemen, Rei\u00dfverschluss, Rei\u00dfverschlussfach, Fronttaschen mit Magnetverschluss und ein Rei\u00dfverschlussfach auf der R\u00fcckseite. Innen: Gro\u00dfes Hauptfach, Handyfach, Rei\u00dfverschlussfach und zwei Stiftschlaufen. Innenfutter mit Karomuster.<br \/>\nDie Umh\u00e4ngetasche Lilly Little in cognac von Pride and Soul ist eine stilvolle und praktische Tasche f\u00fcr den t\u00e4glichen Gebrauch. Sie ist aus hochwertigem Leder gefertigt und verf\u00fcgt \u00fcber eine ger\u00e4umige Haupttasche sowie mehrere kleinere Taschen und F\u00e4cher. Die Tasche ist in einem warmen cognac-Farbton gehalten, der einen klassischen und zeitlosen Look verleiht. Die Lederoberfl\u00e4che hat eine nat\u00fcrliche Textur und ist leicht strukturiert, was der Tasche einen rustikalen Charme verleiht.<br \/>\nDie Tasche wird \u00fcber eine verstellbare Schultergurt getragen, der ebenfalls aus Leder gefertigt ist. Er ist robust und angenehm zu tragen und bietet eine gute Passform f\u00fcr unterschiedliche K\u00f6rpergr\u00f6\u00dfen. Ebenfalls verf\u00fcgt auch \u00fcber eine Innentasche mit Rei\u00dfverschluss und zwei Vordertaschen mit Magnetverschluss, um kleinere Gegenst\u00e4nde wie Schl\u00fcssel, Geldb\u00f6rse und Handy sicher aufzubewahren.<br \/>\nInsgesamt ist die Umh\u00e4ngetasche Lilly Little in cognac von Pride and Soul eine stilvolle und funktionale Tasche f\u00fcr den t\u00e4glichen Gebrauch. Sie ist gut verarbeitet, bietet ausreichend Platz f\u00fcr wichtige Dinge und verleiht jedem Outfit eine gewisse Eleganz.<\/p>\n","protected":false},"excerpt":{"rendered":"<ul>\n<li>Echtes Leder in Cognac<\/li>\n<li>Hauptfach &#038; Rei\u00dfverschlussfach innen<\/li>\n<li>Front- &#038; R\u00fccktasche, Magnetverschluss<\/li>\n<li>Verstellbarer Schulterriemen<\/li>\n<\/ul>\n","protected":false},"featured_media":10690,"template":"","meta":{"inline_featured_image":false},"product_brand":[],"product_cat":[1653],"product_tag":[],"class_list":{"0":"post-27668","1":"product","2":"type-product","3":"status-publish","4":"has-post-thumbnail","6":"product_cat-pride-and-soul","8":"first","9":"instock","10":"purchasable","11":"product-type-simple"},"_links":{"self":[{"href":"https:\/\/www.juescha.de\/de_de\/wp-json\/wp\/v2\/product\/27668","targetHints":{"allow":["GET"]}}],"collection":[{"href":"https:\/\/www.juescha.de\/de_de\/wp-json\/wp\/v2\/product"}],"about":[{"href":"https:\/\/www.juescha.de\/de_de\/wp-json\/wp\/v2\/types\/product"}],"version-history":[{"count":0,"href":"https:\/\/www.juescha.de\/de_de\/wp-json\/wp\/v2\/product\/27668\/revisions"}],"wp:featuredmedia":[{"embeddable":true,"href":"https:\/\/www.juescha.de\/de_de\/wp-json\/wp\/v2\/media\/10690"}],"wp:attachment":[{"href":"https:\/\/www.juescha.de\/de_de\/wp-json\/wp\/v2\/media?parent=27668"}],"wp:term":[{"taxonomy":"product_brand","embeddable":true,"href":"https:\/\/www.juescha.de\/de_de\/wp-json\/wp\/v2\/product_brand?post=27668"},{"taxonomy":"product_cat","embeddable":true,"href":"https:\/\/www.juescha.de\/de_de\/wp-json\/wp\/v2\/product_cat?post=27668"},{"taxonomy":"product_tag","embeddable":true,"href":"https:\/\/www.juescha.de\/de_de\/wp-json\/wp\/v2\/product_tag?post=27668"}],"curies":[{"name":"wp","href":"https:\/\/api.w.org\/{rel}","templated":true}]}}