{"id":27667,"date":"2025-04-28T19:53:38","date_gmt":"2025-04-28T17:53:38","guid":{"rendered":"https:\/\/www.juescha.de\/shop\/unkategorisiert\/damengeldboerse-lullabuy\/"},"modified":"2026-01-21T08:48:32","modified_gmt":"2026-01-21T07:48:32","slug":"damengeldboerse-lullabuy","status":"publish","type":"product","link":"https:\/\/www.juescha.de\/de_de\/shop\/pride-and-soul\/damengeldboerse-lullabuy\/","title":{"rendered":"Damengeldb\u00f6rse LULLABUY"},"content":{"rendered":"<h1>Damengeldb\u00f6rse LULLABUY <\/h1>\n<p>Hauptfach mit Magnetdruckknopf, gro\u00dfes M\u00fcnzfach mit Rei\u00dfverschluss, vierzehn Kreditkartenf\u00e4cher, drei gro\u00dfe Einsteckf\u00e4cher f\u00fcr Scheine etc., Rei\u00dfverschl\u00fcsse mit lederner Zuglasche, au\u00dfen Einsteckfach auf der R\u00fcckseite. Innenfutter mit Karomuster.<br \/>\nDie Damengeldb\u00f6rse Lullabuy in cognac von Pride and Soul ist ein stilvolles und praktisches Accessoire f\u00fcr den t\u00e4glichen Gebrauch. Sie besteht aus hochwertigem Leder und hat eine attraktive cognacfarbene Oberfl\u00e4che, die durch ihre glatte Textur und die feine Narbung des Leders ein ansprechendes Aussehen hat. Die Geldb\u00f6rse verf\u00fcgt \u00fcber mehrere F\u00e4cher und Schlitze, um Kreditkarten, Ausweise, Geldscheine und M\u00fcnzen sicher und organisiert aufzubewahren. Sie hat insgesamt vierzehn Kartenf\u00e4cher, ein Sichtfensterfach, drei gro\u00dfe F\u00e4cher f\u00fcr Geldscheine und ein separates M\u00fcnzfach mit Rei\u00dfverschluss.<br \/>\nDie Gr\u00f6\u00dfe der Geldb\u00f6rse ist mit einer Gr\u00f6\u00dfe von 10 x 18,5 x 2 cm kompakt genug, um in jeder Handtasche Platz zu finden, aber dennoch ger\u00e4umig genug, um alle wichtigen Dinge des t\u00e4glichen Bedarfs unterzubringen. Die Verarbeitung und die Qualit\u00e4t des Leders machen die Geldb\u00f6rse zu einem robusten und langlebigen Begleiter, der im Laufe der Zeit eine sch\u00f6ne Patina entwickelt.<\/p>\n","protected":false},"excerpt":{"rendered":"<ul>\n<li>14 Kartenf\u00e4cher, 3 gro\u00dfe Einsteckf\u00e4cher<\/li>\n<li>Gro\u00dfes M\u00fcnzfach mit Rei\u00dfverschluss<\/li>\n<li>Echtes cognacfarbenes Leder, kariertes Innenfutter<\/li>\n<li>Praktisches Au\u00dfenfach &#038; Magnetverschluss<\/li>\n<\/ul>\n","protected":false},"featured_media":10687,"template":"","meta":{"inline_featured_image":false},"product_brand":[],"product_cat":[1653],"product_tag":[],"class_list":{"0":"post-27667","1":"product","2":"type-product","3":"status-publish","4":"has-post-thumbnail","6":"product_cat-pride-and-soul","8":"first","9":"instock","10":"purchasable","11":"product-type-simple"},"_links":{"self":[{"href":"https:\/\/www.juescha.de\/de_de\/wp-json\/wp\/v2\/product\/27667","targetHints":{"allow":["GET"]}}],"collection":[{"href":"https:\/\/www.juescha.de\/de_de\/wp-json\/wp\/v2\/product"}],"about":[{"href":"https:\/\/www.juescha.de\/de_de\/wp-json\/wp\/v2\/types\/product"}],"version-history":[{"count":0,"href":"https:\/\/www.juescha.de\/de_de\/wp-json\/wp\/v2\/product\/27667\/revisions"}],"wp:featuredmedia":[{"embeddable":true,"href":"https:\/\/www.juescha.de\/de_de\/wp-json\/wp\/v2\/media\/10687"}],"wp:attachment":[{"href":"https:\/\/www.juescha.de\/de_de\/wp-json\/wp\/v2\/media?parent=27667"}],"wp:term":[{"taxonomy":"product_brand","embeddable":true,"href":"https:\/\/www.juescha.de\/de_de\/wp-json\/wp\/v2\/product_brand?post=27667"},{"taxonomy":"product_cat","embeddable":true,"href":"https:\/\/www.juescha.de\/de_de\/wp-json\/wp\/v2\/product_cat?post=27667"},{"taxonomy":"product_tag","embeddable":true,"href":"https:\/\/www.juescha.de\/de_de\/wp-json\/wp\/v2\/product_tag?post=27667"}],"curies":[{"name":"wp","href":"https:\/\/api.w.org\/{rel}","templated":true}]}}