{"id":27666,"date":"2025-04-28T19:53:38","date_gmt":"2025-04-28T17:53:38","guid":{"rendered":"https:\/\/www.juescha.de\/shop\/unkategorisiert\/weekender-royal-t\/"},"modified":"2026-01-21T08:48:33","modified_gmt":"2026-01-21T07:48:33","slug":"weekender-royal-t","status":"publish","type":"product","link":"https:\/\/www.juescha.de\/de_de\/shop\/pride-and-soul\/weekender-royal-t\/","title":{"rendered":"Weekender ROYAL &#8220;T&#8221;"},"content":{"rendered":"<h1>Weekender ROYAL &#8220;T&#8221;<\/h1>\n<p>Verstellbarer, abnehmbarer Schultertrageriemen, zwei Tragegriffe, Rei\u00dfverschluss, gepolsterte Fronttasche mit Rei\u00dfverschluss f\u00fcr ein Tablet und ein Rei\u00dfverschlussfach auf der R\u00fcckseite. Innen: Gro\u00dfes Hauptfach, gepolstertes Laptopfach, Handyfach, Rei\u00dfverschlussfach und drei Stiftschlaufen. Innenfutter mit Karomuster.<br \/>\nDer Weekender Royal T in Cognac von Pride and Soul ist eine stilvolle und praktische Reisetasche, die aus hochwertigem Leder gefertigt ist. Die Tasche hat ein elegantes und klassisches Design und ist in einem warmen Cognac-Farbton gehalten.<br \/>\nDie Tasche hat eine Gr\u00f6\u00dfe von 35 x 46 x 24 cm und bietet ausreichend Platz f\u00fcr Kleidung, Schuhe und andere Reiseutensilien. Sie verf\u00fcgt \u00fcber ein gro\u00dfes Hauptfach mit einem Rei\u00dfverschluss.  Im Inneren der Tasche befindet sich ein kleines Rei\u00dfverschlussfach, in dem kleine Gegenst\u00e4nde sicher aufbewahrt werden k\u00f6nnen.Die Weekender Royal T verf\u00fcgt au\u00dferdem \u00fcber eine Fronttasche, in denen zus\u00e4tzliche Gegenst\u00e4nde verstaut werden k\u00f6nnen. Die Tasche kann entweder mit den Tragegriffen oder dem abnehmbaren und verstellbaren Schultergurt bequem getragen werden.Die Tasche ist aus hochwertigem, robustem Leder gefertigt, das f\u00fcr eine lange Lebensdauer sorgt. Das Innenfutter der Tasche ist aus strapazierf\u00e4higem Stoff gefertigt und sch\u00fctzt den Inhalt der Tasche vor Kratzern und Besch\u00e4digungen.<br \/>\nDie Weekender Royal T ist eine stilvolle und praktische Reisetasche, die ideal f\u00fcr Wochenendtrips, Kurzurlaube und Gesch\u00e4ftsreisen geeignet ist.<\/p>\n","protected":false},"excerpt":{"rendered":"<ul>\n<li>Echtes Leder in Cognac<\/li>\n<li>Gepolsterte F\u00e4cher f\u00fcr Laptop &#038; Tablet<\/li>\n<li>Ger\u00e4umiges Hauptfach &#038; RV-Taschen<\/li>\n<li>Mit Tragegriffen &#038; Schultergurt<\/li>\n<\/ul>\n","protected":false},"featured_media":10682,"template":"","meta":{"inline_featured_image":false},"product_brand":[],"product_cat":[1653],"product_tag":[],"class_list":{"0":"post-27666","1":"product","2":"type-product","3":"status-publish","4":"has-post-thumbnail","6":"product_cat-pride-and-soul","8":"first","9":"instock","10":"purchasable","11":"product-type-simple"},"_links":{"self":[{"href":"https:\/\/www.juescha.de\/de_de\/wp-json\/wp\/v2\/product\/27666","targetHints":{"allow":["GET"]}}],"collection":[{"href":"https:\/\/www.juescha.de\/de_de\/wp-json\/wp\/v2\/product"}],"about":[{"href":"https:\/\/www.juescha.de\/de_de\/wp-json\/wp\/v2\/types\/product"}],"version-history":[{"count":0,"href":"https:\/\/www.juescha.de\/de_de\/wp-json\/wp\/v2\/product\/27666\/revisions"}],"wp:featuredmedia":[{"embeddable":true,"href":"https:\/\/www.juescha.de\/de_de\/wp-json\/wp\/v2\/media\/10682"}],"wp:attachment":[{"href":"https:\/\/www.juescha.de\/de_de\/wp-json\/wp\/v2\/media?parent=27666"}],"wp:term":[{"taxonomy":"product_brand","embeddable":true,"href":"https:\/\/www.juescha.de\/de_de\/wp-json\/wp\/v2\/product_brand?post=27666"},{"taxonomy":"product_cat","embeddable":true,"href":"https:\/\/www.juescha.de\/de_de\/wp-json\/wp\/v2\/product_cat?post=27666"},{"taxonomy":"product_tag","embeddable":true,"href":"https:\/\/www.juescha.de\/de_de\/wp-json\/wp\/v2\/product_tag?post=27666"}],"curies":[{"name":"wp","href":"https:\/\/api.w.org\/{rel}","templated":true}]}}